{"id":8112,"date":"2025-03-08T04:01:17","date_gmt":"2025-03-08T04:01:17","guid":{"rendered":"https:\/\/jinhuaceramic.com\/?post_type=product&#038;p=8112"},"modified":"2025-03-10T02:27:31","modified_gmt":"2025-03-10T02:27:31","slug":"bespoke-tableware","status":"publish","type":"product","link":"https:\/\/jinhuaceramic.com\/es\/product\/bespoke-tableware\/","title":{"rendered":"Vajilla A Medida Azul De Alta Calidad, Vajilla Para 12 Vajilla Al Por Mayor"},"content":{"rendered":"<div class=\"wp-block-columns is-layout-flex wp-container-core-columns-is-layout-9d6595d7 wp-block-columns-is-layout-flex\">\n<div class=\"wp-block-column is-layout-flow wp-block-column-is-layout-flow\">\n<h3 class=\"wp-block-heading\">Vajilla a medida azul de primera calidad Caracter\u00edsticas:<\/h3>\n\n\n\n<ul class=\"wp-block-list\">\n<li><strong>Est\u00e9tica:<\/strong> Esta vajilla al por mayor es de un azul sereno y suave, con un acabado de grano fino en el exterior que le da un aspecto r\u00fastico hecho a mano. La vajilla tiene l\u00edneas doradas en los bordes, que le dan un aspecto de contraste con el azul principal, transmitiendo delicadeza y elegancia, apta para todo tipo de cenas formales o informales.<\/li>\n\n\n\n<li><strong>Durabilidad:<\/strong> Estas vajillas de cer\u00e1mica a medida de alta calidad son muy duraderas y resistentes al desgaste. Incluso despu\u00e9s de un uso prolongado, la vajilla nunca perder\u00e1 su brillo y textura originales y no se rayar\u00e1 ni decolorar\u00e1 f\u00e1cilmente.<\/li>\n\n\n\n<li><strong>Seguridad: <\/strong>Estas vajillas de cer\u00e1mica a medida no contienen sustancias qu\u00edmicas como el plomo, son ecol\u00f3gicas y no t\u00f3xicas, sanas y seguras de usar, y resistentes al calor, por lo que son ideales para servir cualquier tipo de comida caliente.<\/li>\n\n\n\n<li><strong>Practicidad:<\/strong> La vajilla al por mayor que encontrar\u00e1 aqu\u00ed incluye platos y cuencos de distintos tama\u00f1os para servir comidas variadas. Hay platos grandes perfectos para los entrantes, platos peque\u00f1os perfectos para los aperitivos, guarniciones y otras raciones peque\u00f1as, y cuencos perfectos para la sopa, los cereales, el arroz y mucho m\u00e1s.<\/li>\n<\/ul>\n<\/div>\n\n\n\n<div class=\"wp-block-column is-layout-flow wp-block-column-is-layout-flow\">\n<figure class=\"wp-block-image size-full\"><img fetchpriority=\"high\" decoding=\"async\" width=\"2000\" height=\"2000\" src=\"https:\/\/jinhuaceramic.com\/wp-content\/uploads\/2025\/03\/High-Quality-Blue-Custom-Tableware-Dinner-Service-For-12-Dinnerware-Set-3.webp\" alt=\"vajilla-de-alta-calidad-azul-a-la-medida-vajilla-de-12-vajillas-al-mayor-2\" class=\"wp-image-8114\" srcset=\"https:\/\/jinhuaceramic.com\/wp-content\/uploads\/2025\/03\/High-Quality-Blue-Custom-Tableware-Dinner-Service-For-12-Dinnerware-Set-3.webp 2000w, https:\/\/jinhuaceramic.com\/wp-content\/uploads\/2025\/03\/High-Quality-Blue-Custom-Tableware-Dinner-Service-For-12-Dinnerware-Set-3-300x300.webp 300w, https:\/\/jinhuaceramic.com\/wp-content\/uploads\/2025\/03\/High-Quality-Blue-Custom-Tableware-Dinner-Service-For-12-Dinnerware-Set-3-150x150.webp 150w, https:\/\/jinhuaceramic.com\/wp-content\/uploads\/2025\/03\/High-Quality-Blue-Custom-Tableware-Dinner-Service-For-12-Dinnerware-Set-3-768x768.webp 768w, https:\/\/jinhuaceramic.com\/wp-content\/uploads\/2025\/03\/High-Quality-Blue-Custom-Tableware-Dinner-Service-For-12-Dinnerware-Set-3-12x12.webp 12w, https:\/\/jinhuaceramic.com\/wp-content\/uploads\/2025\/03\/High-Quality-Blue-Custom-Tableware-Dinner-Service-For-12-Dinnerware-Set-3-285x285.webp 285w, https:\/\/jinhuaceramic.com\/wp-content\/uploads\/2025\/03\/High-Quality-Blue-Custom-Tableware-Dinner-Service-For-12-Dinnerware-Set-3-1600x1600.webp 1600w, https:\/\/jinhuaceramic.com\/wp-content\/uploads\/2025\/03\/High-Quality-Blue-Custom-Tableware-Dinner-Service-For-12-Dinnerware-Set-3-270x270.webp 270w, https:\/\/jinhuaceramic.com\/wp-content\/uploads\/2025\/03\/High-Quality-Blue-Custom-Tableware-Dinner-Service-For-12-Dinnerware-Set-3-540x540.webp 540w, https:\/\/jinhuaceramic.com\/wp-content\/uploads\/2025\/03\/High-Quality-Blue-Custom-Tableware-Dinner-Service-For-12-Dinnerware-Set-3-660x660.webp 660w\" sizes=\"(max-width: 2000px) 100vw, 2000px\" \/><\/figure>\n<\/div>\n<\/div>","protected":false},"excerpt":{"rendered":"<p>Bienvenido a comprar nuestra vajilla a medida. Estas vajillas de cer\u00e1mica al por mayor no s\u00f3lo son hermosas, duraderas, seguras, saludables y vers\u00e1tiles, sino tambi\u00e9n est\u00e9ticamente agradables y funcionales, y se pueden combinar con varios estilos de mesa, a\u00f1adiendo color a la mesa y mejorando el placer de comer.<\/p>","protected":false},"featured_media":8115,"comment_status":"closed","ping_status":"closed","template":"","meta":{"_acf_changed":false},"product_brand":[],"product_cat":[83,54],"product_tag":[],"class_list":{"0":"post-8112","1":"product","2":"type-product","3":"status-publish","4":"has-post-thumbnail","6":"product_cat-wholesale-dinnerware-sets","7":"product_cat-tableware-wholesale","9":"first","10":"instock","11":"shipping-taxable","12":"product-type-simple"},"acf":[],"_links":{"self":[{"href":"https:\/\/jinhuaceramic.com\/es\/wp-json\/wp\/v2\/product\/8112","targetHints":{"allow":["GET"]}}],"collection":[{"href":"https:\/\/jinhuaceramic.com\/es\/wp-json\/wp\/v2\/product"}],"about":[{"href":"https:\/\/jinhuaceramic.com\/es\/wp-json\/wp\/v2\/types\/product"}],"replies":[{"embeddable":true,"href":"https:\/\/jinhuaceramic.com\/es\/wp-json\/wp\/v2\/comments?post=8112"}],"version-history":[{"count":0,"href":"https:\/\/jinhuaceramic.com\/es\/wp-json\/wp\/v2\/product\/8112\/revisions"}],"wp:featuredmedia":[{"embeddable":true,"href":"https:\/\/jinhuaceramic.com\/es\/wp-json\/wp\/v2\/media\/8115"}],"wp:attachment":[{"href":"https:\/\/jinhuaceramic.com\/es\/wp-json\/wp\/v2\/media?parent=8112"}],"wp:term":[{"taxonomy":"product_brand","embeddable":true,"href":"https:\/\/jinhuaceramic.com\/es\/wp-json\/wp\/v2\/product_brand?post=8112"},{"taxonomy":"product_cat","embeddable":true,"href":"https:\/\/jinhuaceramic.com\/es\/wp-json\/wp\/v2\/product_cat?post=8112"},{"taxonomy":"product_tag","embeddable":true,"href":"https:\/\/jinhuaceramic.com\/es\/wp-json\/wp\/v2\/product_tag?post=8112"}],"curies":[{"name":"wp","href":"https:\/\/api.w.org\/{rel}","templated":true}]}}