{"id":8147,"date":"2025-03-11T02:26:24","date_gmt":"2025-03-11T02:26:24","guid":{"rendered":"https:\/\/jinhuaceramic.com\/?post_type=product&#038;p=8147"},"modified":"2025-03-11T02:26:25","modified_gmt":"2025-03-11T02:26:25","slug":"ceramic-dinnerware-wholesale","status":"publish","type":"product","link":"https:\/\/jinhuaceramic.com\/es\/product\/ceramic-dinnerware-wholesale\/","title":{"rendered":"Vajilla de Cer\u00e1mica en Dos Tonos al por Mayor, Platos de Cer\u00e1mica a Granel Personalizados"},"content":{"rendered":"<div class=\"wp-block-columns is-layout-flex wp-container-core-columns-is-layout-9d6595d7 wp-block-columns-is-layout-flex\">\n<div class=\"wp-block-column is-layout-flow wp-block-column-is-layout-flow\">\n<h3 class=\"wp-block-heading\">Premium Dos Tonos Vajilla de Cer\u00e1mica al por mayor Caracter\u00edsticas:<\/h3>\n\n\n\n<ul class=\"wp-block-list\">\n<li><strong>Dise\u00f1o bicolor: <\/strong>Esta vajilla de cer\u00e1mica al por mayor tiene dise\u00f1os \u00fanicos en dos tonos, con negro brillante en el interior y beige mate en el exterior, tambi\u00e9n con bordes marrones. Grueso pero hermoso, que podr\u00eda ser capaz de decorar la mesa de comedor y combinar con cualquier estilo de decoraci\u00f3n y comedor situaci\u00f3n.<\/li>\n\n\n\n<li><strong>Material cer\u00e1mico de alta calidad: <\/strong>Estos platos y cuencos de cer\u00e1mica personalizados de alta calidad son extremadamente resistentes en t\u00e9rminos de dureza y pueden absorber algunos impactos y fricciones sin da\u00f1arse f\u00e1cilmente. Esto hace que estas vajillas sean m\u00e1s resistentes cuando se utilizan y puedan mantenerse bellas e intactas durante d\u00e9cadas.<\/li>\n\n\n\n<li><strong>Versatilidad: <\/strong>Se trata de platos y cuencos de la vajilla de cer\u00e1mica al por mayor. Los platos grandes pueden contener platos principales, los platos peque\u00f1os pueden contener guarniciones o aperitivos, y los cuencos hondos pueden contener sopas, fideos, etc., para satisfacer diversas necesidades de servir alimentos.<\/li>\n\n\n\n<li><strong>F\u00e1cil de limpiar: <\/strong>Estos platos y cuencos de cer\u00e1mica personalizados son m\u00e1s f\u00e1ciles de limpiar y conservar que otras vajillas de cualquier otro material. Las manchas no aceitosas y aceitosas pueden limpiarse simplemente con un enjuague en agua dulce y las manchas aceitosas con jab\u00f3n suave.<\/li>\n<\/ul>\n<\/div>\n\n\n\n<div class=\"wp-block-column is-layout-flow wp-block-column-is-layout-flow\">\n<figure class=\"wp-block-image size-full\"><img fetchpriority=\"high\" decoding=\"async\" width=\"800\" height=\"800\" src=\"https:\/\/jinhuaceramic.com\/wp-content\/uploads\/2025\/03\/Two-Tone-Wholesale-Tableware-Set-Custom-Ceramic-Dinner-Plates-Bulk-6.webp\" alt=\"Vajilla de Cer\u00e1mica en Dos Tonos al por Mayor, Platos de Cer\u00e1mica a Medida Bulk-5\" class=\"wp-image-8152\" srcset=\"https:\/\/jinhuaceramic.com\/wp-content\/uploads\/2025\/03\/Two-Tone-Wholesale-Tableware-Set-Custom-Ceramic-Dinner-Plates-Bulk-6.webp 800w, https:\/\/jinhuaceramic.com\/wp-content\/uploads\/2025\/03\/Two-Tone-Wholesale-Tableware-Set-Custom-Ceramic-Dinner-Plates-Bulk-6-300x300.webp 300w, https:\/\/jinhuaceramic.com\/wp-content\/uploads\/2025\/03\/Two-Tone-Wholesale-Tableware-Set-Custom-Ceramic-Dinner-Plates-Bulk-6-150x150.webp 150w, https:\/\/jinhuaceramic.com\/wp-content\/uploads\/2025\/03\/Two-Tone-Wholesale-Tableware-Set-Custom-Ceramic-Dinner-Plates-Bulk-6-768x768.webp 768w, https:\/\/jinhuaceramic.com\/wp-content\/uploads\/2025\/03\/Two-Tone-Wholesale-Tableware-Set-Custom-Ceramic-Dinner-Plates-Bulk-6-12x12.webp 12w, https:\/\/jinhuaceramic.com\/wp-content\/uploads\/2025\/03\/Two-Tone-Wholesale-Tableware-Set-Custom-Ceramic-Dinner-Plates-Bulk-6-285x285.webp 285w, https:\/\/jinhuaceramic.com\/wp-content\/uploads\/2025\/03\/Two-Tone-Wholesale-Tableware-Set-Custom-Ceramic-Dinner-Plates-Bulk-6-270x270.webp 270w, https:\/\/jinhuaceramic.com\/wp-content\/uploads\/2025\/03\/Two-Tone-Wholesale-Tableware-Set-Custom-Ceramic-Dinner-Plates-Bulk-6-540x540.webp 540w, https:\/\/jinhuaceramic.com\/wp-content\/uploads\/2025\/03\/Two-Tone-Wholesale-Tableware-Set-Custom-Ceramic-Dinner-Plates-Bulk-6-660x660.webp 660w\" sizes=\"(max-width: 800px) 100vw, 800px\" \/><\/figure>\n<\/div>\n<\/div>","protected":false},"excerpt":{"rendered":"<p>Venga a comprar nuestra vajilla de cer\u00e1mica al por mayor. Estos platos y cuencos de cer\u00e1mica personalizados est\u00e1n exquisitamente dise\u00f1ados, con colores contrastantes negro y beige y bordes marrones; est\u00e1n hechos de materiales cer\u00e1micos naturales y son seguros para el consumo; los platos y cuencos se ajustan para satisfacer diversos requisitos, y son f\u00e1ciles de limpiar, convenientes y duraderos, y se pueden utilizar para el consumo personal y entretener a los invitados.<\/p>","protected":false},"featured_media":8148,"comment_status":"closed","ping_status":"closed","template":"","meta":{"_acf_changed":false},"product_brand":[],"product_cat":[83,54],"product_tag":[],"class_list":{"0":"post-8147","1":"product","2":"type-product","3":"status-publish","4":"has-post-thumbnail","6":"product_cat-wholesale-dinnerware-sets","7":"product_cat-tableware-wholesale","9":"first","10":"instock","11":"shipping-taxable","12":"product-type-simple"},"acf":[],"_links":{"self":[{"href":"https:\/\/jinhuaceramic.com\/es\/wp-json\/wp\/v2\/product\/8147","targetHints":{"allow":["GET"]}}],"collection":[{"href":"https:\/\/jinhuaceramic.com\/es\/wp-json\/wp\/v2\/product"}],"about":[{"href":"https:\/\/jinhuaceramic.com\/es\/wp-json\/wp\/v2\/types\/product"}],"replies":[{"embeddable":true,"href":"https:\/\/jinhuaceramic.com\/es\/wp-json\/wp\/v2\/comments?post=8147"}],"version-history":[{"count":0,"href":"https:\/\/jinhuaceramic.com\/es\/wp-json\/wp\/v2\/product\/8147\/revisions"}],"wp:featuredmedia":[{"embeddable":true,"href":"https:\/\/jinhuaceramic.com\/es\/wp-json\/wp\/v2\/media\/8148"}],"wp:attachment":[{"href":"https:\/\/jinhuaceramic.com\/es\/wp-json\/wp\/v2\/media?parent=8147"}],"wp:term":[{"taxonomy":"product_brand","embeddable":true,"href":"https:\/\/jinhuaceramic.com\/es\/wp-json\/wp\/v2\/product_brand?post=8147"},{"taxonomy":"product_cat","embeddable":true,"href":"https:\/\/jinhuaceramic.com\/es\/wp-json\/wp\/v2\/product_cat?post=8147"},{"taxonomy":"product_tag","embeddable":true,"href":"https:\/\/jinhuaceramic.com\/es\/wp-json\/wp\/v2\/product_tag?post=8147"}],"curies":[{"name":"wp","href":"https:\/\/api.w.org\/{rel}","templated":true}]}}