{"id":8185,"date":"2025-03-14T03:05:17","date_gmt":"2025-03-14T03:05:17","guid":{"rendered":"https:\/\/jinhuaceramic.com\/?post_type=product&#038;p=8185"},"modified":"2025-03-21T01:28:00","modified_gmt":"2025-03-21T01:28:00","slug":"custom-ceramic-dinnerware","status":"publish","type":"product","link":"https:\/\/jinhuaceramic.com\/es\/product\/custom-ceramic-dinnerware\/","title":{"rendered":"Vajilla de Cer\u00e1mica R\u00fastica Personalizada, Platos y Cuencos de Cer\u00e1mica al por mayor"},"content":{"rendered":"<div class=\"wp-block-columns is-layout-flex wp-container-core-columns-is-layout-9d6595d7 wp-block-columns-is-layout-flex\">\n<div class=\"wp-block-column is-layout-flow wp-block-column-is-layout-flow\">\n<h3 class=\"wp-block-heading\">Vajilla de Cer\u00e1mica R\u00fastica Personalizada Premium Caracter\u00edsticas:<\/h3>\n\n\n\n<ul class=\"wp-block-list\">\n<li><strong>Dise\u00f1o r\u00fastico:<\/strong> La combinaci\u00f3n de beige y marr\u00f3n de esta vajilla de cer\u00e1mica personalizada es r\u00fastica y elegante. El beige proporciona un ambiente c\u00e1lido y acogedor, mientras que el borde marr\u00f3n introduce una sensaci\u00f3n de estabilidad y calidad de lujo en la vajilla, que puede contribuir a la belleza general de la mesa de comedor y al estilo y gusto del propietario.<\/li>\n\n\n\n<li><strong>Material de alta calidad:<\/strong> Estos platos y cuencos de cer\u00e1mica al por mayor est\u00e1n hechos de cer\u00e1mica de alta calidad con gran dureza y pueden absorber algunos impactos y fricciones. Estas vajillas de cer\u00e1mica de alta calidad son seguras y no t\u00f3xicas y pueden soportar altas temperaturas para mantener la comida caliente.<\/li>\n\n\n\n<li><strong>Gran sentido pr\u00e1ctico:<\/strong> Estas vajillas de cer\u00e1mica personalizadas tienen platos redondos grandes para los platos principales, platos redondos peque\u00f1os para las guarniciones o los aperitivos, y cuencos para las sopas o los fideos. Esta combinaci\u00f3n tan variada hace que la vajilla destaque por su practicidad.<\/li>\n\n\n\n<li><strong>Amplia aplicabilidad: <\/strong>Estos platos y cuencos de cer\u00e1mica al por mayor son perfectos para el uso diario de la familia, reuniones de amigos y cenas formales y otras ocasiones, y pueden ser vers\u00e1tiles para combinar con diferentes tipos de servicios de mesa. Se pueden encontrar en casa y en restaurantes de alta categor\u00eda.<\/li>\n<\/ul>\n<\/div>\n\n\n\n<div class=\"wp-block-column is-layout-flow wp-block-column-is-layout-flow\">\n<figure class=\"wp-block-image size-full\"><img fetchpriority=\"high\" decoding=\"async\" width=\"2000\" height=\"2000\" src=\"https:\/\/jinhuaceramic.com\/wp-content\/uploads\/2025\/03\/Rustic-Custom-Dinnerware-Set-Wholesale-Tableware-Ceramic-Dinner-Plates-2.webp\" alt=\"rustic-custom-ceramic-dinnerware-ceramic-plates-and-bowls-wholesale-1\" class=\"wp-image-8186\" srcset=\"https:\/\/jinhuaceramic.com\/wp-content\/uploads\/2025\/03\/Rustic-Custom-Dinnerware-Set-Wholesale-Tableware-Ceramic-Dinner-Plates-2.webp 2000w, https:\/\/jinhuaceramic.com\/wp-content\/uploads\/2025\/03\/Rustic-Custom-Dinnerware-Set-Wholesale-Tableware-Ceramic-Dinner-Plates-2-300x300.webp 300w, https:\/\/jinhuaceramic.com\/wp-content\/uploads\/2025\/03\/Rustic-Custom-Dinnerware-Set-Wholesale-Tableware-Ceramic-Dinner-Plates-2-150x150.webp 150w, https:\/\/jinhuaceramic.com\/wp-content\/uploads\/2025\/03\/Rustic-Custom-Dinnerware-Set-Wholesale-Tableware-Ceramic-Dinner-Plates-2-768x768.webp 768w, https:\/\/jinhuaceramic.com\/wp-content\/uploads\/2025\/03\/Rustic-Custom-Dinnerware-Set-Wholesale-Tableware-Ceramic-Dinner-Plates-2-12x12.webp 12w, https:\/\/jinhuaceramic.com\/wp-content\/uploads\/2025\/03\/Rustic-Custom-Dinnerware-Set-Wholesale-Tableware-Ceramic-Dinner-Plates-2-285x285.webp 285w, https:\/\/jinhuaceramic.com\/wp-content\/uploads\/2025\/03\/Rustic-Custom-Dinnerware-Set-Wholesale-Tableware-Ceramic-Dinner-Plates-2-1600x1600.webp 1600w, https:\/\/jinhuaceramic.com\/wp-content\/uploads\/2025\/03\/Rustic-Custom-Dinnerware-Set-Wholesale-Tableware-Ceramic-Dinner-Plates-2-270x270.webp 270w, https:\/\/jinhuaceramic.com\/wp-content\/uploads\/2025\/03\/Rustic-Custom-Dinnerware-Set-Wholesale-Tableware-Ceramic-Dinner-Plates-2-540x540.webp 540w, https:\/\/jinhuaceramic.com\/wp-content\/uploads\/2025\/03\/Rustic-Custom-Dinnerware-Set-Wholesale-Tableware-Ceramic-Dinner-Plates-2-660x660.webp 660w\" sizes=\"(max-width: 2000px) 100vw, 2000px\" \/><\/figure>\n<\/div>\n<\/div>","protected":false},"excerpt":{"rendered":"<p>Bienvenido a comprar nuestros platos y cuencos de cer\u00e1mica al por mayor. Estas vajillas de cer\u00e1mica personalizadas son a la vez decorativas y funcionales. El marr\u00f3n claro universal y r\u00fastico combinado con el beige puede ir bien con la mayor\u00eda de los entornos de comedor y estilos de hogar y puede contener cualquier alimento. Su cer\u00e1mica no s\u00f3lo es duradera y resistente al desgaste, sino tambi\u00e9n f\u00e1cil de limpiar, por lo que son ideales tanto para el uso diario como para un juego para ocasiones especiales.<\/p>","protected":false},"featured_media":8188,"comment_status":"closed","ping_status":"closed","template":"","meta":{"_acf_changed":false},"product_brand":[],"product_cat":[83,54],"product_tag":[],"class_list":{"0":"post-8185","1":"product","2":"type-product","3":"status-publish","4":"has-post-thumbnail","6":"product_cat-wholesale-dinnerware-sets","7":"product_cat-tableware-wholesale","9":"first","10":"instock","11":"shipping-taxable","12":"product-type-simple"},"acf":[],"_links":{"self":[{"href":"https:\/\/jinhuaceramic.com\/es\/wp-json\/wp\/v2\/product\/8185","targetHints":{"allow":["GET"]}}],"collection":[{"href":"https:\/\/jinhuaceramic.com\/es\/wp-json\/wp\/v2\/product"}],"about":[{"href":"https:\/\/jinhuaceramic.com\/es\/wp-json\/wp\/v2\/types\/product"}],"replies":[{"embeddable":true,"href":"https:\/\/jinhuaceramic.com\/es\/wp-json\/wp\/v2\/comments?post=8185"}],"version-history":[{"count":0,"href":"https:\/\/jinhuaceramic.com\/es\/wp-json\/wp\/v2\/product\/8185\/revisions"}],"wp:featuredmedia":[{"embeddable":true,"href":"https:\/\/jinhuaceramic.com\/es\/wp-json\/wp\/v2\/media\/8188"}],"wp:attachment":[{"href":"https:\/\/jinhuaceramic.com\/es\/wp-json\/wp\/v2\/media?parent=8185"}],"wp:term":[{"taxonomy":"product_brand","embeddable":true,"href":"https:\/\/jinhuaceramic.com\/es\/wp-json\/wp\/v2\/product_brand?post=8185"},{"taxonomy":"product_cat","embeddable":true,"href":"https:\/\/jinhuaceramic.com\/es\/wp-json\/wp\/v2\/product_cat?post=8185"},{"taxonomy":"product_tag","embeddable":true,"href":"https:\/\/jinhuaceramic.com\/es\/wp-json\/wp\/v2\/product_tag?post=8185"}],"curies":[{"name":"wp","href":"https:\/\/api.w.org\/{rel}","templated":true}]}}