{"id":8218,"date":"2025-03-14T02:02:38","date_gmt":"2025-03-14T02:02:38","guid":{"rendered":"https:\/\/jinhuaceramic.com\/?post_type=product&#038;p=8218"},"modified":"2025-03-14T02:15:22","modified_gmt":"2025-03-14T02:15:22","slug":"bespoke-dinnerware","status":"publish","type":"product","link":"https:\/\/jinhuaceramic.com\/es\/product\/bespoke-dinnerware\/","title":{"rendered":"Vajilla a medida de alta gama, Vajilla de cer\u00e1mica al por mayor 4 piezas"},"content":{"rendered":"<div class=\"wp-block-columns is-layout-flex wp-container-core-columns-is-layout-9d6595d7 wp-block-columns-is-layout-flex\">\n<div class=\"wp-block-column is-layout-flow wp-block-column-is-layout-flow\">\n<h3 class=\"wp-block-heading\">Vajilla a medida de alta gama Caracter\u00edsticas:<\/h3>\n\n\n\n<ul class=\"wp-block-list\">\n<li><strong>Dise\u00f1o elegante:<\/strong> Estas vajillas de cer\u00e1mica al por mayor son de color azul gris\u00e1ceo y tienen un borde de color marr\u00f3n vintage, por lo que poseen un aspecto sencillo pero elegante que se integrar\u00e1 perfectamente en cualquier decoraci\u00f3n dom\u00e9stica. Dar\u00e1n un aspecto \u00fanico a la mesa del comedor.<\/li>\n\n\n\n<li><strong>Materiales de alta calidad:<\/strong> Estas vajillas a medida est\u00e1n fabricadas con material cer\u00e1mico de alta calidad mediante cocci\u00f3n a alta temperatura, sin ning\u00fan tipo de material t\u00f3xico, de acuerdo con las normas internacionales de seguridad para el contacto con alimentos, y son seguras para su uso en las comidas diarias.<\/li>\n\n\n\n<li><strong>Mano de obra exquisita: <\/strong>Estas vajillas de cer\u00e1mica al por mayor se fabrican con exquisita artesan\u00eda y trabajadores profesionales, por lo que la textura de la superficie es suave, el color es uniforme, los bordes est\u00e1n bien pulidos, y es un placer tocarlas.<\/li>\n\n\n\n<li><strong>Gran sentido pr\u00e1ctico:<\/strong> Estas vajillas a medida son platos y cuencos para diferentes necesidades de servir comida. Los platos son de tama\u00f1o medio, apropiados para servir comidas y platos ordinarios; los cuencos tienen una profundidad y volumen moderados, y son apropiados para servir sopas, ensaladas o cereales, etc., para satisfacer las necesidades de comidas familiares ordinarias y peque\u00f1as fiestas.<\/li>\n<\/ul>\n<\/div>\n\n\n\n<div class=\"wp-block-column is-layout-flow wp-block-column-is-layout-flow\">\n<figure class=\"wp-block-image size-full\"><img fetchpriority=\"high\" decoding=\"async\" width=\"800\" height=\"800\" src=\"https:\/\/jinhuaceramic.com\/wp-content\/uploads\/2025\/03\/High-End-Custom-Tableware-Set-Ceramic-Dinner-Service-For-4-Dinnerware-Set-6.webp\" alt=\"vajilla-mayor-vajilla-de-cer\u00e1mica-de-alta-calidad-4-piezas-1\" class=\"wp-image-8223\" srcset=\"https:\/\/jinhuaceramic.com\/wp-content\/uploads\/2025\/03\/High-End-Custom-Tableware-Set-Ceramic-Dinner-Service-For-4-Dinnerware-Set-6.webp 800w, https:\/\/jinhuaceramic.com\/wp-content\/uploads\/2025\/03\/High-End-Custom-Tableware-Set-Ceramic-Dinner-Service-For-4-Dinnerware-Set-6-300x300.webp 300w, https:\/\/jinhuaceramic.com\/wp-content\/uploads\/2025\/03\/High-End-Custom-Tableware-Set-Ceramic-Dinner-Service-For-4-Dinnerware-Set-6-150x150.webp 150w, https:\/\/jinhuaceramic.com\/wp-content\/uploads\/2025\/03\/High-End-Custom-Tableware-Set-Ceramic-Dinner-Service-For-4-Dinnerware-Set-6-768x768.webp 768w, https:\/\/jinhuaceramic.com\/wp-content\/uploads\/2025\/03\/High-End-Custom-Tableware-Set-Ceramic-Dinner-Service-For-4-Dinnerware-Set-6-12x12.webp 12w, https:\/\/jinhuaceramic.com\/wp-content\/uploads\/2025\/03\/High-End-Custom-Tableware-Set-Ceramic-Dinner-Service-For-4-Dinnerware-Set-6-285x285.webp 285w, https:\/\/jinhuaceramic.com\/wp-content\/uploads\/2025\/03\/High-End-Custom-Tableware-Set-Ceramic-Dinner-Service-For-4-Dinnerware-Set-6-270x270.webp 270w, https:\/\/jinhuaceramic.com\/wp-content\/uploads\/2025\/03\/High-End-Custom-Tableware-Set-Ceramic-Dinner-Service-For-4-Dinnerware-Set-6-540x540.webp 540w, https:\/\/jinhuaceramic.com\/wp-content\/uploads\/2025\/03\/High-End-Custom-Tableware-Set-Ceramic-Dinner-Service-For-4-Dinnerware-Set-6-660x660.webp 660w\" sizes=\"(max-width: 800px) 100vw, 800px\" \/><\/figure>\n<\/div>\n<\/div>","protected":false},"excerpt":{"rendered":"<p>Bienvenido a comprar nuestra vajilla de cer\u00e1mica al por mayor. Estas vajillas a medida de alta gama llaman la atenci\u00f3n por su elegante dise\u00f1o, sus materiales seguros que hacen que la gente se sienta a gusto al usarlos, sus combinaciones pr\u00e1cticas que satisfacen diversas necesidades y su exquisita artesan\u00eda que garantiza la calidad. Son a la vez est\u00e9ticas y pr\u00e1cticas, por lo que destacan entre muchas vajillas y son muy populares entre los consumidores.<\/p>","protected":false},"featured_media":8224,"comment_status":"closed","ping_status":"closed","template":"","meta":{"_acf_changed":false},"product_brand":[],"product_cat":[83,54],"product_tag":[],"class_list":{"0":"post-8218","1":"product","2":"type-product","3":"status-publish","4":"has-post-thumbnail","6":"product_cat-wholesale-dinnerware-sets","7":"product_cat-tableware-wholesale","9":"first","10":"instock","11":"shipping-taxable","12":"product-type-simple"},"acf":[],"_links":{"self":[{"href":"https:\/\/jinhuaceramic.com\/es\/wp-json\/wp\/v2\/product\/8218","targetHints":{"allow":["GET"]}}],"collection":[{"href":"https:\/\/jinhuaceramic.com\/es\/wp-json\/wp\/v2\/product"}],"about":[{"href":"https:\/\/jinhuaceramic.com\/es\/wp-json\/wp\/v2\/types\/product"}],"replies":[{"embeddable":true,"href":"https:\/\/jinhuaceramic.com\/es\/wp-json\/wp\/v2\/comments?post=8218"}],"version-history":[{"count":0,"href":"https:\/\/jinhuaceramic.com\/es\/wp-json\/wp\/v2\/product\/8218\/revisions"}],"wp:featuredmedia":[{"embeddable":true,"href":"https:\/\/jinhuaceramic.com\/es\/wp-json\/wp\/v2\/media\/8224"}],"wp:attachment":[{"href":"https:\/\/jinhuaceramic.com\/es\/wp-json\/wp\/v2\/media?parent=8218"}],"wp:term":[{"taxonomy":"product_brand","embeddable":true,"href":"https:\/\/jinhuaceramic.com\/es\/wp-json\/wp\/v2\/product_brand?post=8218"},{"taxonomy":"product_cat","embeddable":true,"href":"https:\/\/jinhuaceramic.com\/es\/wp-json\/wp\/v2\/product_cat?post=8218"},{"taxonomy":"product_tag","embeddable":true,"href":"https:\/\/jinhuaceramic.com\/es\/wp-json\/wp\/v2\/product_tag?post=8218"}],"curies":[{"name":"wp","href":"https:\/\/api.w.org\/{rel}","templated":true}]}}