{"id":8228,"date":"2025-03-14T02:26:49","date_gmt":"2025-03-14T02:26:49","guid":{"rendered":"https:\/\/jinhuaceramic.com\/?post_type=product&#038;p=8228"},"modified":"2025-03-14T02:26:50","modified_gmt":"2025-03-14T02:26:50","slug":"custom-ceramic-dinner-plates","status":"publish","type":"product","link":"https:\/\/jinhuaceramic.com\/es\/product\/custom-ceramic-dinner-plates\/","title":{"rendered":"Platos de cer\u00e1mica al por mayor para restaurante"},"content":{"rendered":"<div class=\"wp-block-columns is-layout-flex wp-container-core-columns-is-layout-9d6595d7 wp-block-columns-is-layout-flex\">\n<div class=\"wp-block-column is-layout-flow wp-block-column-is-layout-flow\">\n<h3 class=\"wp-block-heading\">Premium Off-White Custom Platos de Cer\u00e1mica Caracter\u00edsticas:<\/h3>\n\n\n\n<ul class=\"wp-block-list\">\n<li><strong>Dise\u00f1o elegante:<\/strong> Estos platos de cer\u00e1mica a medida de color blanco roto tienen un aspecto discreto pero sofisticado, con un dise\u00f1o redondo anticuado y delicados bordes curvados que forman un borde poco profundo para que la sopa no se derrame. Un ribete marr\u00f3n claro a lo largo del borde del plato confiere al plato un aspecto estratificado y artesanal, d\u00e1ndole as\u00ed un toque a\u00f1adido de singularidad.<\/li>\n\n\n\n<li><strong>Material de alta calidad:<\/strong> Nuestros platos de cer\u00e1mica personalizados est\u00e1n hechos de material cer\u00e1mico de alta calidad y se cuecen en hornos de alta temperatura, que no se da\u00f1an f\u00e1cilmente. El esmalte exterior no es t\u00f3xico ni nocivo, se ha sometido a pruebas de seguridad alimentaria y puede utilizarse de forma segura.<\/li>\n\n\n\n<li><strong>Varios tama\u00f1os:<\/strong> Esta vajilla al por mayor est\u00e1 disponible en 4 tama\u00f1os que se adaptan a distintos fines culinarios. El plato m\u00e1s peque\u00f1o se puede utilizar para el postre o un aperitivo, el plato mediano para guarniciones y ensaladas, y el plato grande para platos principales como filetes y pasta.<\/li>\n\n\n\n<li><strong>Amplia aplicabilidad:<\/strong> Estas vajillas al por mayor para la cena pueden utilizarse para las comidas diarias y para ocasiones como reuniones familiares, cenas de Navidad, etc. Adem\u00e1s, estos platos tambi\u00e9n pueden utilizarse en establecimientos comerciales como restaurantes y cafeter\u00edas.<\/li>\n<\/ul>\n<\/div>\n\n\n\n<div class=\"wp-block-column is-layout-flow wp-block-column-is-layout-flow\">\n<figure class=\"wp-block-image size-full\"><img fetchpriority=\"high\" decoding=\"async\" width=\"750\" height=\"750\" src=\"https:\/\/jinhuaceramic.com\/wp-content\/uploads\/2025\/03\/Off-White-Custom-Ceramic-Dinner-Plates-Wholesale-Tableware-For-Restaurant.webp\" alt=\"Off-White-Platos-Ceramica-Personalizados-Mayoristas-Vajilla-Para-Restaurante-1\" class=\"wp-image-8234\" srcset=\"https:\/\/jinhuaceramic.com\/wp-content\/uploads\/2025\/03\/Off-White-Custom-Ceramic-Dinner-Plates-Wholesale-Tableware-For-Restaurant.webp 750w, https:\/\/jinhuaceramic.com\/wp-content\/uploads\/2025\/03\/Off-White-Custom-Ceramic-Dinner-Plates-Wholesale-Tableware-For-Restaurant-300x300.webp 300w, https:\/\/jinhuaceramic.com\/wp-content\/uploads\/2025\/03\/Off-White-Custom-Ceramic-Dinner-Plates-Wholesale-Tableware-For-Restaurant-150x150.webp 150w, https:\/\/jinhuaceramic.com\/wp-content\/uploads\/2025\/03\/Off-White-Custom-Ceramic-Dinner-Plates-Wholesale-Tableware-For-Restaurant-12x12.webp 12w, https:\/\/jinhuaceramic.com\/wp-content\/uploads\/2025\/03\/Off-White-Custom-Ceramic-Dinner-Plates-Wholesale-Tableware-For-Restaurant-285x285.webp 285w, https:\/\/jinhuaceramic.com\/wp-content\/uploads\/2025\/03\/Off-White-Custom-Ceramic-Dinner-Plates-Wholesale-Tableware-For-Restaurant-270x270.webp 270w, https:\/\/jinhuaceramic.com\/wp-content\/uploads\/2025\/03\/Off-White-Custom-Ceramic-Dinner-Plates-Wholesale-Tableware-For-Restaurant-540x540.webp 540w, https:\/\/jinhuaceramic.com\/wp-content\/uploads\/2025\/03\/Off-White-Custom-Ceramic-Dinner-Plates-Wholesale-Tableware-For-Restaurant-660x660.webp 660w\" sizes=\"(max-width: 750px) 100vw, 750px\" \/><\/figure>\n<\/div>\n<\/div>\n\n\n\n<p><\/p>","protected":false},"excerpt":{"rendered":"<p>Adquiera nuestra vajilla al por mayor. Estos platos de cer\u00e1mica personalizados destacan en el mercado por su elegante dise\u00f1o, materiales de la mejor calidad, diversos tama\u00f1os funcionales y amplios escenarios de aplicaci\u00f3n. Adem\u00e1s de ser funcionales, tambi\u00e9n a\u00f1aden m\u00e1s sentido ritual a las comidas, lo que hace que cada comida sea a\u00fan m\u00e1s lujosa.<\/p>","protected":false},"featured_media":8230,"comment_status":"closed","ping_status":"closed","template":"","meta":{"_acf_changed":false},"product_brand":[],"product_cat":[84,54],"product_tag":[],"class_list":{"0":"post-8228","1":"product","2":"type-product","3":"status-publish","4":"has-post-thumbnail","6":"product_cat-wholesale-ceramic-plates","7":"product_cat-tableware-wholesale","9":"first","10":"instock","11":"shipping-taxable","12":"product-type-simple"},"acf":[],"_links":{"self":[{"href":"https:\/\/jinhuaceramic.com\/es\/wp-json\/wp\/v2\/product\/8228","targetHints":{"allow":["GET"]}}],"collection":[{"href":"https:\/\/jinhuaceramic.com\/es\/wp-json\/wp\/v2\/product"}],"about":[{"href":"https:\/\/jinhuaceramic.com\/es\/wp-json\/wp\/v2\/types\/product"}],"replies":[{"embeddable":true,"href":"https:\/\/jinhuaceramic.com\/es\/wp-json\/wp\/v2\/comments?post=8228"}],"version-history":[{"count":0,"href":"https:\/\/jinhuaceramic.com\/es\/wp-json\/wp\/v2\/product\/8228\/revisions"}],"wp:featuredmedia":[{"embeddable":true,"href":"https:\/\/jinhuaceramic.com\/es\/wp-json\/wp\/v2\/media\/8230"}],"wp:attachment":[{"href":"https:\/\/jinhuaceramic.com\/es\/wp-json\/wp\/v2\/media?parent=8228"}],"wp:term":[{"taxonomy":"product_brand","embeddable":true,"href":"https:\/\/jinhuaceramic.com\/es\/wp-json\/wp\/v2\/product_brand?post=8228"},{"taxonomy":"product_cat","embeddable":true,"href":"https:\/\/jinhuaceramic.com\/es\/wp-json\/wp\/v2\/product_cat?post=8228"},{"taxonomy":"product_tag","embeddable":true,"href":"https:\/\/jinhuaceramic.com\/es\/wp-json\/wp\/v2\/product_tag?post=8228"}],"curies":[{"name":"wp","href":"https:\/\/api.w.org\/{rel}","templated":true}]}}