{"id":8250,"date":"2025-03-18T03:02:53","date_gmt":"2025-03-18T03:02:53","guid":{"rendered":"https:\/\/jinhuaceramic.com\/?post_type=product&#038;p=8250"},"modified":"2025-03-18T03:02:54","modified_gmt":"2025-03-18T03:02:54","slug":"restaurant-tableware-supplies","status":"publish","type":"product","link":"https:\/\/jinhuaceramic.com\/es\/product\/restaurant-tableware-supplies\/","title":{"rendered":"Vajilla de cer\u00e1mica al por mayor, vajilla de cer\u00e1mica al por mayor, vajilla de cer\u00e1mica al por mayor, vajilla de cer\u00e1mica al por mayor"},"content":{"rendered":"<div class=\"wp-block-columns is-layout-flex wp-container-core-columns-is-layout-9d6595d7 wp-block-columns-is-layout-flex\">\n<div class=\"wp-block-column is-layout-flow wp-block-column-is-layout-flow\">\n<h3 class=\"wp-block-heading\">Art\u00edculos de mesa vintage de alta calidad para restaurantes Caracter\u00edsticas:<\/h3>\n\n\n\n<ul class=\"wp-block-list\">\n<li><strong>Estilo vintage:<\/strong> Estos art\u00edculos de vajilla personalizados para restaurantes tienen una forma sencilla, pero presentan ligeras variaciones en la textura y gradaciones de color en la superficie, lo que les confiere un aspecto desgastado y moteado, como si fueran hechos a mano, evocando un ambiente retro y acogedor, creando un ambiente sofisticado para el restaurante y mejorando la imagen de marca.<\/li>\n\n\n\n<li><strong>Material cer\u00e1mico de alta calidad: <\/strong>Estos materiales cer\u00e1micos de alta calidad, cocidos a altas temperaturas, se utilizan para producir esta vajilla cer\u00e1mica al por mayor, y su dureza hace que no se raye f\u00e1cilmente con los cubiertos, como cuchillos y tenedores, lo que la hace perfecta para el uso diario.<\/li>\n\n\n\n<li><strong>Varios colores: <\/strong>Estos art\u00edculos de vajilla vintage para restaurantes est\u00e1n disponibles en varios colores, como el blanco universal y general, el marr\u00f3n claro antiguo y envejecido, el azul sofisticado y lujoso, etc., que pueden combinarse con diversos tipos de dise\u00f1os de mesas de comedor, como las modernas, las n\u00f3rdicas o las retro.<\/li>\n\n\n\n<li><strong>Juego completo:<\/strong> Esta vajilla de cer\u00e1mica al por mayor incluye platos, cuencos y tazas de varios tama\u00f1os para satisfacer las diversas necesidades de las comidas en la vida cotidiana. Los clientes pueden elegir varios juegos seg\u00fan el tama\u00f1o de su familia y sus costumbres a la mesa, con suministro directo de f\u00e1brica profesional y posibilidad de compra al por mayor.<\/li>\n<\/ul>\n<\/div>\n\n\n\n<div class=\"wp-block-column is-layout-flow wp-block-column-is-layout-flow\">\n<figure class=\"wp-block-image size-full\"><img fetchpriority=\"high\" decoding=\"async\" width=\"1280\" height=\"1280\" src=\"https:\/\/jinhuaceramic.com\/wp-content\/uploads\/2025\/03\/Vintage-Custom-Ceramic-Tableware-Set-Restaurant-Supply-Dinnerware-Wholesale-5.webp\" alt=\"Vintage-personalizado-restauraci\u00f3n-menaje-cer\u00e1mica-vajilla-mayorista-1\" class=\"wp-image-8254\" srcset=\"https:\/\/jinhuaceramic.com\/wp-content\/uploads\/2025\/03\/Vintage-Custom-Ceramic-Tableware-Set-Restaurant-Supply-Dinnerware-Wholesale-5.webp 1280w, https:\/\/jinhuaceramic.com\/wp-content\/uploads\/2025\/03\/Vintage-Custom-Ceramic-Tableware-Set-Restaurant-Supply-Dinnerware-Wholesale-5-300x300.webp 300w, https:\/\/jinhuaceramic.com\/wp-content\/uploads\/2025\/03\/Vintage-Custom-Ceramic-Tableware-Set-Restaurant-Supply-Dinnerware-Wholesale-5-150x150.webp 150w, https:\/\/jinhuaceramic.com\/wp-content\/uploads\/2025\/03\/Vintage-Custom-Ceramic-Tableware-Set-Restaurant-Supply-Dinnerware-Wholesale-5-768x768.webp 768w, https:\/\/jinhuaceramic.com\/wp-content\/uploads\/2025\/03\/Vintage-Custom-Ceramic-Tableware-Set-Restaurant-Supply-Dinnerware-Wholesale-5-12x12.webp 12w, https:\/\/jinhuaceramic.com\/wp-content\/uploads\/2025\/03\/Vintage-Custom-Ceramic-Tableware-Set-Restaurant-Supply-Dinnerware-Wholesale-5-285x285.webp 285w, https:\/\/jinhuaceramic.com\/wp-content\/uploads\/2025\/03\/Vintage-Custom-Ceramic-Tableware-Set-Restaurant-Supply-Dinnerware-Wholesale-5-270x270.webp 270w, https:\/\/jinhuaceramic.com\/wp-content\/uploads\/2025\/03\/Vintage-Custom-Ceramic-Tableware-Set-Restaurant-Supply-Dinnerware-Wholesale-5-540x540.webp 540w, https:\/\/jinhuaceramic.com\/wp-content\/uploads\/2025\/03\/Vintage-Custom-Ceramic-Tableware-Set-Restaurant-Supply-Dinnerware-Wholesale-5-660x660.webp 660w\" sizes=\"(max-width: 1280px) 100vw, 1280px\" \/><\/figure>\n<\/div>\n<\/div>","protected":false},"excerpt":{"rendered":"<p>Bienvenido a comprar nuestra vajilla de cer\u00e1mica al por mayor. El acabado vintage \u00fanico y el color de estos art\u00edculos de vajilla personalizados para restaurantes crean un ambiente art\u00edstico especial en la mesa. Al mismo tiempo, la seguridad, la durabilidad y la facilidad de limpieza de los materiales cer\u00e1micos tambi\u00e9n satisfacen el uso diario. Ya sea para comer a diario o para recibir a amigos y familiares, estos art\u00edculos de vajilla para restaurantes pueden mejorar el ritual y el placer de comer.<\/p>","protected":false},"featured_media":8251,"comment_status":"closed","ping_status":"closed","template":"","meta":{"_acf_changed":false},"product_brand":[],"product_cat":[83,54],"product_tag":[],"class_list":{"0":"post-8250","1":"product","2":"type-product","3":"status-publish","4":"has-post-thumbnail","6":"product_cat-wholesale-dinnerware-sets","7":"product_cat-tableware-wholesale","9":"first","10":"instock","11":"shipping-taxable","12":"product-type-simple"},"acf":[],"_links":{"self":[{"href":"https:\/\/jinhuaceramic.com\/es\/wp-json\/wp\/v2\/product\/8250","targetHints":{"allow":["GET"]}}],"collection":[{"href":"https:\/\/jinhuaceramic.com\/es\/wp-json\/wp\/v2\/product"}],"about":[{"href":"https:\/\/jinhuaceramic.com\/es\/wp-json\/wp\/v2\/types\/product"}],"replies":[{"embeddable":true,"href":"https:\/\/jinhuaceramic.com\/es\/wp-json\/wp\/v2\/comments?post=8250"}],"version-history":[{"count":0,"href":"https:\/\/jinhuaceramic.com\/es\/wp-json\/wp\/v2\/product\/8250\/revisions"}],"wp:featuredmedia":[{"embeddable":true,"href":"https:\/\/jinhuaceramic.com\/es\/wp-json\/wp\/v2\/media\/8251"}],"wp:attachment":[{"href":"https:\/\/jinhuaceramic.com\/es\/wp-json\/wp\/v2\/media?parent=8250"}],"wp:term":[{"taxonomy":"product_brand","embeddable":true,"href":"https:\/\/jinhuaceramic.com\/es\/wp-json\/wp\/v2\/product_brand?post=8250"},{"taxonomy":"product_cat","embeddable":true,"href":"https:\/\/jinhuaceramic.com\/es\/wp-json\/wp\/v2\/product_cat?post=8250"},{"taxonomy":"product_tag","embeddable":true,"href":"https:\/\/jinhuaceramic.com\/es\/wp-json\/wp\/v2\/product_tag?post=8250"}],"curies":[{"name":"wp","href":"https:\/\/api.w.org\/{rel}","templated":true}]}}