{"id":8268,"date":"2025-03-18T03:52:46","date_gmt":"2025-03-18T03:52:46","guid":{"rendered":"https:\/\/jinhuaceramic.com\/?post_type=product&#038;p=8268"},"modified":"2025-03-18T03:52:48","modified_gmt":"2025-03-18T03:52:48","slug":"wholesale-ceramic-dinnerware","status":"publish","type":"product","link":"https:\/\/jinhuaceramic.com\/es\/product\/wholesale-ceramic-dinnerware\/","title":{"rendered":"Vajilla de Cer\u00e1mica Verde al por Mayor, Vajilla Personalizada para Cenas"},"content":{"rendered":"<div class=\"wp-block-columns is-layout-flex wp-container-core-columns-is-layout-9d6595d7 wp-block-columns-is-layout-flex\">\n<div class=\"wp-block-column is-layout-flow wp-block-column-is-layout-flow\">\n<h3 class=\"wp-block-heading\">Premium Vajilla de Cer\u00e1mica Verde al por mayor Caracter\u00edsticas:<\/h3>\n\n\n\n<ul class=\"wp-block-list\">\n<li><strong>Dise\u00f1o elegante:<\/strong> Estas vajillas a medida tienen un aspecto fresco y natural de color verde claro. El esmalte tampoco es de color s\u00f3lido, sino que es un poco granulado. Las l\u00edneas negras a lo largo de los bordes a\u00f1aden un toque de dise\u00f1o, que puede contribuir a la decoraci\u00f3n de la mesa y complementar diversos esquemas decorativos y disposiciones de la mesa.<\/li>\n\n\n\n<li><strong>Material duradero:<\/strong> Estas vajillas de cer\u00e1mica al por mayor est\u00e1n fabricadas con material cer\u00e1mico de alta calidad, que es duradero y resistente, no es f\u00e1cil de desgastar y rayar, y se puede utilizar durante mucho tiempo. Y el esmalte de cer\u00e1mica es suave, apto para lavavajillas y f\u00e1cil de limpiar, lo cual es muy conveniente.<\/li>\n\n\n\n<li><strong>Buena estabilidad t\u00e9rmica:<\/strong> Estas vajillas de cer\u00e1mica al por mayor de alta calidad poseen una buena estabilidad t\u00e9rmica. Pueden soportar cierto grado de cambio de temperatura. Pueden utilizarse para calentar alimentos en el horno microondas, conservar sopas calientes, alimentos calientes, etc., e incluso pueden refrigerarse, en entornos de aplicaci\u00f3n polivalente.<\/li>\n\n\n\n<li><strong>Gran sentido pr\u00e1ctico: <\/strong>Estos juegos de vajilla a medida est\u00e1n equipados con todo tipo de vajillas, como platos y cuencos, que pueden utilizarse para todo tipo de comidas, como servir alimentos b\u00e1sicos, platos, sopas, etc., y son muy pr\u00e1cticos.<\/li>\n<\/ul>\n<\/div>\n\n\n\n<div class=\"wp-block-column is-layout-flow wp-block-column-is-layout-flow\">\n<figure class=\"wp-block-image size-full\"><img fetchpriority=\"high\" decoding=\"async\" width=\"2000\" height=\"2000\" src=\"https:\/\/jinhuaceramic.com\/wp-content\/uploads\/2025\/03\/Green-Wholesale-Dinnerware-Set-Custom-Tableware-For-Dinner-Service-6.webp\" alt=\"vajilla de cer\u00e1mica al por mayor verde-vajilla personalizada para servicio de mesa-1\" class=\"wp-image-8273\" srcset=\"https:\/\/jinhuaceramic.com\/wp-content\/uploads\/2025\/03\/Green-Wholesale-Dinnerware-Set-Custom-Tableware-For-Dinner-Service-6.webp 2000w, https:\/\/jinhuaceramic.com\/wp-content\/uploads\/2025\/03\/Green-Wholesale-Dinnerware-Set-Custom-Tableware-For-Dinner-Service-6-300x300.webp 300w, https:\/\/jinhuaceramic.com\/wp-content\/uploads\/2025\/03\/Green-Wholesale-Dinnerware-Set-Custom-Tableware-For-Dinner-Service-6-150x150.webp 150w, https:\/\/jinhuaceramic.com\/wp-content\/uploads\/2025\/03\/Green-Wholesale-Dinnerware-Set-Custom-Tableware-For-Dinner-Service-6-768x768.webp 768w, https:\/\/jinhuaceramic.com\/wp-content\/uploads\/2025\/03\/Green-Wholesale-Dinnerware-Set-Custom-Tableware-For-Dinner-Service-6-12x12.webp 12w, https:\/\/jinhuaceramic.com\/wp-content\/uploads\/2025\/03\/Green-Wholesale-Dinnerware-Set-Custom-Tableware-For-Dinner-Service-6-285x285.webp 285w, https:\/\/jinhuaceramic.com\/wp-content\/uploads\/2025\/03\/Green-Wholesale-Dinnerware-Set-Custom-Tableware-For-Dinner-Service-6-1600x1600.webp 1600w, https:\/\/jinhuaceramic.com\/wp-content\/uploads\/2025\/03\/Green-Wholesale-Dinnerware-Set-Custom-Tableware-For-Dinner-Service-6-270x270.webp 270w, https:\/\/jinhuaceramic.com\/wp-content\/uploads\/2025\/03\/Green-Wholesale-Dinnerware-Set-Custom-Tableware-For-Dinner-Service-6-540x540.webp 540w, https:\/\/jinhuaceramic.com\/wp-content\/uploads\/2025\/03\/Green-Wholesale-Dinnerware-Set-Custom-Tableware-For-Dinner-Service-6-660x660.webp 660w\" sizes=\"(max-width: 2000px) 100vw, 2000px\" \/><\/figure>\n<\/div>\n<\/div>","protected":false},"excerpt":{"rendered":"<p>Comprar nuestra vajilla personalizada. Estos juegos de vajilla de cer\u00e1mica al por mayor son de color verde claro con l\u00edneas oscuras en el borde, muy bonito. El cuerpo de cer\u00e1mica no s\u00f3lo es resistente y duradero, sino tambi\u00e9n de textura suave y c\u00f3modo de limpiar. Mientras tanto, tambi\u00e9n poseen una estabilidad t\u00e9rmica satisfactoria y se producen con diferentes tipos de vajilla para satisfacer las diferentes demandas de comedor, combinando las ventajas de la belleza, practicidad y seguridad.<\/p>","protected":false},"featured_media":8275,"comment_status":"closed","ping_status":"closed","template":"","meta":{"_acf_changed":false},"product_brand":[],"product_cat":[83,54],"product_tag":[],"class_list":{"0":"post-8268","1":"product","2":"type-product","3":"status-publish","4":"has-post-thumbnail","6":"product_cat-wholesale-dinnerware-sets","7":"product_cat-tableware-wholesale","9":"first","10":"instock","11":"shipping-taxable","12":"product-type-simple"},"acf":[],"_links":{"self":[{"href":"https:\/\/jinhuaceramic.com\/es\/wp-json\/wp\/v2\/product\/8268","targetHints":{"allow":["GET"]}}],"collection":[{"href":"https:\/\/jinhuaceramic.com\/es\/wp-json\/wp\/v2\/product"}],"about":[{"href":"https:\/\/jinhuaceramic.com\/es\/wp-json\/wp\/v2\/types\/product"}],"replies":[{"embeddable":true,"href":"https:\/\/jinhuaceramic.com\/es\/wp-json\/wp\/v2\/comments?post=8268"}],"version-history":[{"count":0,"href":"https:\/\/jinhuaceramic.com\/es\/wp-json\/wp\/v2\/product\/8268\/revisions"}],"wp:featuredmedia":[{"embeddable":true,"href":"https:\/\/jinhuaceramic.com\/es\/wp-json\/wp\/v2\/media\/8275"}],"wp:attachment":[{"href":"https:\/\/jinhuaceramic.com\/es\/wp-json\/wp\/v2\/media?parent=8268"}],"wp:term":[{"taxonomy":"product_brand","embeddable":true,"href":"https:\/\/jinhuaceramic.com\/es\/wp-json\/wp\/v2\/product_brand?post=8268"},{"taxonomy":"product_cat","embeddable":true,"href":"https:\/\/jinhuaceramic.com\/es\/wp-json\/wp\/v2\/product_cat?post=8268"},{"taxonomy":"product_tag","embeddable":true,"href":"https:\/\/jinhuaceramic.com\/es\/wp-json\/wp\/v2\/product_tag?post=8268"}],"curies":[{"name":"wp","href":"https:\/\/api.w.org\/{rel}","templated":true}]}}