{"id":8279,"date":"2025-03-18T03:32:02","date_gmt":"2025-03-18T03:32:02","guid":{"rendered":"https:\/\/jinhuaceramic.com\/?post_type=product&#038;p=8279"},"modified":"2025-03-18T03:35:03","modified_gmt":"2025-03-18T03:35:03","slug":"white-tableware-wholesale","status":"publish","type":"product","link":"https:\/\/jinhuaceramic.com\/es\/product\/white-tableware-wholesale\/","title":{"rendered":"Vajilla Blanca de Lujo al por Mayor, Platos de Cer\u00e1mica Personalizados para Bodas"},"content":{"rendered":"<div class=\"wp-block-columns is-layout-flex wp-container-core-columns-is-layout-9d6595d7 wp-block-columns-is-layout-flex\">\n<div class=\"wp-block-column is-layout-flow wp-block-column-is-layout-flow\">\n<h3 class=\"wp-block-heading\">Premium Luxury Vajilla Blanca al por mayor Caracter\u00edsticas:<\/h3>\n\n\n\n<ul class=\"wp-block-list\">\n<li>Blanco elegante: Limpia y elegante, esta vajilla blanca al por mayor es un color tradicional y vers\u00e1til que presenta bien los alimentos y complementa una gran variedad de decoraciones dom\u00e9sticas y ambientes de mesa.<\/li>\n\n\n\n<li><strong>Dise\u00f1o de lujo:<\/strong> Los bordes de estos platos y cuencos de cer\u00e1mica personalizados est\u00e1n decorados con un patr\u00f3n de c\u00edrculos conc\u00e9ntricos en relieve, que crea un efecto de capas y textura para la vajilla, excluyendo la blandura del blanco. Los bordes de la vajilla tambi\u00e9n son dorados, lo que a\u00f1ade lujo y elegancia.<\/li>\n\n\n\n<li><strong>Material de alta calidad:<\/strong> Estos platos y cuencos de cer\u00e1mica personalizados se fabrican con arcilla natural y cocci\u00f3n a alta temperatura, por lo que no se utiliza ning\u00fan material nocivo y son seguros para el consumo. Estos platos de cer\u00e1mica de alta calidad conservan bien el calor y pueden mantener la comida caliente durante mucho tiempo.<\/li>\n\n\n\n<li><strong>Practicidad:<\/strong> Este juego de vajilla blanca al por mayor incluye un cuenco y dos platos de distintos tama\u00f1os para servir diferentes comidas. Ya sean comidas formales de banquete o comidas cotidianas, esta vajilla puede proporcionar un par adecuado.<\/li>\n<\/ul>\n<\/div>\n\n\n\n<div class=\"wp-block-column is-layout-flow wp-block-column-is-layout-flow\">\n<figure class=\"wp-block-image size-full\"><img fetchpriority=\"high\" decoding=\"async\" width=\"800\" height=\"800\" src=\"https:\/\/jinhuaceramic.com\/wp-content\/uploads\/2025\/03\/Luxury-White-Custom-Tableware-Bulk-Ceramic-Dinner-Plates-For-Wedding-4.webp\" alt=\"vajilla de lujo blanca al por mayor platos de cer\u00e1mica personalizados para bodas-1\" class=\"wp-image-8282\" srcset=\"https:\/\/jinhuaceramic.com\/wp-content\/uploads\/2025\/03\/Luxury-White-Custom-Tableware-Bulk-Ceramic-Dinner-Plates-For-Wedding-4.webp 800w, https:\/\/jinhuaceramic.com\/wp-content\/uploads\/2025\/03\/Luxury-White-Custom-Tableware-Bulk-Ceramic-Dinner-Plates-For-Wedding-4-300x300.webp 300w, https:\/\/jinhuaceramic.com\/wp-content\/uploads\/2025\/03\/Luxury-White-Custom-Tableware-Bulk-Ceramic-Dinner-Plates-For-Wedding-4-150x150.webp 150w, https:\/\/jinhuaceramic.com\/wp-content\/uploads\/2025\/03\/Luxury-White-Custom-Tableware-Bulk-Ceramic-Dinner-Plates-For-Wedding-4-768x768.webp 768w, https:\/\/jinhuaceramic.com\/wp-content\/uploads\/2025\/03\/Luxury-White-Custom-Tableware-Bulk-Ceramic-Dinner-Plates-For-Wedding-4-12x12.webp 12w, https:\/\/jinhuaceramic.com\/wp-content\/uploads\/2025\/03\/Luxury-White-Custom-Tableware-Bulk-Ceramic-Dinner-Plates-For-Wedding-4-285x285.webp 285w, https:\/\/jinhuaceramic.com\/wp-content\/uploads\/2025\/03\/Luxury-White-Custom-Tableware-Bulk-Ceramic-Dinner-Plates-For-Wedding-4-270x270.webp 270w, https:\/\/jinhuaceramic.com\/wp-content\/uploads\/2025\/03\/Luxury-White-Custom-Tableware-Bulk-Ceramic-Dinner-Plates-For-Wedding-4-540x540.webp 540w, https:\/\/jinhuaceramic.com\/wp-content\/uploads\/2025\/03\/Luxury-White-Custom-Tableware-Bulk-Ceramic-Dinner-Plates-For-Wedding-4-660x660.webp 660w\" sizes=\"(max-width: 800px) 100vw, 800px\" \/><\/figure>\n<\/div>\n<\/div>","protected":false},"excerpt":{"rendered":"<p>Bienvenido a comprar platos y cuencos de cer\u00e1mica personalizados. Estamos especializados en el suministro al por mayor de vajilla blanca personalizada de gama alta para banquetes de boda, hoteles y restaurantes de gama alta. Las necesidades de las comidas diarias pueden satisfacerse mediante la coordinaci\u00f3n de cuencos y platos. Mientras tanto, el material cer\u00e1mico es inofensivo y no t\u00f3xico, con buena retenci\u00f3n del calor. Estas vajillas combinan belleza, funcionalidad y durabilidad.<\/p>","protected":false},"featured_media":8285,"comment_status":"closed","ping_status":"closed","template":"","meta":{"_acf_changed":false},"product_brand":[],"product_cat":[83,54],"product_tag":[],"class_list":{"0":"post-8279","1":"product","2":"type-product","3":"status-publish","4":"has-post-thumbnail","6":"product_cat-wholesale-dinnerware-sets","7":"product_cat-tableware-wholesale","9":"first","10":"instock","11":"shipping-taxable","12":"product-type-simple"},"acf":[],"_links":{"self":[{"href":"https:\/\/jinhuaceramic.com\/es\/wp-json\/wp\/v2\/product\/8279","targetHints":{"allow":["GET"]}}],"collection":[{"href":"https:\/\/jinhuaceramic.com\/es\/wp-json\/wp\/v2\/product"}],"about":[{"href":"https:\/\/jinhuaceramic.com\/es\/wp-json\/wp\/v2\/types\/product"}],"replies":[{"embeddable":true,"href":"https:\/\/jinhuaceramic.com\/es\/wp-json\/wp\/v2\/comments?post=8279"}],"version-history":[{"count":0,"href":"https:\/\/jinhuaceramic.com\/es\/wp-json\/wp\/v2\/product\/8279\/revisions"}],"wp:featuredmedia":[{"embeddable":true,"href":"https:\/\/jinhuaceramic.com\/es\/wp-json\/wp\/v2\/media\/8285"}],"wp:attachment":[{"href":"https:\/\/jinhuaceramic.com\/es\/wp-json\/wp\/v2\/media?parent=8279"}],"wp:term":[{"taxonomy":"product_brand","embeddable":true,"href":"https:\/\/jinhuaceramic.com\/es\/wp-json\/wp\/v2\/product_brand?post=8279"},{"taxonomy":"product_cat","embeddable":true,"href":"https:\/\/jinhuaceramic.com\/es\/wp-json\/wp\/v2\/product_cat?post=8279"},{"taxonomy":"product_tag","embeddable":true,"href":"https:\/\/jinhuaceramic.com\/es\/wp-json\/wp\/v2\/product_tag?post=8279"}],"curies":[{"name":"wp","href":"https:\/\/api.w.org\/{rel}","templated":true}]}}