{"id":8320,"date":"2025-03-21T01:23:37","date_gmt":"2025-03-21T01:23:37","guid":{"rendered":"https:\/\/jinhuaceramic.com\/?post_type=product&#038;p=8320"},"modified":"2025-03-21T01:23:38","modified_gmt":"2025-03-21T01:23:38","slug":"commercial-dinnerware-wholesale","status":"publish","type":"product","link":"https:\/\/jinhuaceramic.com\/es\/product\/commercial-dinnerware-wholesale\/","title":{"rendered":"Vajilla Comercial Gris al por Mayor, Vajilla para Hosteleria"},"content":{"rendered":"<div class=\"wp-block-columns is-layout-flex wp-container-core-columns-is-layout-9d6595d7 wp-block-columns-is-layout-flex\">\n<div class=\"wp-block-column is-layout-flow wp-block-column-is-layout-flow\">\n<h3 class=\"wp-block-heading\">Vajilla Comercial Premium al por mayor Caracter\u00edsticas:<\/h3>\n\n\n\n<ul class=\"wp-block-list\">\n<li><strong>Dise\u00f1o elegante:<\/strong> El dise\u00f1o de estas vajillas comerciales al por mayor es sencillo y elegante, y el color gris-azul es sobrio y tranquilo. El esmalte de la vajilla no es de un solo color, sino que tiene una textura sutil y una variaci\u00f3n en la profundidad del color.<\/li>\n\n\n\n<li><strong>Material de alta calidad:<\/strong> Nuestras vajillas a granel para catering est\u00e1n fabricadas con arcilla cer\u00e1mica natural de gran pureza cocida a altas temperaturas, por lo que son duraderas, no se desgastan ni se rompen y tienen una larga vida \u00fatil. Pueden utilizarse para altas y bajas temperaturas, y es seguro utilizarlas en microondas, hornos, freidoras de aire y frigor\u00edficos.<\/li>\n\n\n\n<li><strong>Juego de varias piezas:<\/strong> Estas vajillas comerciales al por mayor vienen en diferentes tama\u00f1os de platos y cuencos para satisfacer las necesidades de las comidas familiares diarias y los banquetes. Pueden utilizarse en casa y tambi\u00e9n en locales comerciales como restaurantes y hoteles.<\/li>\n\n\n\n<li><strong>F\u00e1cil de limpiar: <\/strong>Estas vajillas de suministros de catering a granel poseen un esmalte suave, no se manchan f\u00e1cilmente y son f\u00e1ciles de limpiar. Al mismo tiempo, estas vajillas tambi\u00e9n pueden lavarse en el lavavajillas, lo que ahorra tiempo y energ\u00eda a los usuarios.<\/li>\n<\/ul>\n<\/div>\n\n\n\n<div class=\"wp-block-column is-layout-flow wp-block-column-is-layout-flow\">\n<figure class=\"wp-block-image size-full\"><img fetchpriority=\"high\" decoding=\"async\" width=\"1200\" height=\"1200\" src=\"https:\/\/jinhuaceramic.com\/wp-content\/uploads\/2025\/03\/High-End-Wholesale-Dinnerware-Custom-Tableware-Ceramic-Dinner-Service-7.webp\" alt=\"Vajilla Comercial Gris al por Mayor, Vajilla para Hosteleria-1\" class=\"wp-image-8326\" srcset=\"https:\/\/jinhuaceramic.com\/wp-content\/uploads\/2025\/03\/High-End-Wholesale-Dinnerware-Custom-Tableware-Ceramic-Dinner-Service-7.webp 1200w, https:\/\/jinhuaceramic.com\/wp-content\/uploads\/2025\/03\/High-End-Wholesale-Dinnerware-Custom-Tableware-Ceramic-Dinner-Service-7-300x300.webp 300w, https:\/\/jinhuaceramic.com\/wp-content\/uploads\/2025\/03\/High-End-Wholesale-Dinnerware-Custom-Tableware-Ceramic-Dinner-Service-7-150x150.webp 150w, https:\/\/jinhuaceramic.com\/wp-content\/uploads\/2025\/03\/High-End-Wholesale-Dinnerware-Custom-Tableware-Ceramic-Dinner-Service-7-768x768.webp 768w, https:\/\/jinhuaceramic.com\/wp-content\/uploads\/2025\/03\/High-End-Wholesale-Dinnerware-Custom-Tableware-Ceramic-Dinner-Service-7-12x12.webp 12w, https:\/\/jinhuaceramic.com\/wp-content\/uploads\/2025\/03\/High-End-Wholesale-Dinnerware-Custom-Tableware-Ceramic-Dinner-Service-7-285x285.webp 285w, https:\/\/jinhuaceramic.com\/wp-content\/uploads\/2025\/03\/High-End-Wholesale-Dinnerware-Custom-Tableware-Ceramic-Dinner-Service-7-270x270.webp 270w, https:\/\/jinhuaceramic.com\/wp-content\/uploads\/2025\/03\/High-End-Wholesale-Dinnerware-Custom-Tableware-Ceramic-Dinner-Service-7-540x540.webp 540w, https:\/\/jinhuaceramic.com\/wp-content\/uploads\/2025\/03\/High-End-Wholesale-Dinnerware-Custom-Tableware-Ceramic-Dinner-Service-7-660x660.webp 660w\" sizes=\"(max-width: 1200px) 100vw, 1200px\" \/><\/figure>\n<\/div>\n<\/div>","protected":false},"excerpt":{"rendered":"<p>Bienvenido a comprar vajilla de suministros de catering al por mayor. Estas vajillas comerciales al por mayor son ideales para las comidas diarias, ya que son duraderas, tienen un aspecto especial, se componen de varias piezas y son f\u00e1ciles de limpiar. La combinaci\u00f3n de aspecto especial y buena usabilidad puede hacer m\u00e1s agradable la experiencia gastron\u00f3mica del comensal y a\u00f1adir un ambiente natural y personalizado a la mesa.<\/p>","protected":false},"featured_media":8323,"comment_status":"closed","ping_status":"closed","template":"","meta":{"_acf_changed":false},"product_brand":[],"product_cat":[83,54],"product_tag":[],"class_list":{"0":"post-8320","1":"product","2":"type-product","3":"status-publish","4":"has-post-thumbnail","6":"product_cat-wholesale-dinnerware-sets","7":"product_cat-tableware-wholesale","9":"first","10":"instock","11":"shipping-taxable","12":"product-type-simple"},"acf":[],"_links":{"self":[{"href":"https:\/\/jinhuaceramic.com\/es\/wp-json\/wp\/v2\/product\/8320","targetHints":{"allow":["GET"]}}],"collection":[{"href":"https:\/\/jinhuaceramic.com\/es\/wp-json\/wp\/v2\/product"}],"about":[{"href":"https:\/\/jinhuaceramic.com\/es\/wp-json\/wp\/v2\/types\/product"}],"replies":[{"embeddable":true,"href":"https:\/\/jinhuaceramic.com\/es\/wp-json\/wp\/v2\/comments?post=8320"}],"version-history":[{"count":0,"href":"https:\/\/jinhuaceramic.com\/es\/wp-json\/wp\/v2\/product\/8320\/revisions"}],"wp:featuredmedia":[{"embeddable":true,"href":"https:\/\/jinhuaceramic.com\/es\/wp-json\/wp\/v2\/media\/8323"}],"wp:attachment":[{"href":"https:\/\/jinhuaceramic.com\/es\/wp-json\/wp\/v2\/media?parent=8320"}],"wp:term":[{"taxonomy":"product_brand","embeddable":true,"href":"https:\/\/jinhuaceramic.com\/es\/wp-json\/wp\/v2\/product_brand?post=8320"},{"taxonomy":"product_cat","embeddable":true,"href":"https:\/\/jinhuaceramic.com\/es\/wp-json\/wp\/v2\/product_cat?post=8320"},{"taxonomy":"product_tag","embeddable":true,"href":"https:\/\/jinhuaceramic.com\/es\/wp-json\/wp\/v2\/product_tag?post=8320"}],"curies":[{"name":"wp","href":"https:\/\/api.w.org\/{rel}","templated":true}]}}