{"id":8330,"date":"2025-03-20T10:28:44","date_gmt":"2025-03-20T10:28:44","guid":{"rendered":"https:\/\/jinhuaceramic.com\/?post_type=product&#038;p=8330"},"modified":"2025-03-20T10:28:45","modified_gmt":"2025-03-20T10:28:45","slug":"wholesale-white-dinnerware","status":"publish","type":"product","link":"https:\/\/jinhuaceramic.com\/es\/product\/wholesale-white-dinnerware\/","title":{"rendered":"Mayorista Vajilla Blanca, Platos y Tazones con Borde Dorado al por Mayor"},"content":{"rendered":"<div class=\"wp-block-columns is-layout-flex wp-container-core-columns-is-layout-9d6595d7 wp-block-columns-is-layout-flex\">\n<div class=\"wp-block-column is-layout-flow wp-block-column-is-layout-flow\">\n<h3 class=\"wp-block-heading\">Caracter\u00edsticas de la vajilla blanca premium al por mayor:<\/h3>\n\n\n\n<ul class=\"wp-block-list\">\n<li><strong>Dise\u00f1o moderno: <\/strong>Esta vajilla blanca al por mayor es elegante y contempor\u00e1nea, y su color blanco puro es atemporal y cl\u00e1sicamente elegante, lo que permite resaltar el color de los alimentos. Cada pieza de vajilla tiene una fina banda dorada alrededor del borde, lo que le a\u00f1ade elegancia y un sutil toque de lujo.<\/li>\n\n\n\n<li><strong>Seguro y duradero: <\/strong>Estos platos y cuencos con borde dorado est\u00e1n fabricados con materiales naturales, libres de sustancias qu\u00edmicas t\u00f3xicas, y son seguros para servir alimentos. Estos art\u00edculos de mesa est\u00e1n cocidos a alta temperatura, son resistentes y robustos, dif\u00edciles de astillar y rayar, y duraderos como objetos para servir.<\/li>\n\n\n\n<li><strong>Gran sentido pr\u00e1ctico: <\/strong>Estos juegos de vajilla blanca al por mayor incluyen platos y cuencos de diferentes tama\u00f1os para satisfacer las diversas necesidades de las comidas diarias. Cuencos de cer\u00e1mica para cereales, fruta, sopa y arroz, platos grandes para los platos principales, como carne y pasta, y platos peque\u00f1os para las guarniciones.<\/li>\n\n\n\n<li><strong>Amplia aplicabilidad: <\/strong>Estos elegantes y modernos platos y cuencos son perfectos para cualquier ocasi\u00f3n, ya sea para las comidas diarias o para recibir invitados. Se pueden utilizar a diario en el hogar o para servir en restaurantes u hoteles de lujo.<\/li>\n<\/ul>\n<\/div>\n\n\n\n<div class=\"wp-block-column is-layout-flow wp-block-column-is-layout-flow\">\n<figure class=\"wp-block-image size-full\"><img fetchpriority=\"high\" decoding=\"async\" width=\"2000\" height=\"2000\" src=\"https:\/\/jinhuaceramic.com\/wp-content\/uploads\/2025\/03\/Modern-White-Wholesale-Tableware-Custom-Cereal-Bowl-And-Dinner-Plates-2.webp\" alt=\"Venta al por mayor de vajilla blanca, platos y cuencos con borde dorado a granel-3\" class=\"wp-image-8331\" srcset=\"https:\/\/jinhuaceramic.com\/wp-content\/uploads\/2025\/03\/Modern-White-Wholesale-Tableware-Custom-Cereal-Bowl-And-Dinner-Plates-2.webp 2000w, https:\/\/jinhuaceramic.com\/wp-content\/uploads\/2025\/03\/Modern-White-Wholesale-Tableware-Custom-Cereal-Bowl-And-Dinner-Plates-2-300x300.webp 300w, https:\/\/jinhuaceramic.com\/wp-content\/uploads\/2025\/03\/Modern-White-Wholesale-Tableware-Custom-Cereal-Bowl-And-Dinner-Plates-2-150x150.webp 150w, https:\/\/jinhuaceramic.com\/wp-content\/uploads\/2025\/03\/Modern-White-Wholesale-Tableware-Custom-Cereal-Bowl-And-Dinner-Plates-2-768x768.webp 768w, https:\/\/jinhuaceramic.com\/wp-content\/uploads\/2025\/03\/Modern-White-Wholesale-Tableware-Custom-Cereal-Bowl-And-Dinner-Plates-2-12x12.webp 12w, https:\/\/jinhuaceramic.com\/wp-content\/uploads\/2025\/03\/Modern-White-Wholesale-Tableware-Custom-Cereal-Bowl-And-Dinner-Plates-2-285x285.webp 285w, https:\/\/jinhuaceramic.com\/wp-content\/uploads\/2025\/03\/Modern-White-Wholesale-Tableware-Custom-Cereal-Bowl-And-Dinner-Plates-2-1600x1600.webp 1600w, https:\/\/jinhuaceramic.com\/wp-content\/uploads\/2025\/03\/Modern-White-Wholesale-Tableware-Custom-Cereal-Bowl-And-Dinner-Plates-2-270x270.webp 270w, https:\/\/jinhuaceramic.com\/wp-content\/uploads\/2025\/03\/Modern-White-Wholesale-Tableware-Custom-Cereal-Bowl-And-Dinner-Plates-2-540x540.webp 540w, https:\/\/jinhuaceramic.com\/wp-content\/uploads\/2025\/03\/Modern-White-Wholesale-Tableware-Custom-Cereal-Bowl-And-Dinner-Plates-2-660x660.webp 660w\" sizes=\"(max-width: 2000px) 100vw, 2000px\" \/><\/figure>\n<\/div>\n<\/div>","protected":false},"excerpt":{"rendered":"<p>Bienvenido a la compra al por mayor de platos y cuencos. Estos juegos de vajilla blanca con bordes dorados ofrecen un dise\u00f1o moderno y una excelente funcionalidad. El fondo blanco impoluto con delicados bordes dorados es elegante y puede complementar el comedor.<\/p>","protected":false},"featured_media":8332,"comment_status":"closed","ping_status":"closed","template":"","meta":{"_acf_changed":false},"product_brand":[],"product_cat":[83,54],"product_tag":[],"class_list":{"0":"post-8330","1":"product","2":"type-product","3":"status-publish","4":"has-post-thumbnail","6":"product_cat-wholesale-dinnerware-sets","7":"product_cat-tableware-wholesale","9":"first","10":"instock","11":"shipping-taxable","12":"product-type-simple"},"acf":[],"_links":{"self":[{"href":"https:\/\/jinhuaceramic.com\/es\/wp-json\/wp\/v2\/product\/8330","targetHints":{"allow":["GET"]}}],"collection":[{"href":"https:\/\/jinhuaceramic.com\/es\/wp-json\/wp\/v2\/product"}],"about":[{"href":"https:\/\/jinhuaceramic.com\/es\/wp-json\/wp\/v2\/types\/product"}],"replies":[{"embeddable":true,"href":"https:\/\/jinhuaceramic.com\/es\/wp-json\/wp\/v2\/comments?post=8330"}],"version-history":[{"count":0,"href":"https:\/\/jinhuaceramic.com\/es\/wp-json\/wp\/v2\/product\/8330\/revisions"}],"wp:featuredmedia":[{"embeddable":true,"href":"https:\/\/jinhuaceramic.com\/es\/wp-json\/wp\/v2\/media\/8332"}],"wp:attachment":[{"href":"https:\/\/jinhuaceramic.com\/es\/wp-json\/wp\/v2\/media?parent=8330"}],"wp:term":[{"taxonomy":"product_brand","embeddable":true,"href":"https:\/\/jinhuaceramic.com\/es\/wp-json\/wp\/v2\/product_brand?post=8330"},{"taxonomy":"product_cat","embeddable":true,"href":"https:\/\/jinhuaceramic.com\/es\/wp-json\/wp\/v2\/product_cat?post=8330"},{"taxonomy":"product_tag","embeddable":true,"href":"https:\/\/jinhuaceramic.com\/es\/wp-json\/wp\/v2\/product_tag?post=8330"}],"curies":[{"name":"wp","href":"https:\/\/api.w.org\/{rel}","templated":true}]}}