{"id":8351,"date":"2025-03-22T08:24:33","date_gmt":"2025-03-22T08:24:33","guid":{"rendered":"https:\/\/jinhuaceramic.com\/?post_type=product&#038;p=8351"},"modified":"2025-03-22T08:24:34","modified_gmt":"2025-03-22T08:24:34","slug":"restaurant-dinnerware-wholesale","status":"publish","type":"product","link":"https:\/\/jinhuaceramic.com\/es\/product\/restaurant-dinnerware-wholesale\/","title":{"rendered":"Vajilla de Restaurante al por mayor, Vajilla Verde Mate al por mayor"},"content":{"rendered":"<div class=\"wp-block-columns is-layout-flex wp-container-core-columns-is-layout-9d6595d7 wp-block-columns-is-layout-flex\">\n<div class=\"wp-block-column is-layout-flow wp-block-column-is-layout-flow\">\n<h3 class=\"wp-block-heading\">Premium Verde Mate Restaurante Vajilla al por mayor Caracter\u00edsticas:<\/h3>\n\n\n\n<ul class=\"wp-block-list\">\n<li><strong>Dise\u00f1o elegante: <\/strong>Estas vajillas de restaurante al por mayor son de un tono verde oscuro mate, no llamativo ni excesivo, y proporcionan una experiencia gastron\u00f3mica c\u00e1lida y acogedora. Los tenues bordes ondulados y el sutil gradiente granulado del esmalte aportan un toque de sofisticaci\u00f3n artesanal a la vajilla.<\/li>\n\n\n\n<li><strong>Material de alta calidad:<\/strong> Estas vajillas de cer\u00e1mica a granel est\u00e1n fabricadas con cer\u00e1mica natural y no t\u00f3xica cocida a altas temperaturas. Son lo suficientemente fuertes como para resistir el calor de los alimentos calientes, tienen una buena resistencia al calor y se pueden utilizar con seguridad en entornos de alta temperatura, como hornos microondas y hornos.<\/li>\n\n\n\n<li><strong>Gran sentido pr\u00e1ctico: <\/strong>Esta vajilla al por mayor mate para restaurantes se suministra con platos llanos y soperos de varios tama\u00f1os. Estos platos y cuencos al por mayor satisfacen las necesidades diarias sin parecer desordenados.<\/li>\n\n\n\n<li><strong>Atenci\u00f3n al detalle: <\/strong>La textura de estas vajillas de cer\u00e1mica a granel es extremadamente gruesa, lo que a\u00f1ade resistencia a la vajilla, hace que sea menos probable que se rompa y tambi\u00e9n mejora la calidad de la vajilla. El esmalte de la vajilla es liso y suave, lo que no s\u00f3lo le da un buen aspecto, sino que tambi\u00e9n es f\u00e1cil de limpiar.<\/li>\n<\/ul>\n<\/div>\n\n\n\n<div class=\"wp-block-column is-layout-flow wp-block-column-is-layout-flow\">\n<figure class=\"wp-block-image size-full\"><img fetchpriority=\"high\" decoding=\"async\" width=\"2000\" height=\"2000\" src=\"https:\/\/jinhuaceramic.com\/wp-content\/uploads\/2025\/03\/Matte-Green-Wholesale-Dinnerware-Custom-Tableware-Bulk-Ceramic-Plates-6.webp\" alt=\"Vajilla de Restaurante al por Mayor, Vajilla Verde Mate Granel-3\" class=\"wp-image-8356\" srcset=\"https:\/\/jinhuaceramic.com\/wp-content\/uploads\/2025\/03\/Matte-Green-Wholesale-Dinnerware-Custom-Tableware-Bulk-Ceramic-Plates-6.webp 2000w, https:\/\/jinhuaceramic.com\/wp-content\/uploads\/2025\/03\/Matte-Green-Wholesale-Dinnerware-Custom-Tableware-Bulk-Ceramic-Plates-6-300x300.webp 300w, https:\/\/jinhuaceramic.com\/wp-content\/uploads\/2025\/03\/Matte-Green-Wholesale-Dinnerware-Custom-Tableware-Bulk-Ceramic-Plates-6-150x150.webp 150w, https:\/\/jinhuaceramic.com\/wp-content\/uploads\/2025\/03\/Matte-Green-Wholesale-Dinnerware-Custom-Tableware-Bulk-Ceramic-Plates-6-768x768.webp 768w, https:\/\/jinhuaceramic.com\/wp-content\/uploads\/2025\/03\/Matte-Green-Wholesale-Dinnerware-Custom-Tableware-Bulk-Ceramic-Plates-6-12x12.webp 12w, https:\/\/jinhuaceramic.com\/wp-content\/uploads\/2025\/03\/Matte-Green-Wholesale-Dinnerware-Custom-Tableware-Bulk-Ceramic-Plates-6-285x285.webp 285w, https:\/\/jinhuaceramic.com\/wp-content\/uploads\/2025\/03\/Matte-Green-Wholesale-Dinnerware-Custom-Tableware-Bulk-Ceramic-Plates-6-1600x1600.webp 1600w, https:\/\/jinhuaceramic.com\/wp-content\/uploads\/2025\/03\/Matte-Green-Wholesale-Dinnerware-Custom-Tableware-Bulk-Ceramic-Plates-6-270x270.webp 270w, https:\/\/jinhuaceramic.com\/wp-content\/uploads\/2025\/03\/Matte-Green-Wholesale-Dinnerware-Custom-Tableware-Bulk-Ceramic-Plates-6-540x540.webp 540w, https:\/\/jinhuaceramic.com\/wp-content\/uploads\/2025\/03\/Matte-Green-Wholesale-Dinnerware-Custom-Tableware-Bulk-Ceramic-Plates-6-660x660.webp 660w\" sizes=\"(max-width: 2000px) 100vw, 2000px\" \/><\/figure>\n<\/div>\n<\/div>","protected":false},"excerpt":{"rendered":"<p>Bienvenido a comprar vajilla de cer\u00e1mica al por mayor. Nuestra vajilla de restaurante verde mate al por mayor presenta un dise\u00f1o sencillo pero elegante, y est\u00e1 disponible para varios estilos de servicio de mesa. El juego de platos y cuencos est\u00e1 disponible para uso diario. Es adecuado para las cenas familiares diarias o entretener a los invitados y puede cumplir con el uso de varias ocasiones.<\/p>","protected":false},"featured_media":8353,"comment_status":"closed","ping_status":"closed","template":"","meta":{"_acf_changed":false},"product_brand":[],"product_cat":[83,54],"product_tag":[],"class_list":{"0":"post-8351","1":"product","2":"type-product","3":"status-publish","4":"has-post-thumbnail","6":"product_cat-wholesale-dinnerware-sets","7":"product_cat-tableware-wholesale","9":"first","10":"instock","11":"shipping-taxable","12":"product-type-simple"},"acf":[],"_links":{"self":[{"href":"https:\/\/jinhuaceramic.com\/es\/wp-json\/wp\/v2\/product\/8351","targetHints":{"allow":["GET"]}}],"collection":[{"href":"https:\/\/jinhuaceramic.com\/es\/wp-json\/wp\/v2\/product"}],"about":[{"href":"https:\/\/jinhuaceramic.com\/es\/wp-json\/wp\/v2\/types\/product"}],"replies":[{"embeddable":true,"href":"https:\/\/jinhuaceramic.com\/es\/wp-json\/wp\/v2\/comments?post=8351"}],"version-history":[{"count":0,"href":"https:\/\/jinhuaceramic.com\/es\/wp-json\/wp\/v2\/product\/8351\/revisions"}],"wp:featuredmedia":[{"embeddable":true,"href":"https:\/\/jinhuaceramic.com\/es\/wp-json\/wp\/v2\/media\/8353"}],"wp:attachment":[{"href":"https:\/\/jinhuaceramic.com\/es\/wp-json\/wp\/v2\/media?parent=8351"}],"wp:term":[{"taxonomy":"product_brand","embeddable":true,"href":"https:\/\/jinhuaceramic.com\/es\/wp-json\/wp\/v2\/product_brand?post=8351"},{"taxonomy":"product_cat","embeddable":true,"href":"https:\/\/jinhuaceramic.com\/es\/wp-json\/wp\/v2\/product_cat?post=8351"},{"taxonomy":"product_tag","embeddable":true,"href":"https:\/\/jinhuaceramic.com\/es\/wp-json\/wp\/v2\/product_tag?post=8351"}],"curies":[{"name":"wp","href":"https:\/\/api.w.org\/{rel}","templated":true}]}}