{"id":8361,"date":"2025-03-22T08:13:32","date_gmt":"2025-03-22T08:13:32","guid":{"rendered":"https:\/\/jinhuaceramic.com\/?post_type=product&#038;p=8361"},"modified":"2025-03-22T08:13:35","modified_gmt":"2025-03-22T08:13:35","slug":"crockery-wholesale","status":"publish","type":"product","link":"https:\/\/jinhuaceramic.com\/es\/product\/crockery-wholesale\/","title":{"rendered":"Vajilla de Dos Tonos al por Mayor, Vajillas de Cer\u00e1mica Personalizadas"},"content":{"rendered":"<div class=\"wp-block-columns is-layout-flex wp-container-core-columns-is-layout-9d6595d7 wp-block-columns-is-layout-flex\">\n<div class=\"wp-block-column is-layout-flow wp-block-column-is-layout-flow\">\n<h3 class=\"wp-block-heading\">Vajilla Bicolor Premium al por mayor Caracter\u00edsticas:<\/h3>\n\n\n\n<ul class=\"wp-block-list\">\n<li><strong>Elegante combinaci\u00f3n de colores: <\/strong>Estos juegos de vajilla al por mayor son de color beige por fuera y verde claro por dentro, con capas m\u00e1s gruesas que un solo color, y esto es lo que hace que den una impresi\u00f3n suave y fresca. Las l\u00edneas marrones a lo largo del borde de cada plato y cuenco aportan un aire de calidez y color terroso al color claro general, y esto lo hace refinado.<\/li>\n\n\n\n<li><strong>Material duradero: <\/strong>Estas vajillas de cer\u00e1mica personalizadas est\u00e1n fabricadas con material cer\u00e1mico duradero de primera calidad, que es robusto y duradero, y soportar\u00e1 los ara\u00f1azos y la abrasi\u00f3n del uso regular, y tambi\u00e9n se mantiene duradero durante un largo per\u00edodo de tiempo.<\/li>\n\n\n\n<li><strong>Gran sentido pr\u00e1ctico: <\/strong>Nuestra vajilla bicolor al por mayor tiene dos tama\u00f1os de platos y dos tama\u00f1os de cuencos, por lo que puede elegir los recipientes correspondientes para diferentes categor\u00edas de platos para satisfacer m\u00e1s necesidades de comidas diferentes. El plato grande se puede utilizar para el plato principal, el plato peque\u00f1o se puede utilizar para guarniciones, el bol grande se puede utilizar para ensalada o pasta, y el bol peque\u00f1o se puede utilizar para sopa, arroz, cereales, etc.<\/li>\n\n\n\n<li><strong>F\u00e1cil de limpiar: <\/strong>Estas vajillas de cer\u00e1mica personalizadas presentan un acabado satinado que no retiene las manchas ni los derrames de comida, por lo que son f\u00e1ciles de limpiar y aptas para el lavavajillas.<\/li>\n<\/ul>\n<\/div>\n\n\n\n<div class=\"wp-block-column is-layout-flow wp-block-column-is-layout-flow\">\n<figure class=\"wp-block-image size-full\"><img fetchpriority=\"high\" decoding=\"async\" width=\"800\" height=\"800\" src=\"https:\/\/jinhuaceramic.com\/wp-content\/uploads\/2025\/03\/Two-Tone-Custom-Crockery-Set-Wholesale-Tableware-Dinner-Plates-And-Bowls-6.webp\" alt=\"Vajilla de Dos Tonos al por Mayor, Vajillas de Cer\u00e1mica Personalizadas-1\" class=\"wp-image-8366\" srcset=\"https:\/\/jinhuaceramic.com\/wp-content\/uploads\/2025\/03\/Two-Tone-Custom-Crockery-Set-Wholesale-Tableware-Dinner-Plates-And-Bowls-6.webp 800w, https:\/\/jinhuaceramic.com\/wp-content\/uploads\/2025\/03\/Two-Tone-Custom-Crockery-Set-Wholesale-Tableware-Dinner-Plates-And-Bowls-6-300x300.webp 300w, https:\/\/jinhuaceramic.com\/wp-content\/uploads\/2025\/03\/Two-Tone-Custom-Crockery-Set-Wholesale-Tableware-Dinner-Plates-And-Bowls-6-150x150.webp 150w, https:\/\/jinhuaceramic.com\/wp-content\/uploads\/2025\/03\/Two-Tone-Custom-Crockery-Set-Wholesale-Tableware-Dinner-Plates-And-Bowls-6-768x768.webp 768w, https:\/\/jinhuaceramic.com\/wp-content\/uploads\/2025\/03\/Two-Tone-Custom-Crockery-Set-Wholesale-Tableware-Dinner-Plates-And-Bowls-6-12x12.webp 12w, https:\/\/jinhuaceramic.com\/wp-content\/uploads\/2025\/03\/Two-Tone-Custom-Crockery-Set-Wholesale-Tableware-Dinner-Plates-And-Bowls-6-285x285.webp 285w, https:\/\/jinhuaceramic.com\/wp-content\/uploads\/2025\/03\/Two-Tone-Custom-Crockery-Set-Wholesale-Tableware-Dinner-Plates-And-Bowls-6-270x270.webp 270w, https:\/\/jinhuaceramic.com\/wp-content\/uploads\/2025\/03\/Two-Tone-Custom-Crockery-Set-Wholesale-Tableware-Dinner-Plates-And-Bowls-6-540x540.webp 540w, https:\/\/jinhuaceramic.com\/wp-content\/uploads\/2025\/03\/Two-Tone-Custom-Crockery-Set-Wholesale-Tableware-Dinner-Plates-And-Bowls-6-660x660.webp 660w\" sizes=\"(max-width: 800px) 100vw, 800px\" \/><\/figure>\n<\/div>\n<\/div>","protected":false},"excerpt":{"rendered":"<p>Bienvenido a las vajillas de cer\u00e1mica personalizadas al por mayor. Nuestra moderna colecci\u00f3n de vajillas al por mayor es popular por su funcionalidad y belleza. Con m\u00faltiples tama\u00f1os de platos y cuencos, se pueden satisfacer las distintas necesidades de los comensales, y el limpio dise\u00f1o bicolor se adapta c\u00f3modamente a cualquier tipo de cena. Adem\u00e1s, la durabilidad y la facilidad de limpieza de la cer\u00e1mica la hacen adecuada para el uso diario.<\/p>","protected":false},"featured_media":8365,"comment_status":"closed","ping_status":"closed","template":"","meta":{"_acf_changed":false},"product_brand":[],"product_cat":[83,54],"product_tag":[],"class_list":{"0":"post-8361","1":"product","2":"type-product","3":"status-publish","4":"has-post-thumbnail","6":"product_cat-wholesale-dinnerware-sets","7":"product_cat-tableware-wholesale","9":"first","10":"instock","11":"shipping-taxable","12":"product-type-simple"},"acf":[],"_links":{"self":[{"href":"https:\/\/jinhuaceramic.com\/es\/wp-json\/wp\/v2\/product\/8361","targetHints":{"allow":["GET"]}}],"collection":[{"href":"https:\/\/jinhuaceramic.com\/es\/wp-json\/wp\/v2\/product"}],"about":[{"href":"https:\/\/jinhuaceramic.com\/es\/wp-json\/wp\/v2\/types\/product"}],"replies":[{"embeddable":true,"href":"https:\/\/jinhuaceramic.com\/es\/wp-json\/wp\/v2\/comments?post=8361"}],"version-history":[{"count":0,"href":"https:\/\/jinhuaceramic.com\/es\/wp-json\/wp\/v2\/product\/8361\/revisions"}],"wp:featuredmedia":[{"embeddable":true,"href":"https:\/\/jinhuaceramic.com\/es\/wp-json\/wp\/v2\/media\/8365"}],"wp:attachment":[{"href":"https:\/\/jinhuaceramic.com\/es\/wp-json\/wp\/v2\/media?parent=8361"}],"wp:term":[{"taxonomy":"product_brand","embeddable":true,"href":"https:\/\/jinhuaceramic.com\/es\/wp-json\/wp\/v2\/product_brand?post=8361"},{"taxonomy":"product_cat","embeddable":true,"href":"https:\/\/jinhuaceramic.com\/es\/wp-json\/wp\/v2\/product_cat?post=8361"},{"taxonomy":"product_tag","embeddable":true,"href":"https:\/\/jinhuaceramic.com\/es\/wp-json\/wp\/v2\/product_tag?post=8361"}],"curies":[{"name":"wp","href":"https:\/\/api.w.org\/{rel}","templated":true}]}}