{"id":8376,"date":"2025-03-25T09:17:27","date_gmt":"2025-03-25T09:17:27","guid":{"rendered":"https:\/\/jinhuaceramic.com\/?post_type=product&#038;p=8376"},"modified":"2025-03-25T09:17:28","modified_gmt":"2025-03-25T09:17:28","slug":"bulk-crockery","status":"publish","type":"product","link":"https:\/\/jinhuaceramic.com\/es\/product\/bulk-crockery\/","title":{"rendered":"Esmalte Reactivo Gris Vajilla A Granel Para Restaurante Y Bodas"},"content":{"rendered":"<div class=\"wp-block-columns is-layout-flex wp-container-core-columns-is-layout-9d6595d7 wp-block-columns-is-layout-flex\">\n<div class=\"wp-block-column is-layout-flow wp-block-column-is-layout-flow\">\n<h3 class=\"wp-block-heading\">Vajilla a granel Premium Caracter\u00edsticas:<\/h3>\n\n\n\n<ul class=\"wp-block-list\">\n<li><strong>Dise\u00f1o moderno: <\/strong>El gris es el color predominante de estas vajillas a granel, y hay diferentes tonos de gris, que proporcionan un efecto de textura \u00fanico. Este color gris de m\u00faltiples capas le proporciona un aspecto relajante y texturizado. Las l\u00edneas decorativas negras de los bordes acent\u00faan el perfil de la vajilla y le confieren un aspecto moderno y actual.<\/li>\n\n\n\n<li><strong>Seguridad de los materiales: <\/strong>La arcilla natural se utiliza en la producci\u00f3n de este juego de vajilla al por mayor, y hay t\u00e9cnica profesional involucrada en el proceso de fabricaci\u00f3n, por lo que no tiene ning\u00fan material nocivo y es seguro y confiable para aplicar. No producir\u00e1 ninguna reacci\u00f3n qu\u00edmica con los alimentos y es capaz de conservar el sabor original de la comida.<\/li>\n\n\n\n<li><strong>Durabilidad: <\/strong>Estas vajillas a granel de calidad superior son duraderas y resistentes al desgaste. Siempre que se utilicen bien y se mantengan en buen estado, por ejemplo, evitando que choquen entre s\u00ed y las temperaturas fr\u00edas y calientes bruscas, pueden utilizarse durante mucho tiempo.<\/li>\n\n\n\n<li><strong>Versatilidad: <\/strong>Estos juegos de vajilla al por mayor constan de platos y cuencos de cer\u00e1mica de distintos tama\u00f1os para necesidades espec\u00edficas y pueden utilizarse en cualquier ocasi\u00f3n, ya sea una cena formal o un almuerzo normal. Son aptos para microondas, horno, freidora, lavavajillas y frigor\u00edfico.<\/li>\n<\/ul>\n<\/div>\n\n\n\n<div class=\"wp-block-column is-layout-flow wp-block-column-is-layout-flow\">\n<figure class=\"wp-block-image size-full\"><img fetchpriority=\"high\" decoding=\"async\" width=\"2000\" height=\"2000\" src=\"https:\/\/jinhuaceramic.com\/wp-content\/uploads\/2025\/03\/High-End-Custom-Tableware-Set-Dinner-Services-Wholesale-Ceramic-Plates-3.webp\" alt=\"Vajilla personalizada de gama alta,-Servicios de mesa-Platos de cer\u00e1mica al por mayor\" class=\"wp-image-8378\" srcset=\"https:\/\/jinhuaceramic.com\/wp-content\/uploads\/2025\/03\/High-End-Custom-Tableware-Set-Dinner-Services-Wholesale-Ceramic-Plates-3.webp 2000w, https:\/\/jinhuaceramic.com\/wp-content\/uploads\/2025\/03\/High-End-Custom-Tableware-Set-Dinner-Services-Wholesale-Ceramic-Plates-3-300x300.webp 300w, https:\/\/jinhuaceramic.com\/wp-content\/uploads\/2025\/03\/High-End-Custom-Tableware-Set-Dinner-Services-Wholesale-Ceramic-Plates-3-150x150.webp 150w, https:\/\/jinhuaceramic.com\/wp-content\/uploads\/2025\/03\/High-End-Custom-Tableware-Set-Dinner-Services-Wholesale-Ceramic-Plates-3-768x768.webp 768w, https:\/\/jinhuaceramic.com\/wp-content\/uploads\/2025\/03\/High-End-Custom-Tableware-Set-Dinner-Services-Wholesale-Ceramic-Plates-3-12x12.webp 12w, https:\/\/jinhuaceramic.com\/wp-content\/uploads\/2025\/03\/High-End-Custom-Tableware-Set-Dinner-Services-Wholesale-Ceramic-Plates-3-285x285.webp 285w, https:\/\/jinhuaceramic.com\/wp-content\/uploads\/2025\/03\/High-End-Custom-Tableware-Set-Dinner-Services-Wholesale-Ceramic-Plates-3-1600x1600.webp 1600w, https:\/\/jinhuaceramic.com\/wp-content\/uploads\/2025\/03\/High-End-Custom-Tableware-Set-Dinner-Services-Wholesale-Ceramic-Plates-3-270x270.webp 270w, https:\/\/jinhuaceramic.com\/wp-content\/uploads\/2025\/03\/High-End-Custom-Tableware-Set-Dinner-Services-Wholesale-Ceramic-Plates-3-540x540.webp 540w, https:\/\/jinhuaceramic.com\/wp-content\/uploads\/2025\/03\/High-End-Custom-Tableware-Set-Dinner-Services-Wholesale-Ceramic-Plates-3-660x660.webp 660w\" sizes=\"(max-width: 2000px) 100vw, 2000px\" \/><\/figure>\n<\/div>\n<\/div>","protected":false},"excerpt":{"rendered":"<p>Bienvenido a comprar juegos de vajilla al por mayor. Estos juegos de vajilla al por mayor son principalmente en colores gris\u00e1ceos exquisitos y coloridos, con textura \u00fanica y bordes oscuros, que son nuevos y art\u00edsticos. El material cer\u00e1mico es resistente al desgaste y no t\u00f3xico, y la combinaci\u00f3n de la placa y el cuenco satisface la demanda de las comidas diarias, tanto la practicidad y el valor est\u00e9tico especial, ya sea comida familiar o banquete formal, puede satisfacer la demanda.<\/p>","protected":false},"featured_media":8382,"comment_status":"closed","ping_status":"closed","template":"","meta":{"_acf_changed":false},"product_brand":[],"product_cat":[83,54],"product_tag":[],"class_list":{"0":"post-8376","1":"product","2":"type-product","3":"status-publish","4":"has-post-thumbnail","6":"product_cat-wholesale-dinnerware-sets","7":"product_cat-tableware-wholesale","9":"first","10":"instock","11":"shipping-taxable","12":"product-type-simple"},"acf":[],"_links":{"self":[{"href":"https:\/\/jinhuaceramic.com\/es\/wp-json\/wp\/v2\/product\/8376","targetHints":{"allow":["GET"]}}],"collection":[{"href":"https:\/\/jinhuaceramic.com\/es\/wp-json\/wp\/v2\/product"}],"about":[{"href":"https:\/\/jinhuaceramic.com\/es\/wp-json\/wp\/v2\/types\/product"}],"replies":[{"embeddable":true,"href":"https:\/\/jinhuaceramic.com\/es\/wp-json\/wp\/v2\/comments?post=8376"}],"version-history":[{"count":0,"href":"https:\/\/jinhuaceramic.com\/es\/wp-json\/wp\/v2\/product\/8376\/revisions"}],"wp:featuredmedia":[{"embeddable":true,"href":"https:\/\/jinhuaceramic.com\/es\/wp-json\/wp\/v2\/media\/8382"}],"wp:attachment":[{"href":"https:\/\/jinhuaceramic.com\/es\/wp-json\/wp\/v2\/media?parent=8376"}],"wp:term":[{"taxonomy":"product_brand","embeddable":true,"href":"https:\/\/jinhuaceramic.com\/es\/wp-json\/wp\/v2\/product_brand?post=8376"},{"taxonomy":"product_cat","embeddable":true,"href":"https:\/\/jinhuaceramic.com\/es\/wp-json\/wp\/v2\/product_cat?post=8376"},{"taxonomy":"product_tag","embeddable":true,"href":"https:\/\/jinhuaceramic.com\/es\/wp-json\/wp\/v2\/product_tag?post=8376"}],"curies":[{"name":"wp","href":"https:\/\/api.w.org\/{rel}","templated":true}]}}