{"id":8386,"date":"2025-03-25T09:03:41","date_gmt":"2025-03-25T09:03:41","guid":{"rendered":"https:\/\/jinhuaceramic.com\/?post_type=product&#038;p=8386"},"modified":"2025-04-15T03:51:45","modified_gmt":"2025-04-15T03:51:45","slug":"wholesale-restaurant-dinnerware","status":"publish","type":"product","link":"https:\/\/jinhuaceramic.com\/es\/product\/wholesale-restaurant-dinnerware\/","title":{"rendered":"Mayorista Vajilla de Restaurante, Moderno Juego de Plato y Bol"},"content":{"rendered":"<div class=\"wp-block-columns is-layout-flex wp-container-core-columns-is-layout-9d6595d7 wp-block-columns-is-layout-flex\">\n<div class=\"wp-block-column is-layout-flow wp-block-column-is-layout-flow\">\n<h3 class=\"wp-block-heading\">Vajilla de restaurante al por mayor de primera calidad Caracter\u00edsticas:<\/h3>\n\n\n\n<ul class=\"wp-block-list\">\n<li><strong>Textura \u00fanica: <\/strong>Estas vajillas de restaurante al por mayor tienen texturas \u00fanicas: los platos grandes tienen una textura en relieve punteada en los bordes, los platos peque\u00f1os una textura en relieve conc\u00e9ntrica y los cuencos una textura acanalada vertical. Estas texturas variadas no solo hacen que la percepci\u00f3n de la vajilla sea m\u00e1s h\u00e1ptica, sino que tambi\u00e9n la hacen m\u00e1s estratificada y \u00fanica visualmente, evitando la uniformidad.<\/li>\n\n\n\n<li><strong>Beige suave:<\/strong> El color predominante de este juego de platos y cuencos a granel es el beige suave, un elemento de color neutro que es muy vers\u00e1til y puede crear una experiencia gastron\u00f3mica c\u00e1lida y acogedora. El borde de esta vajilla tiene l\u00edneas marrones desordenadas que parecen arte pintado a mano, marcando los bordes de la vajilla y a\u00f1adiendo color natural.<\/li>\n\n\n\n<li><strong>Material de alta calidad:<\/strong> Estas vajillas de restaurante al por mayor de alta calidad est\u00e1n hechas de cer\u00e1mica, tienen buenos efectos de aislamiento t\u00e9rmico y son capaces de mantener la temperatura de los alimentos durante m\u00e1s tiempo. Carecen de ingredientes insalubres como el plomo, por lo que su uso es seguro y saludable.<\/li>\n\n\n\n<li><strong>Gran sentido pr\u00e1ctico: <\/strong>Este juego de platos y cuencos a granel incluye grandes platos llanos, peque\u00f1os platos de ensalada y cuencos de cer\u00e1mica que pueden utilizarse para servir arroz, sopa o cereales, etc., para satisfacer diversas necesidades culinarias.<\/li>\n<\/ul>\n<\/div>\n\n\n\n<div class=\"wp-block-column is-layout-flow wp-block-column-is-layout-flow\">\n<figure class=\"wp-block-image size-full\"><img fetchpriority=\"high\" decoding=\"async\" width=\"1000\" height=\"1000\" src=\"https:\/\/jinhuaceramic.com\/wp-content\/uploads\/2025\/03\/Modern-Fine-China-Dinnerware-Wholesale-Custom-Tableware-In-Bulk-6.webp\" alt=\"Mayorista Vajilla de Restaurante, Moderno Juego de Plato y Bol-1\" class=\"wp-image-8391\" srcset=\"https:\/\/jinhuaceramic.com\/wp-content\/uploads\/2025\/03\/Modern-Fine-China-Dinnerware-Wholesale-Custom-Tableware-In-Bulk-6.webp 1000w, https:\/\/jinhuaceramic.com\/wp-content\/uploads\/2025\/03\/Modern-Fine-China-Dinnerware-Wholesale-Custom-Tableware-In-Bulk-6-300x300.webp 300w, https:\/\/jinhuaceramic.com\/wp-content\/uploads\/2025\/03\/Modern-Fine-China-Dinnerware-Wholesale-Custom-Tableware-In-Bulk-6-150x150.webp 150w, https:\/\/jinhuaceramic.com\/wp-content\/uploads\/2025\/03\/Modern-Fine-China-Dinnerware-Wholesale-Custom-Tableware-In-Bulk-6-768x768.webp 768w, https:\/\/jinhuaceramic.com\/wp-content\/uploads\/2025\/03\/Modern-Fine-China-Dinnerware-Wholesale-Custom-Tableware-In-Bulk-6-12x12.webp 12w, https:\/\/jinhuaceramic.com\/wp-content\/uploads\/2025\/03\/Modern-Fine-China-Dinnerware-Wholesale-Custom-Tableware-In-Bulk-6-285x285.webp 285w, https:\/\/jinhuaceramic.com\/wp-content\/uploads\/2025\/03\/Modern-Fine-China-Dinnerware-Wholesale-Custom-Tableware-In-Bulk-6-270x270.webp 270w, https:\/\/jinhuaceramic.com\/wp-content\/uploads\/2025\/03\/Modern-Fine-China-Dinnerware-Wholesale-Custom-Tableware-In-Bulk-6-540x540.webp 540w, https:\/\/jinhuaceramic.com\/wp-content\/uploads\/2025\/03\/Modern-Fine-China-Dinnerware-Wholesale-Custom-Tableware-In-Bulk-6-660x660.webp 660w\" sizes=\"(max-width: 1000px) 100vw, 1000px\" \/><\/figure>\n<\/div>\n<\/div>","protected":false},"excerpt":{"rendered":"<p>Bienvenido a comprar platos y cuencos al por mayor. Esta vajilla de restaurante al por mayor es de color beige suave con borde marr\u00f3n, apropiada para varios estilos de decoraci\u00f3n de mesa. Constan de cuencos y platos con diversas texturas \u00fanicas para satisfacer las necesidades de la cena. El material cer\u00e1mico de alta calidad los hace no s\u00f3lo elegantes sino tambi\u00e9n duraderos, lo que los convierte en la mejor elecci\u00f3n para quienes persiguen una vida de calidad.<\/p>","protected":false},"featured_media":8389,"comment_status":"closed","ping_status":"closed","template":"","meta":{"_acf_changed":false},"product_brand":[],"product_cat":[83,54],"product_tag":[],"class_list":{"0":"post-8386","1":"product","2":"type-product","3":"status-publish","4":"has-post-thumbnail","6":"product_cat-wholesale-dinnerware-sets","7":"product_cat-tableware-wholesale","9":"first","10":"instock","11":"shipping-taxable","12":"product-type-simple"},"acf":[],"_links":{"self":[{"href":"https:\/\/jinhuaceramic.com\/es\/wp-json\/wp\/v2\/product\/8386","targetHints":{"allow":["GET"]}}],"collection":[{"href":"https:\/\/jinhuaceramic.com\/es\/wp-json\/wp\/v2\/product"}],"about":[{"href":"https:\/\/jinhuaceramic.com\/es\/wp-json\/wp\/v2\/types\/product"}],"replies":[{"embeddable":true,"href":"https:\/\/jinhuaceramic.com\/es\/wp-json\/wp\/v2\/comments?post=8386"}],"version-history":[{"count":0,"href":"https:\/\/jinhuaceramic.com\/es\/wp-json\/wp\/v2\/product\/8386\/revisions"}],"wp:featuredmedia":[{"embeddable":true,"href":"https:\/\/jinhuaceramic.com\/es\/wp-json\/wp\/v2\/media\/8389"}],"wp:attachment":[{"href":"https:\/\/jinhuaceramic.com\/es\/wp-json\/wp\/v2\/media?parent=8386"}],"wp:term":[{"taxonomy":"product_brand","embeddable":true,"href":"https:\/\/jinhuaceramic.com\/es\/wp-json\/wp\/v2\/product_brand?post=8386"},{"taxonomy":"product_cat","embeddable":true,"href":"https:\/\/jinhuaceramic.com\/es\/wp-json\/wp\/v2\/product_cat?post=8386"},{"taxonomy":"product_tag","embeddable":true,"href":"https:\/\/jinhuaceramic.com\/es\/wp-json\/wp\/v2\/product_tag?post=8386"}],"curies":[{"name":"wp","href":"https:\/\/api.w.org\/{rel}","templated":true}]}}