{"id":8410,"date":"2025-03-27T09:00:59","date_gmt":"2025-03-27T09:00:59","guid":{"rendered":"https:\/\/jinhuaceramic.com\/?post_type=product&#038;p=8410"},"modified":"2025-03-27T09:01:01","modified_gmt":"2025-03-27T09:01:01","slug":"custom-dinnerware-set","status":"publish","type":"product","link":"https:\/\/jinhuaceramic.com\/es\/product\/custom-dinnerware-set\/","title":{"rendered":"Vajilla Personalizada Para 4, Vajilla de Gres Moderna al por Mayor"},"content":{"rendered":"<div class=\"wp-block-columns is-layout-flex wp-container-core-columns-is-layout-9d6595d7 wp-block-columns-is-layout-flex\">\n<div class=\"wp-block-column is-layout-flow wp-block-column-is-layout-flow\">\n<h3 class=\"wp-block-heading\">Vajilla Personalizada Premium Caracter\u00edsticas:<\/h3>\n\n\n\n<ul class=\"wp-block-list\">\n<li>Colores ingenuamente mezclados: Estas vajillas al por mayor poseen un dise\u00f1o multicolor muy peculiar. La parte superior de los platos y cuencos y la cubierta exterior de las tazas es de color verde oscuro, la secci\u00f3n central de los platos y cuencos es de color beige, y la cubierta exterior de los platos y cuencos y la cubierta interior de las tazas es de color negro, y por lo tanto todos los juegos de vajilla son \u00fanicos sin dejar de ser coherente con la coordinaci\u00f3n general.<\/li>\n\n\n\n<li><strong>Dise\u00f1o de rayas \u00fanico: <\/strong>Las secciones en negro y verde de estas vajillas personalizadas no son aburridas, sino que est\u00e1n adornadas con un dise\u00f1o a rayas en verde claro con un acabado pintado a mano, que aporta una estratificaci\u00f3n visual y sofisticaci\u00f3n a la vajilla y hace que dejen de ser aburridas.<\/li>\n\n\n\n<li><strong>Gres de larga duraci\u00f3n:<\/strong> El tipo de vajilla al por mayor que est\u00e1 hecho de gres de alta calidad. Siendo m\u00e1s fuerte y m\u00e1s duro que la cer\u00e1mica regular, gres tambi\u00e9n desarrolla resistencia razonable contra golpes, ara\u00f1azos y astillado, por lo que estos conjuntos de vajilla se convierten en utilizables para siempre y soportar.<\/li>\n\n\n\n<li><strong>Buena practicidad: <\/strong>Estas vajillas personalizadas incluyen cuencos, platos y tazas de distintos tama\u00f1os, que pueden contener diferentes alimentos y desempe\u00f1ar el papel de diferentes comidas. Son muy adecuados para cenas familiares o para recibir invitados.<\/li>\n<\/ul>\n<\/div>\n\n\n\n<div class=\"wp-block-column is-layout-flow wp-block-column-is-layout-flow\">\n<figure class=\"wp-block-image size-full\"><img fetchpriority=\"high\" decoding=\"async\" width=\"800\" height=\"800\" src=\"https:\/\/jinhuaceramic.com\/wp-content\/uploads\/2025\/03\/Modern-Stoneware-Tableware-Sets-Wholesale-Dinnerware-Service-For-4-2.webp\" alt=\"vajilla a medida para 4 vajillas de gres moderno al por mayor-1\" class=\"wp-image-8411\" srcset=\"https:\/\/jinhuaceramic.com\/wp-content\/uploads\/2025\/03\/Modern-Stoneware-Tableware-Sets-Wholesale-Dinnerware-Service-For-4-2.webp 800w, https:\/\/jinhuaceramic.com\/wp-content\/uploads\/2025\/03\/Modern-Stoneware-Tableware-Sets-Wholesale-Dinnerware-Service-For-4-2-300x300.webp 300w, https:\/\/jinhuaceramic.com\/wp-content\/uploads\/2025\/03\/Modern-Stoneware-Tableware-Sets-Wholesale-Dinnerware-Service-For-4-2-150x150.webp 150w, https:\/\/jinhuaceramic.com\/wp-content\/uploads\/2025\/03\/Modern-Stoneware-Tableware-Sets-Wholesale-Dinnerware-Service-For-4-2-768x768.webp 768w, https:\/\/jinhuaceramic.com\/wp-content\/uploads\/2025\/03\/Modern-Stoneware-Tableware-Sets-Wholesale-Dinnerware-Service-For-4-2-12x12.webp 12w, https:\/\/jinhuaceramic.com\/wp-content\/uploads\/2025\/03\/Modern-Stoneware-Tableware-Sets-Wholesale-Dinnerware-Service-For-4-2-285x285.webp 285w, https:\/\/jinhuaceramic.com\/wp-content\/uploads\/2025\/03\/Modern-Stoneware-Tableware-Sets-Wholesale-Dinnerware-Service-For-4-2-270x270.webp 270w, https:\/\/jinhuaceramic.com\/wp-content\/uploads\/2025\/03\/Modern-Stoneware-Tableware-Sets-Wholesale-Dinnerware-Service-For-4-2-540x540.webp 540w, https:\/\/jinhuaceramic.com\/wp-content\/uploads\/2025\/03\/Modern-Stoneware-Tableware-Sets-Wholesale-Dinnerware-Service-For-4-2-660x660.webp 660w\" sizes=\"(max-width: 800px) 100vw, 800px\" \/><\/figure>\n<\/div>\n<\/div>","protected":false},"excerpt":{"rendered":"<p>Bienvenido a comprar nuestra vajilla personalizada. Estas vajillas al por mayor tienen un dise\u00f1o \u00fanico y son funcionales. La segunda combinaci\u00f3n de colores verde oscuro y beige es elegante y moderna; los cuencos, tazas y platos de diferentes tama\u00f1os satisfacen las exigencias de las comidas diarias y las diversas dietas; el material de gres es resistente y duradero, por lo que estos juegos de vajilla son adecuados para uso dom\u00e9stico y ocasiones formales.<\/p>","protected":false},"featured_media":8415,"comment_status":"closed","ping_status":"closed","template":"","meta":{"_acf_changed":false},"product_brand":[],"product_cat":[83,54],"product_tag":[],"class_list":{"0":"post-8410","1":"product","2":"type-product","3":"status-publish","4":"has-post-thumbnail","6":"product_cat-wholesale-dinnerware-sets","7":"product_cat-tableware-wholesale","9":"first","10":"instock","11":"shipping-taxable","12":"product-type-simple"},"acf":[],"_links":{"self":[{"href":"https:\/\/jinhuaceramic.com\/es\/wp-json\/wp\/v2\/product\/8410","targetHints":{"allow":["GET"]}}],"collection":[{"href":"https:\/\/jinhuaceramic.com\/es\/wp-json\/wp\/v2\/product"}],"about":[{"href":"https:\/\/jinhuaceramic.com\/es\/wp-json\/wp\/v2\/types\/product"}],"replies":[{"embeddable":true,"href":"https:\/\/jinhuaceramic.com\/es\/wp-json\/wp\/v2\/comments?post=8410"}],"version-history":[{"count":0,"href":"https:\/\/jinhuaceramic.com\/es\/wp-json\/wp\/v2\/product\/8410\/revisions"}],"wp:featuredmedia":[{"embeddable":true,"href":"https:\/\/jinhuaceramic.com\/es\/wp-json\/wp\/v2\/media\/8415"}],"wp:attachment":[{"href":"https:\/\/jinhuaceramic.com\/es\/wp-json\/wp\/v2\/media?parent=8410"}],"wp:term":[{"taxonomy":"product_brand","embeddable":true,"href":"https:\/\/jinhuaceramic.com\/es\/wp-json\/wp\/v2\/product_brand?post=8410"},{"taxonomy":"product_cat","embeddable":true,"href":"https:\/\/jinhuaceramic.com\/es\/wp-json\/wp\/v2\/product_cat?post=8410"},{"taxonomy":"product_tag","embeddable":true,"href":"https:\/\/jinhuaceramic.com\/es\/wp-json\/wp\/v2\/product_tag?post=8410"}],"curies":[{"name":"wp","href":"https:\/\/api.w.org\/{rel}","templated":true}]}}