{"id":8419,"date":"2025-03-27T09:41:48","date_gmt":"2025-03-27T09:41:48","guid":{"rendered":"https:\/\/jinhuaceramic.com\/?post_type=product&#038;p=8419"},"modified":"2025-03-27T09:42:15","modified_gmt":"2025-03-27T09:42:15","slug":"customized-dinner-set","status":"publish","type":"product","link":"https:\/\/jinhuaceramic.com\/es\/product\/customized-dinner-set\/","title":{"rendered":"Vajilla Personalizada Con Textura De Espiral, Platos De Cer\u00e1mica Y Bwls Al Por Mayor"},"content":{"rendered":"<div class=\"wp-block-columns is-layout-flex wp-container-core-columns-is-layout-9d6595d7 wp-block-columns-is-layout-flex\">\n<div class=\"wp-block-column is-layout-flow wp-block-column-is-layout-flow\">\n<h3 class=\"wp-block-heading\">Vajilla Personalizada Premium Caracter\u00edsticas:<\/h3>\n\n\n\n<ul class=\"wp-block-list\">\n<li><strong>Patr\u00f3n exclusivo en espiral:<\/strong> El patr\u00f3n en espiral de las vajillas personalizadas es exclusivo, y el dise\u00f1o de c\u00edrculos conc\u00e9ntricos se ensancha hacia fuera desde el centro, lo que crea una sensaci\u00f3n de dinamismo e inter\u00e9s para la vajilla, rompiendo con la vajilla tradicional y revitalizando la mesa de comedor.<\/li>\n\n\n\n<li><strong>Tono de color apacible:<\/strong> Los platos y cuencos de cer\u00e1mica al por mayor se fabrican en un color azul claro que los hace apacibles, modernos y elegantes. El borde de la vajilla est\u00e1 adornado con un borde estrecho de color azul oscuro que corre alrededor del borde de la vajilla y lo hace elegante.<\/li>\n\n\n\n<li><strong>Material cer\u00e1mico de alta calidad:<\/strong> Los platos y cuencos de cer\u00e1mica de alta calidad al por mayor tienen una buena retenci\u00f3n y resistencia al calor, pueden mantener la temperatura de los alimentos durante m\u00e1s tiempo, y los clientes pueden comer comida caliente m\u00e1s c\u00f3modamente. La superficie de la cer\u00e1mica es pura y suave.<\/li>\n\n\n\n<li><strong>Alta practicabilidad:<\/strong> Las vajillas personalizadas incluyen cuencos de 5,9 pulgadas, platos de 8 pulgadas y platos de 10 pulgadas. Los cuencos de 5,9 pulgadas est\u00e1n disponibles para cereales, sopa o cuencos de arroz, etc.; los platos de 8 pulgadas para guarniciones como ensaladas; y los platos de 10 pulgadas para platos principales como filetes, satisfaciendo las comidas diarias y las diferentes demandas alimentarias.<\/li>\n<\/ul>\n<\/div>\n\n\n\n<div class=\"wp-block-column is-layout-flow wp-block-column-is-layout-flow\">\n<figure class=\"wp-block-image size-full\"><img fetchpriority=\"high\" decoding=\"async\" width=\"1000\" height=\"1000\" src=\"https:\/\/jinhuaceramic.com\/wp-content\/uploads\/2025\/03\/Custom-Tableware-With-Spiral-Texture-Ceramic-Dinner-Plates-Wholesale-3.webp\" alt=\"vajilla personalizada con platos de cer\u00e1mica con textura de espiral y bwls al por mayor-1\" class=\"wp-image-8421\" srcset=\"https:\/\/jinhuaceramic.com\/wp-content\/uploads\/2025\/03\/Custom-Tableware-With-Spiral-Texture-Ceramic-Dinner-Plates-Wholesale-3.webp 1000w, https:\/\/jinhuaceramic.com\/wp-content\/uploads\/2025\/03\/Custom-Tableware-With-Spiral-Texture-Ceramic-Dinner-Plates-Wholesale-3-300x300.webp 300w, https:\/\/jinhuaceramic.com\/wp-content\/uploads\/2025\/03\/Custom-Tableware-With-Spiral-Texture-Ceramic-Dinner-Plates-Wholesale-3-150x150.webp 150w, https:\/\/jinhuaceramic.com\/wp-content\/uploads\/2025\/03\/Custom-Tableware-With-Spiral-Texture-Ceramic-Dinner-Plates-Wholesale-3-768x768.webp 768w, https:\/\/jinhuaceramic.com\/wp-content\/uploads\/2025\/03\/Custom-Tableware-With-Spiral-Texture-Ceramic-Dinner-Plates-Wholesale-3-12x12.webp 12w, https:\/\/jinhuaceramic.com\/wp-content\/uploads\/2025\/03\/Custom-Tableware-With-Spiral-Texture-Ceramic-Dinner-Plates-Wholesale-3-285x285.webp 285w, https:\/\/jinhuaceramic.com\/wp-content\/uploads\/2025\/03\/Custom-Tableware-With-Spiral-Texture-Ceramic-Dinner-Plates-Wholesale-3-270x270.webp 270w, https:\/\/jinhuaceramic.com\/wp-content\/uploads\/2025\/03\/Custom-Tableware-With-Spiral-Texture-Ceramic-Dinner-Plates-Wholesale-3-540x540.webp 540w, https:\/\/jinhuaceramic.com\/wp-content\/uploads\/2025\/03\/Custom-Tableware-With-Spiral-Texture-Ceramic-Dinner-Plates-Wholesale-3-660x660.webp 660w\" sizes=\"(max-width: 1000px) 100vw, 1000px\" \/><\/figure>\n<\/div>\n<\/div>","protected":false},"excerpt":{"rendered":"<p>Pida nuestra vajilla personalizada. Estos platos y cuencos de cer\u00e1mica azul claro con motivos en espiral son sencillos pero contempor\u00e1neos y combinan f\u00e1cilmente con cualquier tipo de decoraci\u00f3n. La cer\u00e1mica no es fr\u00e1gil, y los cuencos y platos son muy reutilizables, tanto para una cena formal como para un aperitivo. Con la combinaci\u00f3n de funcionalidad y belleza, estas vajillas tienen el potencial de ser una buena ayuda para mejorar en gran medida la experiencia gastron\u00f3mica del usuario.<\/p>","protected":false},"featured_media":8422,"comment_status":"closed","ping_status":"closed","template":"","meta":{"_acf_changed":false},"product_brand":[],"product_cat":[83,54],"product_tag":[],"class_list":{"0":"post-8419","1":"product","2":"type-product","3":"status-publish","4":"has-post-thumbnail","6":"product_cat-wholesale-dinnerware-sets","7":"product_cat-tableware-wholesale","9":"first","10":"instock","11":"shipping-taxable","12":"product-type-simple"},"acf":[],"_links":{"self":[{"href":"https:\/\/jinhuaceramic.com\/es\/wp-json\/wp\/v2\/product\/8419","targetHints":{"allow":["GET"]}}],"collection":[{"href":"https:\/\/jinhuaceramic.com\/es\/wp-json\/wp\/v2\/product"}],"about":[{"href":"https:\/\/jinhuaceramic.com\/es\/wp-json\/wp\/v2\/types\/product"}],"replies":[{"embeddable":true,"href":"https:\/\/jinhuaceramic.com\/es\/wp-json\/wp\/v2\/comments?post=8419"}],"version-history":[{"count":0,"href":"https:\/\/jinhuaceramic.com\/es\/wp-json\/wp\/v2\/product\/8419\/revisions"}],"wp:featuredmedia":[{"embeddable":true,"href":"https:\/\/jinhuaceramic.com\/es\/wp-json\/wp\/v2\/media\/8422"}],"wp:attachment":[{"href":"https:\/\/jinhuaceramic.com\/es\/wp-json\/wp\/v2\/media?parent=8419"}],"wp:term":[{"taxonomy":"product_brand","embeddable":true,"href":"https:\/\/jinhuaceramic.com\/es\/wp-json\/wp\/v2\/product_brand?post=8419"},{"taxonomy":"product_cat","embeddable":true,"href":"https:\/\/jinhuaceramic.com\/es\/wp-json\/wp\/v2\/product_cat?post=8419"},{"taxonomy":"product_tag","embeddable":true,"href":"https:\/\/jinhuaceramic.com\/es\/wp-json\/wp\/v2\/product_tag?post=8419"}],"curies":[{"name":"wp","href":"https:\/\/api.w.org\/{rel}","templated":true}]}}