{"id":8435,"date":"2025-03-29T02:14:42","date_gmt":"2025-03-29T02:14:42","guid":{"rendered":"https:\/\/jinhuaceramic.com\/?post_type=product&#038;p=8435"},"modified":"2025-03-29T02:14:43","modified_gmt":"2025-03-29T02:14:43","slug":"ceramic-dinner-set-wholesale","status":"publish","type":"product","link":"https:\/\/jinhuaceramic.com\/es\/product\/ceramic-dinner-set-wholesale\/","title":{"rendered":"Vajilla de Cer\u00e1mica Fina al por Mayor, Plato Blanco Taz\u00f3n Taza a Granel"},"content":{"rendered":"<div class=\"wp-block-columns is-layout-flex wp-container-core-columns-is-layout-9d6595d7 wp-block-columns-is-layout-flex\">\n<div class=\"wp-block-column is-layout-flow wp-block-column-is-layout-flow\">\n<h3 class=\"wp-block-heading\">Vajilla de Cer\u00e1mica Premium al por mayor Caracter\u00edsticas:<\/h3>\n\n\n\n<ul class=\"wp-block-list\">\n<li><strong>Forma simple:<\/strong> La forma de esta vajilla de cer\u00e1mica al por mayor es concisa y elegante en general. Los platos de la cena son redondos cl\u00e1sicos, los bordes de los cuencos de cer\u00e1mica se doblan ligeramente, con un sentido de estratificaci\u00f3n, y las tazas de cer\u00e1mica se hinchan en el centro y se contraen en la parte inferior, con un fuerte sentido de dise\u00f1o.<\/li>\n\n\n\n<li><strong>Dise\u00f1o elegante:<\/strong> Estas vajillas al por mayor presentan un patr\u00f3n de color degradado muy sutil. El cambio gradual desde el centro beige hacia el borde marr\u00f3n proporciona un efecto visual en capas. Los bordes de la vajilla presentan c\u00edrculos conc\u00e9ntricos en relieve que le dan un toque elegante.<\/li>\n\n\n\n<li><strong>Material de alta calidad: <\/strong>Esta vajilla de cer\u00e1mica al por mayor est\u00e1 fabricada con material cer\u00e1mico de alta calidad cocido a altas temperaturas. Son fuertes y duraderos, y pueden resistir el desgaste, astillado y ara\u00f1azos sobre una base diaria, por lo que son de larga duraci\u00f3n.<\/li>\n\n\n\n<li><strong>Juego completo: <\/strong>Estas vajillas al por mayor contienen 4 platos llanos, 4 platos de ensalada, 4 cuencos y 4 tazas. El juego de 16 piezas satisfar\u00e1 las necesidades diarias de una familia de cuatro miembros y las peque\u00f1as reuniones.<\/li>\n<\/ul>\n<\/div>\n\n\n\n<div class=\"wp-block-column is-layout-flow wp-block-column-is-layout-flow\">\n<figure class=\"wp-block-image size-full\"><img fetchpriority=\"high\" decoding=\"async\" width=\"1000\" height=\"1000\" src=\"https:\/\/jinhuaceramic.com\/wp-content\/uploads\/2025\/03\/Fine-China-Tableware-Sets-Wholesale-Dinnerware-Set-Service-For-4.webp\" alt=\"Vajilla de Cer\u00e1mica Fina al por Mayor, Plato Blanco Taz\u00f3n Taza a Granel-5\" class=\"wp-image-8440\" srcset=\"https:\/\/jinhuaceramic.com\/wp-content\/uploads\/2025\/03\/Fine-China-Tableware-Sets-Wholesale-Dinnerware-Set-Service-For-4.webp 1000w, https:\/\/jinhuaceramic.com\/wp-content\/uploads\/2025\/03\/Fine-China-Tableware-Sets-Wholesale-Dinnerware-Set-Service-For-4-300x300.webp 300w, https:\/\/jinhuaceramic.com\/wp-content\/uploads\/2025\/03\/Fine-China-Tableware-Sets-Wholesale-Dinnerware-Set-Service-For-4-150x150.webp 150w, https:\/\/jinhuaceramic.com\/wp-content\/uploads\/2025\/03\/Fine-China-Tableware-Sets-Wholesale-Dinnerware-Set-Service-For-4-768x768.webp 768w, https:\/\/jinhuaceramic.com\/wp-content\/uploads\/2025\/03\/Fine-China-Tableware-Sets-Wholesale-Dinnerware-Set-Service-For-4-12x12.webp 12w, https:\/\/jinhuaceramic.com\/wp-content\/uploads\/2025\/03\/Fine-China-Tableware-Sets-Wholesale-Dinnerware-Set-Service-For-4-285x285.webp 285w, https:\/\/jinhuaceramic.com\/wp-content\/uploads\/2025\/03\/Fine-China-Tableware-Sets-Wholesale-Dinnerware-Set-Service-For-4-270x270.webp 270w, https:\/\/jinhuaceramic.com\/wp-content\/uploads\/2025\/03\/Fine-China-Tableware-Sets-Wholesale-Dinnerware-Set-Service-For-4-540x540.webp 540w, https:\/\/jinhuaceramic.com\/wp-content\/uploads\/2025\/03\/Fine-China-Tableware-Sets-Wholesale-Dinnerware-Set-Service-For-4-660x660.webp 660w\" sizes=\"(max-width: 1000px) 100vw, 1000px\" \/><\/figure>\n<\/div>\n<\/div>","protected":false},"excerpt":{"rendered":"<p>Bienvenido a comprar vajilla al por mayor para restaurante. Esta vajilla de cer\u00e1mica al por mayor es popular por su dise\u00f1o sencillo y elegante. Los tonos neutros degradados son vers\u00e1tiles y pueden adaptarse a varios estilos de hogar. El material cer\u00e1mico es resistente y duradero, adecuado para las comidas diarias.<\/p>","protected":false},"featured_media":8438,"comment_status":"closed","ping_status":"closed","template":"","meta":{"_acf_changed":false},"product_brand":[],"product_cat":[83,54],"product_tag":[],"class_list":{"0":"post-8435","1":"product","2":"type-product","3":"status-publish","4":"has-post-thumbnail","6":"product_cat-wholesale-dinnerware-sets","7":"product_cat-tableware-wholesale","9":"first","10":"instock","11":"shipping-taxable","12":"product-type-simple"},"acf":[],"_links":{"self":[{"href":"https:\/\/jinhuaceramic.com\/es\/wp-json\/wp\/v2\/product\/8435","targetHints":{"allow":["GET"]}}],"collection":[{"href":"https:\/\/jinhuaceramic.com\/es\/wp-json\/wp\/v2\/product"}],"about":[{"href":"https:\/\/jinhuaceramic.com\/es\/wp-json\/wp\/v2\/types\/product"}],"replies":[{"embeddable":true,"href":"https:\/\/jinhuaceramic.com\/es\/wp-json\/wp\/v2\/comments?post=8435"}],"version-history":[{"count":0,"href":"https:\/\/jinhuaceramic.com\/es\/wp-json\/wp\/v2\/product\/8435\/revisions"}],"wp:featuredmedia":[{"embeddable":true,"href":"https:\/\/jinhuaceramic.com\/es\/wp-json\/wp\/v2\/media\/8438"}],"wp:attachment":[{"href":"https:\/\/jinhuaceramic.com\/es\/wp-json\/wp\/v2\/media?parent=8435"}],"wp:term":[{"taxonomy":"product_brand","embeddable":true,"href":"https:\/\/jinhuaceramic.com\/es\/wp-json\/wp\/v2\/product_brand?post=8435"},{"taxonomy":"product_cat","embeddable":true,"href":"https:\/\/jinhuaceramic.com\/es\/wp-json\/wp\/v2\/product_cat?post=8435"},{"taxonomy":"product_tag","embeddable":true,"href":"https:\/\/jinhuaceramic.com\/es\/wp-json\/wp\/v2\/product_tag?post=8435"}],"curies":[{"name":"wp","href":"https:\/\/api.w.org\/{rel}","templated":true}]}}