{"id":8468,"date":"2025-04-03T06:49:59","date_gmt":"2025-04-03T06:49:59","guid":{"rendered":"https:\/\/jinhuaceramic.com\/?post_type=product&#038;p=8468"},"modified":"2025-04-03T06:50:01","modified_gmt":"2025-04-03T06:50:01","slug":"custom-china-dinnerware","status":"publish","type":"product","link":"https:\/\/jinhuaceramic.com\/es\/product\/custom-china-dinnerware\/","title":{"rendered":"Vajilla de China a Medida con Esmalte Reactivo, Vajilla Fina al por Mayor"},"content":{"rendered":"<div class=\"wp-block-columns is-layout-flex wp-container-core-columns-is-layout-9d6595d7 wp-block-columns-is-layout-flex\">\n<div class=\"wp-block-column is-layout-flow wp-block-column-is-layout-flow\">\n<h3 class=\"wp-block-heading\">Vajilla de porcelana premium personalizada Caracter\u00edsticas:<\/h3>\n\n\n\n<ul class=\"wp-block-list\">\n<li><strong>Dise\u00f1o elegante: <\/strong>El dise\u00f1o de esta vajilla de porcelana personalizada es refinado y moderno, con el verde oscuro vintage como color principal. Dos c\u00edrculos decorativos de color marr\u00f3n oscuro en el borde de la vajilla realzan el borde de la vajilla y aportan una sensaci\u00f3n de lujo y refinamiento.<\/li>\n\n\n\n<li><strong>Esmalte reactivo:<\/strong> Estas vajillas al por mayor de alta calidad utilizan un proceso de esmaltado reactivo tal que el color del esmalte no es estrictamente uniforme, sino de tonos moteados y diferentes capas. El color y la textura del esmalte en cada vajilla son ligeramente diferentes, con un toque casero reconocible, evitando la planitud de la producci\u00f3n en masa.<\/li>\n\n\n\n<li><strong>Gres resistente:<\/strong> Esta vajilla de gres al por mayor es dura, de buena durabilidad y no se rompe ni desgasta tan f\u00e1cilmente, y tiene una larga vida \u00fatil. El gres tambi\u00e9n es resistente a los da\u00f1os causados por el calor y puede recalentarse en el microondas, el horno y la freidora.<\/li>\n\n\n\n<li><strong>Juego completo:<\/strong> Esta vajilla de porcelana a medida se compone de platos y cuencos con diferentes capacidades, capaces de satisfacer distintas necesidades en las comidas diarias, como servir sopas, aperitivos, platos, etc., y adaptarse a distintas circunstancias, como las cenas familiares y los agasajos.<\/li>\n<\/ul>\n<\/div>\n\n\n\n<div class=\"wp-block-column is-layout-flow wp-block-column-is-layout-flow\">\n<figure class=\"wp-block-image size-full\"><img fetchpriority=\"high\" decoding=\"async\" width=\"2000\" height=\"2000\" src=\"https:\/\/jinhuaceramic.com\/wp-content\/uploads\/2025\/04\/Custom-Tableware-with-Reactive-Glaze-Fine-China-Dinnerware-Set-Wholesale-4.webp\" alt=\"custom-china-dinnerware-with-reactive-glaze-fine-tableware-wholesale-1\" class=\"wp-image-8471\" srcset=\"https:\/\/jinhuaceramic.com\/wp-content\/uploads\/2025\/04\/Custom-Tableware-with-Reactive-Glaze-Fine-China-Dinnerware-Set-Wholesale-4.webp 2000w, https:\/\/jinhuaceramic.com\/wp-content\/uploads\/2025\/04\/Custom-Tableware-with-Reactive-Glaze-Fine-China-Dinnerware-Set-Wholesale-4-300x300.webp 300w, https:\/\/jinhuaceramic.com\/wp-content\/uploads\/2025\/04\/Custom-Tableware-with-Reactive-Glaze-Fine-China-Dinnerware-Set-Wholesale-4-150x150.webp 150w, https:\/\/jinhuaceramic.com\/wp-content\/uploads\/2025\/04\/Custom-Tableware-with-Reactive-Glaze-Fine-China-Dinnerware-Set-Wholesale-4-768x768.webp 768w, https:\/\/jinhuaceramic.com\/wp-content\/uploads\/2025\/04\/Custom-Tableware-with-Reactive-Glaze-Fine-China-Dinnerware-Set-Wholesale-4-12x12.webp 12w, https:\/\/jinhuaceramic.com\/wp-content\/uploads\/2025\/04\/Custom-Tableware-with-Reactive-Glaze-Fine-China-Dinnerware-Set-Wholesale-4-285x285.webp 285w, https:\/\/jinhuaceramic.com\/wp-content\/uploads\/2025\/04\/Custom-Tableware-with-Reactive-Glaze-Fine-China-Dinnerware-Set-Wholesale-4-1600x1600.webp 1600w, https:\/\/jinhuaceramic.com\/wp-content\/uploads\/2025\/04\/Custom-Tableware-with-Reactive-Glaze-Fine-China-Dinnerware-Set-Wholesale-4-270x270.webp 270w, https:\/\/jinhuaceramic.com\/wp-content\/uploads\/2025\/04\/Custom-Tableware-with-Reactive-Glaze-Fine-China-Dinnerware-Set-Wholesale-4-540x540.webp 540w, https:\/\/jinhuaceramic.com\/wp-content\/uploads\/2025\/04\/Custom-Tableware-with-Reactive-Glaze-Fine-China-Dinnerware-Set-Wholesale-4-660x660.webp 660w\" sizes=\"(max-width: 2000px) 100vw, 2000px\" \/><\/figure>\n<\/div>\n<\/div>","protected":false},"excerpt":{"rendered":"<p>Bienvenido a comprar vajilla de porcelana al por mayor. Las principales ventajas de estas vajillas al por mayor son su aspecto moderno y elegante, la salud y la seguridad, durabilidad y plato y taz\u00f3n combinado, que son a la vez funcional y encantador y puede mejorar la experiencia de comer en gran medida, por lo que son perfectos para el uso diario, as\u00ed como para ocasiones especiales.<\/p>","protected":false},"featured_media":8474,"comment_status":"closed","ping_status":"closed","template":"","meta":{"_acf_changed":false},"product_brand":[],"product_cat":[83,54],"product_tag":[],"class_list":{"0":"post-8468","1":"product","2":"type-product","3":"status-publish","4":"has-post-thumbnail","6":"product_cat-wholesale-dinnerware-sets","7":"product_cat-tableware-wholesale","9":"first","10":"instock","11":"shipping-taxable","12":"product-type-simple"},"acf":[],"_links":{"self":[{"href":"https:\/\/jinhuaceramic.com\/es\/wp-json\/wp\/v2\/product\/8468","targetHints":{"allow":["GET"]}}],"collection":[{"href":"https:\/\/jinhuaceramic.com\/es\/wp-json\/wp\/v2\/product"}],"about":[{"href":"https:\/\/jinhuaceramic.com\/es\/wp-json\/wp\/v2\/types\/product"}],"replies":[{"embeddable":true,"href":"https:\/\/jinhuaceramic.com\/es\/wp-json\/wp\/v2\/comments?post=8468"}],"version-history":[{"count":0,"href":"https:\/\/jinhuaceramic.com\/es\/wp-json\/wp\/v2\/product\/8468\/revisions"}],"wp:featuredmedia":[{"embeddable":true,"href":"https:\/\/jinhuaceramic.com\/es\/wp-json\/wp\/v2\/media\/8474"}],"wp:attachment":[{"href":"https:\/\/jinhuaceramic.com\/es\/wp-json\/wp\/v2\/media?parent=8468"}],"wp:term":[{"taxonomy":"product_brand","embeddable":true,"href":"https:\/\/jinhuaceramic.com\/es\/wp-json\/wp\/v2\/product_brand?post=8468"},{"taxonomy":"product_cat","embeddable":true,"href":"https:\/\/jinhuaceramic.com\/es\/wp-json\/wp\/v2\/product_cat?post=8468"},{"taxonomy":"product_tag","embeddable":true,"href":"https:\/\/jinhuaceramic.com\/es\/wp-json\/wp\/v2\/product_tag?post=8468"}],"curies":[{"name":"wp","href":"https:\/\/api.w.org\/{rel}","templated":true}]}}