{"id":8478,"date":"2025-04-03T06:35:56","date_gmt":"2025-04-03T06:35:56","guid":{"rendered":"https:\/\/jinhuaceramic.com\/?post_type=product&#038;p=8478"},"modified":"2025-04-03T06:35:58","modified_gmt":"2025-04-03T06:35:58","slug":"china-tableware-sets-wholesale","status":"publish","type":"product","link":"https:\/\/jinhuaceramic.com\/es\/product\/china-tableware-sets-wholesale\/","title":{"rendered":"Vajilla de porcelana fina al por mayor, vajilla personalizada a granel"},"content":{"rendered":"<div class=\"wp-block-columns is-layout-flex wp-container-core-columns-is-layout-9d6595d7 wp-block-columns-is-layout-flex\">\n<div class=\"wp-block-column is-layout-flow wp-block-column-is-layout-flow\">\n<h3 class=\"wp-block-heading\">Vajilla de porcelana fina de primera calidad Caracter\u00edsticas:<\/h3>\n\n\n\n<ul class=\"wp-block-list\">\n<li><strong>Dise\u00f1o elegante:<\/strong> Lo m\u00e1s llamativo de estos juegos de vajilla de porcelana son las bandas ornamentadas que consisten en cortos trazos verticales azules en una serie de un par de filas a modo de borde. Los cortos trazos verticales azules son irregulares, con diferentes longitudes y espacios, por lo que tienen el aspecto de un producto hecho a mano. El binomio azul y blanco es puro y natural y crea un ambiente sencillo y fresco para comer.<\/li>\n\n\n\n<li><strong>Material duradero:<\/strong> Estas vajillas de porcelana al por mayor est\u00e1n fabricadas con material cer\u00e1mico de alta calidad cocido a alta temperatura. No se rompen ni desgastan f\u00e1cilmente, por lo que son resistentes y duraderos. Usadas a diario, podr\u00e1n mantener su forma original durante mucho tiempo.<\/li>\n\n\n\n<li><strong>Seguridad y salud: <\/strong>Estas vajillas personalizadas a granel de alta calidad no contienen productos qu\u00edmicos nocivos durante el proceso de cocci\u00f3n y no liberan sustancias t\u00f3xicas cuando se utilizan. Son seguras para el contacto con alimentos y satisfacen las necesidades de una dieta sana.<\/li>\n\n\n\n<li><strong>Vers\u00e1til: <\/strong>Estas vajillas personalizadas a granel vienen con dos tama\u00f1os de platos, cuencos y tazas para adaptarse a las distintas necesidades culinarias: platos grandes para platos principales, platos peque\u00f1os para guarniciones o aperitivos, cuencos para sopa, gachas o cereales, y tazas para bebidas como caf\u00e9, t\u00e9 o leche.<\/li>\n<\/ul>\n<\/div>\n\n\n\n<div class=\"wp-block-column is-layout-flow wp-block-column-is-layout-flow\">\n<figure class=\"wp-block-image size-full\"><img fetchpriority=\"high\" decoding=\"async\" width=\"1024\" height=\"1024\" src=\"https:\/\/jinhuaceramic.com\/wp-content\/uploads\/2025\/04\/Fine-China-Tableware-Sets-Wholesale-Custom-Dinnerware-In-Bulk-6.webp\" alt=\"fine-china-tableware-sets-wholesale-custom-dinnerware-in-bulk-1\" class=\"wp-image-8483\" srcset=\"https:\/\/jinhuaceramic.com\/wp-content\/uploads\/2025\/04\/Fine-China-Tableware-Sets-Wholesale-Custom-Dinnerware-In-Bulk-6.webp 1024w, https:\/\/jinhuaceramic.com\/wp-content\/uploads\/2025\/04\/Fine-China-Tableware-Sets-Wholesale-Custom-Dinnerware-In-Bulk-6-300x300.webp 300w, https:\/\/jinhuaceramic.com\/wp-content\/uploads\/2025\/04\/Fine-China-Tableware-Sets-Wholesale-Custom-Dinnerware-In-Bulk-6-150x150.webp 150w, https:\/\/jinhuaceramic.com\/wp-content\/uploads\/2025\/04\/Fine-China-Tableware-Sets-Wholesale-Custom-Dinnerware-In-Bulk-6-768x768.webp 768w, https:\/\/jinhuaceramic.com\/wp-content\/uploads\/2025\/04\/Fine-China-Tableware-Sets-Wholesale-Custom-Dinnerware-In-Bulk-6-12x12.webp 12w, https:\/\/jinhuaceramic.com\/wp-content\/uploads\/2025\/04\/Fine-China-Tableware-Sets-Wholesale-Custom-Dinnerware-In-Bulk-6-285x285.webp 285w, https:\/\/jinhuaceramic.com\/wp-content\/uploads\/2025\/04\/Fine-China-Tableware-Sets-Wholesale-Custom-Dinnerware-In-Bulk-6-270x270.webp 270w, https:\/\/jinhuaceramic.com\/wp-content\/uploads\/2025\/04\/Fine-China-Tableware-Sets-Wholesale-Custom-Dinnerware-In-Bulk-6-540x540.webp 540w, https:\/\/jinhuaceramic.com\/wp-content\/uploads\/2025\/04\/Fine-China-Tableware-Sets-Wholesale-Custom-Dinnerware-In-Bulk-6-660x660.webp 660w\" sizes=\"(max-width: 1024px) 100vw, 1024px\" \/><\/figure>\n<\/div>\n<\/div>","protected":false},"excerpt":{"rendered":"<p>Bienvenido a comprar nuestra vajilla personalizada al por mayor. Estos juegos de vajilla de porcelana fina est\u00e1n elegantemente dise\u00f1ados para adaptarse a cualquier estilo de decoraci\u00f3n del hogar; incluyen platos, cuencos y tazas para satisfacer diversas necesidades de comedor y est\u00e1n hechos de materiales duraderos y seguros. No s\u00f3lo son bonitos, sino que tambi\u00e9n son funcionales y apropiados para el uso diario junto con ocasiones especiales.<\/p>","protected":false},"featured_media":8482,"comment_status":"closed","ping_status":"closed","template":"","meta":{"_acf_changed":false},"product_brand":[],"product_cat":[83,54],"product_tag":[],"class_list":{"0":"post-8478","1":"product","2":"type-product","3":"status-publish","4":"has-post-thumbnail","6":"product_cat-wholesale-dinnerware-sets","7":"product_cat-tableware-wholesale","9":"first","10":"instock","11":"shipping-taxable","12":"product-type-simple"},"acf":[],"_links":{"self":[{"href":"https:\/\/jinhuaceramic.com\/es\/wp-json\/wp\/v2\/product\/8478","targetHints":{"allow":["GET"]}}],"collection":[{"href":"https:\/\/jinhuaceramic.com\/es\/wp-json\/wp\/v2\/product"}],"about":[{"href":"https:\/\/jinhuaceramic.com\/es\/wp-json\/wp\/v2\/types\/product"}],"replies":[{"embeddable":true,"href":"https:\/\/jinhuaceramic.com\/es\/wp-json\/wp\/v2\/comments?post=8478"}],"version-history":[{"count":0,"href":"https:\/\/jinhuaceramic.com\/es\/wp-json\/wp\/v2\/product\/8478\/revisions"}],"wp:featuredmedia":[{"embeddable":true,"href":"https:\/\/jinhuaceramic.com\/es\/wp-json\/wp\/v2\/media\/8482"}],"wp:attachment":[{"href":"https:\/\/jinhuaceramic.com\/es\/wp-json\/wp\/v2\/media?parent=8478"}],"wp:term":[{"taxonomy":"product_brand","embeddable":true,"href":"https:\/\/jinhuaceramic.com\/es\/wp-json\/wp\/v2\/product_brand?post=8478"},{"taxonomy":"product_cat","embeddable":true,"href":"https:\/\/jinhuaceramic.com\/es\/wp-json\/wp\/v2\/product_cat?post=8478"},{"taxonomy":"product_tag","embeddable":true,"href":"https:\/\/jinhuaceramic.com\/es\/wp-json\/wp\/v2\/product_tag?post=8478"}],"curies":[{"name":"wp","href":"https:\/\/api.w.org\/{rel}","templated":true}]}}