{"id":8506,"date":"2025-04-08T02:42:54","date_gmt":"2025-04-08T02:42:54","guid":{"rendered":"https:\/\/jinhuaceramic.com\/?post_type=product&#038;p=8506"},"modified":"2025-04-08T02:42:56","modified_gmt":"2025-04-08T02:42:56","slug":"dinnerware-bulk","status":"publish","type":"product","link":"https:\/\/jinhuaceramic.com\/es\/product\/dinnerware-bulk\/","title":{"rendered":"Vajilla Vintage Rosa a Granel, Vajillas a Medida"},"content":{"rendered":"<div class=\"wp-block-columns is-layout-flex wp-container-core-columns-is-layout-9d6595d7 wp-block-columns-is-layout-flex\">\n<div class=\"wp-block-column is-layout-flow wp-block-column-is-layout-flow\">\n<h3 class=\"wp-block-heading\">Vajilla Premium a Granel Caracter\u00edsticas:<\/h3>\n\n\n\n<ul class=\"wp-block-list\">\n<li><strong>Dise\u00f1o elegante:<\/strong> Esta vajilla de cer\u00e1mica a granel es elegante y antigua, con peque\u00f1as rosas rojas y hojas verdes en la parte superior y finas l\u00edneas en forma de encaje a lo largo de los bordes. Los dise\u00f1os de rosas simbolizan normalmente el amor, la belleza y la elegancia, y pueden dar un ambiente c\u00e1lido y rom\u00e1ntico a la mesa del comedor.<\/li>\n\n\n\n<li><strong>Textura cer\u00e1mica: <\/strong>Estas vajillas a medida se fabrican con arcilla cer\u00e1mica natural de alta cocci\u00f3n, c\u00e1lida al tacto y con cierto peso para que la gente adquiera una sensaci\u00f3n de calidad. En comparaci\u00f3n con las vajillas de pl\u00e1stico o vidrio, la cer\u00e1mica es capaz de contribuir a la ritualizaci\u00f3n de las comidas.<\/li>\n\n\n\n<li><strong>Gran sentido pr\u00e1ctico:<\/strong> Esta vajilla de cer\u00e1mica a granel incluye un cuenco y dos platos de distintos tama\u00f1os para adaptarse a diversas necesidades culinarias. El cuenco es ideal para servir sopa, cereales, ensalada, etc., el plato m\u00e1s peque\u00f1o es ideal para servir aperitivos, guarniciones y aperitivos, y el plato m\u00e1s grande es ideal para servir filetes, pasta, etc.<\/li>\n\n\n\n<li><strong>El regalo perfecto: <\/strong>Estos juegos de vajilla a medida tienen un dise\u00f1o bonito y elegante, y son muy adecuados como regalos de boda, regalos de inauguraci\u00f3n de la casa, regalos de festivales, etc., para expresar ideas y desear buena fortuna.<\/li>\n<\/ul>\n<\/div>\n\n\n\n<div class=\"wp-block-column is-layout-flow wp-block-column-is-layout-flow\">\n<figure class=\"wp-block-image size-full\"><img fetchpriority=\"high\" decoding=\"async\" width=\"800\" height=\"800\" src=\"https:\/\/jinhuaceramic.com\/wp-content\/uploads\/2025\/04\/Vintage-Tableware-Set-With-Rose-Pattern-Service-For-12-Dinnerware-Set-4.webp\" alt=\"Rose Pattern Vintage Vajilla a Granel, Vajilla Comercial Sets-1\" class=\"wp-image-8509\" srcset=\"https:\/\/jinhuaceramic.com\/wp-content\/uploads\/2025\/04\/Vintage-Tableware-Set-With-Rose-Pattern-Service-For-12-Dinnerware-Set-4.webp 800w, https:\/\/jinhuaceramic.com\/wp-content\/uploads\/2025\/04\/Vintage-Tableware-Set-With-Rose-Pattern-Service-For-12-Dinnerware-Set-4-300x300.webp 300w, https:\/\/jinhuaceramic.com\/wp-content\/uploads\/2025\/04\/Vintage-Tableware-Set-With-Rose-Pattern-Service-For-12-Dinnerware-Set-4-150x150.webp 150w, https:\/\/jinhuaceramic.com\/wp-content\/uploads\/2025\/04\/Vintage-Tableware-Set-With-Rose-Pattern-Service-For-12-Dinnerware-Set-4-768x768.webp 768w, https:\/\/jinhuaceramic.com\/wp-content\/uploads\/2025\/04\/Vintage-Tableware-Set-With-Rose-Pattern-Service-For-12-Dinnerware-Set-4-12x12.webp 12w, https:\/\/jinhuaceramic.com\/wp-content\/uploads\/2025\/04\/Vintage-Tableware-Set-With-Rose-Pattern-Service-For-12-Dinnerware-Set-4-285x285.webp 285w, https:\/\/jinhuaceramic.com\/wp-content\/uploads\/2025\/04\/Vintage-Tableware-Set-With-Rose-Pattern-Service-For-12-Dinnerware-Set-4-270x270.webp 270w, https:\/\/jinhuaceramic.com\/wp-content\/uploads\/2025\/04\/Vintage-Tableware-Set-With-Rose-Pattern-Service-For-12-Dinnerware-Set-4-540x540.webp 540w, https:\/\/jinhuaceramic.com\/wp-content\/uploads\/2025\/04\/Vintage-Tableware-Set-With-Rose-Pattern-Service-For-12-Dinnerware-Set-4-660x660.webp 660w\" sizes=\"(max-width: 800px) 100vw, 800px\" \/><\/figure>\n<\/div>\n<\/div>","protected":false},"excerpt":{"rendered":"<p>Bienvenido a comprar vajilla de cer\u00e1mica a granel. El rom\u00e1ntico y retro dise\u00f1o de patr\u00f3n de rosa de estos juegos de vajilla a medida aporta una sensaci\u00f3n de c\u00e1lida elegancia en la cena y un sentido cl\u00e1sico de encanto, que se realiza a trav\u00e9s del delicado borde de encaje. El arte y la funcionalidad se unen en estos juegos de vajilla, ya que son obra de la gente de la vida hermosa.<\/p>","protected":false},"featured_media":8508,"comment_status":"closed","ping_status":"closed","template":"","meta":{"_acf_changed":false},"product_brand":[],"product_cat":[83,54],"product_tag":[],"class_list":{"0":"post-8506","1":"product","2":"type-product","3":"status-publish","4":"has-post-thumbnail","6":"product_cat-wholesale-dinnerware-sets","7":"product_cat-tableware-wholesale","9":"first","10":"instock","11":"shipping-taxable","12":"product-type-simple"},"acf":[],"_links":{"self":[{"href":"https:\/\/jinhuaceramic.com\/es\/wp-json\/wp\/v2\/product\/8506","targetHints":{"allow":["GET"]}}],"collection":[{"href":"https:\/\/jinhuaceramic.com\/es\/wp-json\/wp\/v2\/product"}],"about":[{"href":"https:\/\/jinhuaceramic.com\/es\/wp-json\/wp\/v2\/types\/product"}],"replies":[{"embeddable":true,"href":"https:\/\/jinhuaceramic.com\/es\/wp-json\/wp\/v2\/comments?post=8506"}],"version-history":[{"count":0,"href":"https:\/\/jinhuaceramic.com\/es\/wp-json\/wp\/v2\/product\/8506\/revisions"}],"wp:featuredmedia":[{"embeddable":true,"href":"https:\/\/jinhuaceramic.com\/es\/wp-json\/wp\/v2\/media\/8508"}],"wp:attachment":[{"href":"https:\/\/jinhuaceramic.com\/es\/wp-json\/wp\/v2\/media?parent=8506"}],"wp:term":[{"taxonomy":"product_brand","embeddable":true,"href":"https:\/\/jinhuaceramic.com\/es\/wp-json\/wp\/v2\/product_brand?post=8506"},{"taxonomy":"product_cat","embeddable":true,"href":"https:\/\/jinhuaceramic.com\/es\/wp-json\/wp\/v2\/product_cat?post=8506"},{"taxonomy":"product_tag","embeddable":true,"href":"https:\/\/jinhuaceramic.com\/es\/wp-json\/wp\/v2\/product_tag?post=8506"}],"curies":[{"name":"wp","href":"https:\/\/api.w.org\/{rel}","templated":true}]}}