{"id":8518,"date":"2025-04-08T02:28:31","date_gmt":"2025-04-08T02:28:31","guid":{"rendered":"https:\/\/jinhuaceramic.com\/?post_type=product&#038;p=8518"},"modified":"2025-04-08T02:28:32","modified_gmt":"2025-04-08T02:28:32","slug":"wholesale-dinner-sets","status":"publish","type":"product","link":"https:\/\/jinhuaceramic.com\/es\/product\/wholesale-dinner-sets\/","title":{"rendered":"Vajilla Mayorista Blanca Minimalista, Plato y Bol Premium"},"content":{"rendered":"<div class=\"wp-block-columns is-layout-flex wp-container-core-columns-is-layout-9d6595d7 wp-block-columns-is-layout-flex\">\n<div class=\"wp-block-column is-layout-flow wp-block-column-is-layout-flow\">\n<h3 class=\"wp-block-heading\">Vajillas al por mayor de primera calidad Caracter\u00edsticas:<\/h3>\n\n\n\n<ul class=\"wp-block-list\">\n<li><strong>Beige suave:<\/strong> Estas vajillas al por mayor son de un beige suave, un color c\u00e1lido y neutro, y pueden utilizarse con cualquier tipo de mesa. Estas vajillas de color beige pueden crear un ambiente acogedor y relajante y aumentar el placer de comer.<\/li>\n\n\n\n<li><strong>Forma simple: <\/strong>Todo el estilo de estas vajillas comerciales a granel es muy sencillo, sin motivos ni decoraciones complejas, lo que proporciona un aspecto moderno y fresco. La caracter\u00edstica m\u00e1s especial es el borde curvil\u00edneo poco profundo del plato, que lo hace m\u00e1s ligero y adorable.<\/li>\n\n\n\n<li><strong>Gres de larga duraci\u00f3n: <\/strong>Estas vajillas al por mayor se componen de material de gres de alta calidad, un material un poco duro y grueso, muy duradero, menos quebradizo y propenso al desgaste, y de larga duraci\u00f3n.<\/li>\n\n\n\n<li><strong>Gran sentido pr\u00e1ctico: <\/strong>Estos juegos de vajilla comercial a granel tienen 8 cuencos para cereales, 8 platos llanos y 8 platos para ensalada que pueden utilizarse para satisfacer la necesidad de comer diaria de 8 personas. Estas vajillas son adecuadas para las comidas diarias y las cenas o comidas familiares.<\/li>\n<\/ul>\n<\/div>\n\n\n\n<div class=\"wp-block-column is-layout-flow wp-block-column-is-layout-flow\">\n<figure class=\"wp-block-image size-full\"><img fetchpriority=\"high\" decoding=\"async\" width=\"1000\" height=\"1000\" src=\"https:\/\/jinhuaceramic.com\/wp-content\/uploads\/2025\/04\/Stoneware-Custom-Tableware-Set-Wholesale-Dinnerware-Set-Service-For-8-4.webp\" alt=\"Vajilla Mayorista Minimalista Blanca, Plato y Bol Premium-1\" class=\"wp-image-8521\" srcset=\"https:\/\/jinhuaceramic.com\/wp-content\/uploads\/2025\/04\/Stoneware-Custom-Tableware-Set-Wholesale-Dinnerware-Set-Service-For-8-4.webp 1000w, https:\/\/jinhuaceramic.com\/wp-content\/uploads\/2025\/04\/Stoneware-Custom-Tableware-Set-Wholesale-Dinnerware-Set-Service-For-8-4-300x300.webp 300w, https:\/\/jinhuaceramic.com\/wp-content\/uploads\/2025\/04\/Stoneware-Custom-Tableware-Set-Wholesale-Dinnerware-Set-Service-For-8-4-150x150.webp 150w, https:\/\/jinhuaceramic.com\/wp-content\/uploads\/2025\/04\/Stoneware-Custom-Tableware-Set-Wholesale-Dinnerware-Set-Service-For-8-4-768x768.webp 768w, https:\/\/jinhuaceramic.com\/wp-content\/uploads\/2025\/04\/Stoneware-Custom-Tableware-Set-Wholesale-Dinnerware-Set-Service-For-8-4-12x12.webp 12w, https:\/\/jinhuaceramic.com\/wp-content\/uploads\/2025\/04\/Stoneware-Custom-Tableware-Set-Wholesale-Dinnerware-Set-Service-For-8-4-285x285.webp 285w, https:\/\/jinhuaceramic.com\/wp-content\/uploads\/2025\/04\/Stoneware-Custom-Tableware-Set-Wholesale-Dinnerware-Set-Service-For-8-4-270x270.webp 270w, https:\/\/jinhuaceramic.com\/wp-content\/uploads\/2025\/04\/Stoneware-Custom-Tableware-Set-Wholesale-Dinnerware-Set-Service-For-8-4-540x540.webp 540w, https:\/\/jinhuaceramic.com\/wp-content\/uploads\/2025\/04\/Stoneware-Custom-Tableware-Set-Wholesale-Dinnerware-Set-Service-For-8-4-660x660.webp 660w\" sizes=\"(max-width: 1000px) 100vw, 1000px\" \/><\/figure>\n<\/div>\n<\/div>","protected":false},"excerpt":{"rendered":"<p>Bienvenido a comprar vajillas al por mayor. Nuestras vajillas comerciales blancas al por mayor tienen un dise\u00f1o sencillo y el acogedor y c\u00e1lido color beige suave combina f\u00e1cilmente con cualquier entorno de mesa de comedor. Combinando funcionalidad y est\u00e9tica, estos juegos de vajilla al por mayor pueden desempe\u00f1ar tanto el papel de comedor diario como el de servicio para ocasiones especiales.<\/p>","protected":false},"featured_media":8520,"comment_status":"closed","ping_status":"closed","template":"","meta":{"_acf_changed":false},"product_brand":[],"product_cat":[83,54],"product_tag":[],"class_list":{"0":"post-8518","1":"product","2":"type-product","3":"status-publish","4":"has-post-thumbnail","6":"product_cat-wholesale-dinnerware-sets","7":"product_cat-tableware-wholesale","9":"first","10":"instock","11":"shipping-taxable","12":"product-type-simple"},"acf":[],"_links":{"self":[{"href":"https:\/\/jinhuaceramic.com\/es\/wp-json\/wp\/v2\/product\/8518","targetHints":{"allow":["GET"]}}],"collection":[{"href":"https:\/\/jinhuaceramic.com\/es\/wp-json\/wp\/v2\/product"}],"about":[{"href":"https:\/\/jinhuaceramic.com\/es\/wp-json\/wp\/v2\/types\/product"}],"replies":[{"embeddable":true,"href":"https:\/\/jinhuaceramic.com\/es\/wp-json\/wp\/v2\/comments?post=8518"}],"version-history":[{"count":0,"href":"https:\/\/jinhuaceramic.com\/es\/wp-json\/wp\/v2\/product\/8518\/revisions"}],"wp:featuredmedia":[{"embeddable":true,"href":"https:\/\/jinhuaceramic.com\/es\/wp-json\/wp\/v2\/media\/8520"}],"wp:attachment":[{"href":"https:\/\/jinhuaceramic.com\/es\/wp-json\/wp\/v2\/media?parent=8518"}],"wp:term":[{"taxonomy":"product_brand","embeddable":true,"href":"https:\/\/jinhuaceramic.com\/es\/wp-json\/wp\/v2\/product_brand?post=8518"},{"taxonomy":"product_cat","embeddable":true,"href":"https:\/\/jinhuaceramic.com\/es\/wp-json\/wp\/v2\/product_cat?post=8518"},{"taxonomy":"product_tag","embeddable":true,"href":"https:\/\/jinhuaceramic.com\/es\/wp-json\/wp\/v2\/product_tag?post=8518"}],"curies":[{"name":"wp","href":"https:\/\/api.w.org\/{rel}","templated":true}]}}