{"id":8529,"date":"2025-04-08T02:18:07","date_gmt":"2025-04-08T02:18:07","guid":{"rendered":"https:\/\/jinhuaceramic.com\/?post_type=product&#038;p=8529"},"modified":"2025-04-08T02:18:08","modified_gmt":"2025-04-08T02:18:08","slug":"wholesale-china-dinnerware-sets","status":"publish","type":"product","link":"https:\/\/jinhuaceramic.com\/es\/product\/wholesale-china-dinnerware-sets\/","title":{"rendered":"Sky Blue Vajilla al por mayor de China, Platos y cuencos a granel"},"content":{"rendered":"<div class=\"wp-block-columns is-layout-flex wp-container-core-columns-is-layout-9d6595d7 wp-block-columns-is-layout-flex\">\n<div class=\"wp-block-column is-layout-flow wp-block-column-is-layout-flow\">\n<h3 class=\"wp-block-heading\">Premium al por mayor de China Vajilla Sets Caracter\u00edsticas:<\/h3>\n\n\n\n<ul class=\"wp-block-list\">\n<li><strong>Dise\u00f1o elegante: <\/strong>El color azul de la vajilla de porcelana al por mayor es tranquilo y refrescante, y aporta serenidad a la mesa. El borde marr\u00f3n de la vajilla le confiere elegancia.<\/li>\n\n\n\n<li><strong>Material cer\u00e1mico de alta calidad: <\/strong>Estos juegos de platos y cuencos al por mayor se fabrican con material cer\u00e1mico de alta calidad cocido a alta temperatura, lo que les confiere dureza y resistencia. Resisten altas temperaturas y pueden utilizarse en el horno o el microondas.<\/li>\n\n\n\n<li><strong>Combinaci\u00f3n de platos y cuencos: <\/strong>Estas vajillas de porcelana al por mayor incluyen un cuenco de cer\u00e1mica y dos platos distintos dise\u00f1ados para servir alimentos diferentes, perfectos para las comidas habituales y tambi\u00e9n para comidas especiales como reuniones con amigos o familiares.<\/li>\n\n\n\n<li><strong>F\u00e1cil de limpiar: <\/strong>Estos juegos de platos y cuencos de cer\u00e1mica al por mayor tienen un esmalte suave que no se mancha f\u00e1cilmente y se pueden limpiar sin problemas. Adem\u00e1s, son aptos para el lavavajillas, lo que supone un ahorro de tiempo y esfuerzo.<\/li>\n<\/ul>\n<\/div>\n\n\n\n<div class=\"wp-block-column is-layout-flow wp-block-column-is-layout-flow\">\n<figure class=\"wp-block-image size-full\"><img fetchpriority=\"high\" decoding=\"async\" width=\"2000\" height=\"2000\" src=\"https:\/\/jinhuaceramic.com\/wp-content\/uploads\/2025\/04\/Sky-Blue-Tableware-Set-Wholesale-Custom-Ceramic-Bowls-Dinner-Plate-4.webp\" alt=\"Azul Cielo Vajilla al por mayor de China, Platos y Tazones Bulk-1\" class=\"wp-image-8532\" srcset=\"https:\/\/jinhuaceramic.com\/wp-content\/uploads\/2025\/04\/Sky-Blue-Tableware-Set-Wholesale-Custom-Ceramic-Bowls-Dinner-Plate-4.webp 2000w, https:\/\/jinhuaceramic.com\/wp-content\/uploads\/2025\/04\/Sky-Blue-Tableware-Set-Wholesale-Custom-Ceramic-Bowls-Dinner-Plate-4-300x300.webp 300w, https:\/\/jinhuaceramic.com\/wp-content\/uploads\/2025\/04\/Sky-Blue-Tableware-Set-Wholesale-Custom-Ceramic-Bowls-Dinner-Plate-4-150x150.webp 150w, https:\/\/jinhuaceramic.com\/wp-content\/uploads\/2025\/04\/Sky-Blue-Tableware-Set-Wholesale-Custom-Ceramic-Bowls-Dinner-Plate-4-768x768.webp 768w, https:\/\/jinhuaceramic.com\/wp-content\/uploads\/2025\/04\/Sky-Blue-Tableware-Set-Wholesale-Custom-Ceramic-Bowls-Dinner-Plate-4-12x12.webp 12w, https:\/\/jinhuaceramic.com\/wp-content\/uploads\/2025\/04\/Sky-Blue-Tableware-Set-Wholesale-Custom-Ceramic-Bowls-Dinner-Plate-4-285x285.webp 285w, https:\/\/jinhuaceramic.com\/wp-content\/uploads\/2025\/04\/Sky-Blue-Tableware-Set-Wholesale-Custom-Ceramic-Bowls-Dinner-Plate-4-1600x1600.webp 1600w, https:\/\/jinhuaceramic.com\/wp-content\/uploads\/2025\/04\/Sky-Blue-Tableware-Set-Wholesale-Custom-Ceramic-Bowls-Dinner-Plate-4-270x270.webp 270w, https:\/\/jinhuaceramic.com\/wp-content\/uploads\/2025\/04\/Sky-Blue-Tableware-Set-Wholesale-Custom-Ceramic-Bowls-Dinner-Plate-4-540x540.webp 540w, https:\/\/jinhuaceramic.com\/wp-content\/uploads\/2025\/04\/Sky-Blue-Tableware-Set-Wholesale-Custom-Ceramic-Bowls-Dinner-Plate-4-660x660.webp 660w\" sizes=\"(max-width: 2000px) 100vw, 2000px\" \/><\/figure>\n<\/div>\n<\/div>","protected":false},"excerpt":{"rendered":"<p>Bienvenido a comprar platos y boles al por mayor. Estos juegos de vajilla de porcelana al por mayor de color azul cielo est\u00e1n elaborados con un estilo minimalista y elegante, acompa\u00f1ado de funcionalidad y belleza. Estos juegos de vajilla han sido la m\u00e1xima prioridad de las personas que persiguen la individualidad y una alta calidad de vida.<\/p>","protected":false},"featured_media":8531,"comment_status":"closed","ping_status":"closed","template":"","meta":{"_acf_changed":false},"product_brand":[],"product_cat":[83,54],"product_tag":[],"class_list":{"0":"post-8529","1":"product","2":"type-product","3":"status-publish","4":"has-post-thumbnail","6":"product_cat-wholesale-dinnerware-sets","7":"product_cat-tableware-wholesale","9":"first","10":"instock","11":"shipping-taxable","12":"product-type-simple"},"acf":[],"_links":{"self":[{"href":"https:\/\/jinhuaceramic.com\/es\/wp-json\/wp\/v2\/product\/8529","targetHints":{"allow":["GET"]}}],"collection":[{"href":"https:\/\/jinhuaceramic.com\/es\/wp-json\/wp\/v2\/product"}],"about":[{"href":"https:\/\/jinhuaceramic.com\/es\/wp-json\/wp\/v2\/types\/product"}],"replies":[{"embeddable":true,"href":"https:\/\/jinhuaceramic.com\/es\/wp-json\/wp\/v2\/comments?post=8529"}],"version-history":[{"count":0,"href":"https:\/\/jinhuaceramic.com\/es\/wp-json\/wp\/v2\/product\/8529\/revisions"}],"wp:featuredmedia":[{"embeddable":true,"href":"https:\/\/jinhuaceramic.com\/es\/wp-json\/wp\/v2\/media\/8531"}],"wp:attachment":[{"href":"https:\/\/jinhuaceramic.com\/es\/wp-json\/wp\/v2\/media?parent=8529"}],"wp:term":[{"taxonomy":"product_brand","embeddable":true,"href":"https:\/\/jinhuaceramic.com\/es\/wp-json\/wp\/v2\/product_brand?post=8529"},{"taxonomy":"product_cat","embeddable":true,"href":"https:\/\/jinhuaceramic.com\/es\/wp-json\/wp\/v2\/product_cat?post=8529"},{"taxonomy":"product_tag","embeddable":true,"href":"https:\/\/jinhuaceramic.com\/es\/wp-json\/wp\/v2\/product_tag?post=8529"}],"curies":[{"name":"wp","href":"https:\/\/api.w.org\/{rel}","templated":true}]}}