{"id":8552,"date":"2025-04-11T02:03:47","date_gmt":"2025-04-11T02:03:47","guid":{"rendered":"https:\/\/jinhuaceramic.com\/?post_type=product&#038;p=8552"},"modified":"2025-04-11T02:03:49","modified_gmt":"2025-04-11T02:03:49","slug":"wholesale-crockery-for-restaurant","status":"publish","type":"product","link":"https:\/\/jinhuaceramic.com\/es\/product\/wholesale-crockery-for-restaurant\/","title":{"rendered":"Mayorista Vajillas para Restaurante, Vajillas de porcelana fina"},"content":{"rendered":"<div class=\"wp-block-columns is-layout-flex wp-container-core-columns-is-layout-9d6595d7 wp-block-columns-is-layout-flex\">\n<div class=\"wp-block-column is-layout-flow wp-block-column-is-layout-flow\">\n<h3 class=\"wp-block-heading\">Vajilla al por mayor de primera calidad para restaurante Caracter\u00edsticas:<\/h3>\n\n\n\n<ul class=\"wp-block-list\">\n<li><strong>Dise\u00f1o moderno:<\/strong> Nuestra vajilla al por mayor para restaurante tiene un color azul, que no es un s\u00f3lido sino un grupo de tonos con una textura un poco granulada, que tiene un aspecto muy elegante y refinado. El borde de la vajilla est\u00e1 dise\u00f1ado con marr\u00f3n, lo que a\u00f1ade un poco de elegancia a la vajilla.<\/li>\n\n\n\n<li><strong>Gres resistente:<\/strong> Estos juegos de vajilla de porcelana fina al por mayor tienen un tacto c\u00e1lido y una cierta pesadez, lo que hace que las personas los perciban como de gama alta y de gran calidad. Son m\u00e1s duraderas que la cer\u00e1mica ordinaria, no se rompen ni astillan con facilidad y pueden utilizarse durante a\u00f1os.<\/li>\n\n\n\n<li><strong>Alta practicidad:<\/strong> Estas vajillas al por mayor para restaurante incluyen platos y cuencos de diferentes tama\u00f1os que est\u00e1n bien coordinados en t\u00e9rminos de dise\u00f1o y pueden utilizarse para el servicio de una comida completa. Ya sea para el desayuno, el almuerzo o la cena, se puede utilizar este conjunto de vajilla.<\/li>\n\n\n\n<li><strong>Amplia aplicabilidad: <\/strong>Estos juegos de vajilla de porcelana fina al por mayor no s\u00f3lo son aplicables para uso dom\u00e9stico, sino tambi\u00e9n para establecimientos de comidas, banquetes, etc\u00e9tera. Pueden hacer que la hora de la comida sea m\u00e1s agradable y dejar una buena impresi\u00f3n en los invitados.<\/li>\n<\/ul>\n<\/div>\n\n\n\n<div class=\"wp-block-column is-layout-flow wp-block-column-is-layout-flow\">\n<figure class=\"wp-block-image size-full\"><img fetchpriority=\"high\" decoding=\"async\" width=\"2000\" height=\"2000\" src=\"https:\/\/jinhuaceramic.com\/wp-content\/uploads\/2025\/04\/Modern-Fine-China-Tableware-Wholesale-Custom-Dinnerware-Set-4.webp\" alt=\"Mayorista Vajilla para Restaurante, Vajilla de porcelana fina-1\" class=\"wp-image-8556\" srcset=\"https:\/\/jinhuaceramic.com\/wp-content\/uploads\/2025\/04\/Modern-Fine-China-Tableware-Wholesale-Custom-Dinnerware-Set-4.webp 2000w, https:\/\/jinhuaceramic.com\/wp-content\/uploads\/2025\/04\/Modern-Fine-China-Tableware-Wholesale-Custom-Dinnerware-Set-4-300x300.webp 300w, https:\/\/jinhuaceramic.com\/wp-content\/uploads\/2025\/04\/Modern-Fine-China-Tableware-Wholesale-Custom-Dinnerware-Set-4-150x150.webp 150w, https:\/\/jinhuaceramic.com\/wp-content\/uploads\/2025\/04\/Modern-Fine-China-Tableware-Wholesale-Custom-Dinnerware-Set-4-768x768.webp 768w, https:\/\/jinhuaceramic.com\/wp-content\/uploads\/2025\/04\/Modern-Fine-China-Tableware-Wholesale-Custom-Dinnerware-Set-4-12x12.webp 12w, https:\/\/jinhuaceramic.com\/wp-content\/uploads\/2025\/04\/Modern-Fine-China-Tableware-Wholesale-Custom-Dinnerware-Set-4-285x285.webp 285w, https:\/\/jinhuaceramic.com\/wp-content\/uploads\/2025\/04\/Modern-Fine-China-Tableware-Wholesale-Custom-Dinnerware-Set-4-1600x1600.webp 1600w, https:\/\/jinhuaceramic.com\/wp-content\/uploads\/2025\/04\/Modern-Fine-China-Tableware-Wholesale-Custom-Dinnerware-Set-4-270x270.webp 270w, https:\/\/jinhuaceramic.com\/wp-content\/uploads\/2025\/04\/Modern-Fine-China-Tableware-Wholesale-Custom-Dinnerware-Set-4-540x540.webp 540w, https:\/\/jinhuaceramic.com\/wp-content\/uploads\/2025\/04\/Modern-Fine-China-Tableware-Wholesale-Custom-Dinnerware-Set-4-660x660.webp 660w\" sizes=\"(max-width: 2000px) 100vw, 2000px\" \/><\/figure>\n<\/div>\n<\/div>","protected":false},"excerpt":{"rendered":"<p>Bienvenido a comprar vajilla al por mayor para restaurante. Estos juegos de vajilla de porcelana fina al por mayor son una opci\u00f3n popular por su hermoso dise\u00f1o moderno, sofisticada decoraci\u00f3n de borde marr\u00f3n, dise\u00f1o coordinado de platos y cuencos, y materiales de alta calidad, que son adecuados para todas las ocasiones.<\/p>","protected":false},"featured_media":8558,"comment_status":"closed","ping_status":"closed","template":"","meta":{"_acf_changed":false},"product_brand":[],"product_cat":[83,54],"product_tag":[],"class_list":{"0":"post-8552","1":"product","2":"type-product","3":"status-publish","4":"has-post-thumbnail","6":"product_cat-wholesale-dinnerware-sets","7":"product_cat-tableware-wholesale","9":"first","10":"instock","11":"shipping-taxable","12":"product-type-simple"},"acf":[],"_links":{"self":[{"href":"https:\/\/jinhuaceramic.com\/es\/wp-json\/wp\/v2\/product\/8552","targetHints":{"allow":["GET"]}}],"collection":[{"href":"https:\/\/jinhuaceramic.com\/es\/wp-json\/wp\/v2\/product"}],"about":[{"href":"https:\/\/jinhuaceramic.com\/es\/wp-json\/wp\/v2\/types\/product"}],"replies":[{"embeddable":true,"href":"https:\/\/jinhuaceramic.com\/es\/wp-json\/wp\/v2\/comments?post=8552"}],"version-history":[{"count":0,"href":"https:\/\/jinhuaceramic.com\/es\/wp-json\/wp\/v2\/product\/8552\/revisions"}],"wp:featuredmedia":[{"embeddable":true,"href":"https:\/\/jinhuaceramic.com\/es\/wp-json\/wp\/v2\/media\/8558"}],"wp:attachment":[{"href":"https:\/\/jinhuaceramic.com\/es\/wp-json\/wp\/v2\/media?parent=8552"}],"wp:term":[{"taxonomy":"product_brand","embeddable":true,"href":"https:\/\/jinhuaceramic.com\/es\/wp-json\/wp\/v2\/product_brand?post=8552"},{"taxonomy":"product_cat","embeddable":true,"href":"https:\/\/jinhuaceramic.com\/es\/wp-json\/wp\/v2\/product_cat?post=8552"},{"taxonomy":"product_tag","embeddable":true,"href":"https:\/\/jinhuaceramic.com\/es\/wp-json\/wp\/v2\/product_tag?post=8552"}],"curies":[{"name":"wp","href":"https:\/\/api.w.org\/{rel}","templated":true}]}}