{"id":8563,"date":"2025-04-11T02:12:50","date_gmt":"2025-04-11T02:12:50","guid":{"rendered":"https:\/\/jinhuaceramic.com\/?post_type=product&#038;p=8563"},"modified":"2025-04-11T02:12:51","modified_gmt":"2025-04-11T02:12:51","slug":"china-bakeware-wholesale","status":"publish","type":"product","link":"https:\/\/jinhuaceramic.com\/es\/product\/china-bakeware-wholesale\/","title":{"rendered":"China Bakeware al por mayor, 3-Piezas de hornear a granel personalizado Pan Set"},"content":{"rendered":"<div class=\"wp-block-columns is-layout-flex wp-container-core-columns-is-layout-9d6595d7 wp-block-columns-is-layout-flex\">\n<div class=\"wp-block-column is-layout-flow wp-block-column-is-layout-flow\">\n<h3 class=\"wp-block-heading\">Premium China Bakeware al por mayor Caracter\u00edsticas:<\/h3>\n\n\n\n<ul class=\"wp-block-list\">\n<li><strong>Colores frescos: <\/strong>Estos utensilios de porcelana al por mayor tienen un exterior azul cielo y un interior blanco. Los colores son muy vers\u00e1tiles y f\u00e1ciles de emparejar con un mont\u00f3n de diferentes decoraci\u00f3n de la cocina, y los colores le dar\u00e1 a la gente una sensaci\u00f3n de frescura y comodidad.<\/li>\n\n\n\n<li><strong>Forma \u00fanica: <\/strong>El dise\u00f1o de borde ondulado de este juego de fuentes para hornear a granel es novedoso y \u00fanico. A diferencia de los platos para hornear regulares ordinarios, estos platos para hornear de borde ondulado tienen la capacidad de dar a la cocina un sentido de la moda, y un aspecto m\u00e1s decorativo cuando est\u00e1n sirviendo platos, por lo tanto, se mejorar\u00e1 la belleza de los platos.<\/li>\n\n\n\n<li><strong>Material de alta calidad: <\/strong>Estos utensilios para hornear de porcelana al por mayor de alta calidad calientan uniformemente, lo que permite que los alimentos se calienten uniformemente durante el proceso de horneado, evitando quemaduras parciales o cocci\u00f3n insuficiente, y garantizando el efecto de horneado y el sabor de los alimentos.<\/li>\n\n\n\n<li><strong>Varios tama\u00f1os: <\/strong>Esta colecci\u00f3n de moldes para hornear a granel personalizados de tres tama\u00f1os puede adaptarse a diversas necesidades de horneado. El molde peque\u00f1o es para peque\u00f1as cantidades de alimentos, el molde grande es para hornear grandes cantidades de ingredientes, como pollos enteros y grandes trozos de verduras.<\/li>\n<\/ul>\n<\/div>\n\n\n\n<div class=\"wp-block-column is-layout-flow wp-block-column-is-layout-flow\">\n<figure class=\"wp-block-image size-full\"><img fetchpriority=\"high\" decoding=\"async\" width=\"1001\" height=\"1001\" src=\"https:\/\/jinhuaceramic.com\/wp-content\/uploads\/2025\/04\/3-Piece-Custom-Bakeware-Set-Wholesale-Baking-Dishes-In-Bulk-4.webp\" alt=\"China Bakeware Wholesale, 3-Piece Custom Baking Pan Set Bulk-1\" class=\"wp-image-8566\" srcset=\"https:\/\/jinhuaceramic.com\/wp-content\/uploads\/2025\/04\/3-Piece-Custom-Bakeware-Set-Wholesale-Baking-Dishes-In-Bulk-4.webp 1001w, https:\/\/jinhuaceramic.com\/wp-content\/uploads\/2025\/04\/3-Piece-Custom-Bakeware-Set-Wholesale-Baking-Dishes-In-Bulk-4-300x300.webp 300w, https:\/\/jinhuaceramic.com\/wp-content\/uploads\/2025\/04\/3-Piece-Custom-Bakeware-Set-Wholesale-Baking-Dishes-In-Bulk-4-150x150.webp 150w, https:\/\/jinhuaceramic.com\/wp-content\/uploads\/2025\/04\/3-Piece-Custom-Bakeware-Set-Wholesale-Baking-Dishes-In-Bulk-4-768x768.webp 768w, https:\/\/jinhuaceramic.com\/wp-content\/uploads\/2025\/04\/3-Piece-Custom-Bakeware-Set-Wholesale-Baking-Dishes-In-Bulk-4-12x12.webp 12w, https:\/\/jinhuaceramic.com\/wp-content\/uploads\/2025\/04\/3-Piece-Custom-Bakeware-Set-Wholesale-Baking-Dishes-In-Bulk-4-285x285.webp 285w, https:\/\/jinhuaceramic.com\/wp-content\/uploads\/2025\/04\/3-Piece-Custom-Bakeware-Set-Wholesale-Baking-Dishes-In-Bulk-4-270x270.webp 270w, https:\/\/jinhuaceramic.com\/wp-content\/uploads\/2025\/04\/3-Piece-Custom-Bakeware-Set-Wholesale-Baking-Dishes-In-Bulk-4-540x540.webp 540w, https:\/\/jinhuaceramic.com\/wp-content\/uploads\/2025\/04\/3-Piece-Custom-Bakeware-Set-Wholesale-Baking-Dishes-In-Bulk-4-660x660.webp 660w\" sizes=\"(max-width: 1001px) 100vw, 1001px\" \/><\/figure>\n<\/div>\n<\/div>","protected":false},"excerpt":{"rendered":"<p>Bienvenido a comprar bakeware china al por mayor. Nuestro conjunto de utensilios para hornear al por mayor es hermoso y pr\u00e1ctico con bordes ondulados \u00fanicos y colores novedosos, a\u00f1adiendo un ambiente art\u00edstico a la cocina y mesa de comedor. M\u00faltiples combinaciones de tama\u00f1o puede satisfacer diversas necesidades de cocina.<\/p>","protected":false},"featured_media":8565,"comment_status":"closed","ping_status":"closed","template":"","meta":{"_acf_changed":false},"product_brand":[],"product_cat":[53],"product_tag":[71],"class_list":{"0":"post-8563","1":"product","2":"type-product","3":"status-publish","4":"has-post-thumbnail","6":"product_cat-bakeware-in-bulk","7":"product_tag-wholesale-baking-pans","9":"first","10":"instock","11":"shipping-taxable","12":"product-type-simple"},"acf":[],"_links":{"self":[{"href":"https:\/\/jinhuaceramic.com\/es\/wp-json\/wp\/v2\/product\/8563","targetHints":{"allow":["GET"]}}],"collection":[{"href":"https:\/\/jinhuaceramic.com\/es\/wp-json\/wp\/v2\/product"}],"about":[{"href":"https:\/\/jinhuaceramic.com\/es\/wp-json\/wp\/v2\/types\/product"}],"replies":[{"embeddable":true,"href":"https:\/\/jinhuaceramic.com\/es\/wp-json\/wp\/v2\/comments?post=8563"}],"version-history":[{"count":0,"href":"https:\/\/jinhuaceramic.com\/es\/wp-json\/wp\/v2\/product\/8563\/revisions"}],"wp:featuredmedia":[{"embeddable":true,"href":"https:\/\/jinhuaceramic.com\/es\/wp-json\/wp\/v2\/media\/8565"}],"wp:attachment":[{"href":"https:\/\/jinhuaceramic.com\/es\/wp-json\/wp\/v2\/media?parent=8563"}],"wp:term":[{"taxonomy":"product_brand","embeddable":true,"href":"https:\/\/jinhuaceramic.com\/es\/wp-json\/wp\/v2\/product_brand?post=8563"},{"taxonomy":"product_cat","embeddable":true,"href":"https:\/\/jinhuaceramic.com\/es\/wp-json\/wp\/v2\/product_cat?post=8563"},{"taxonomy":"product_tag","embeddable":true,"href":"https:\/\/jinhuaceramic.com\/es\/wp-json\/wp\/v2\/product_tag?post=8563"}],"curies":[{"name":"wp","href":"https:\/\/api.w.org\/{rel}","templated":true}]}}