{"id":8572,"date":"2025-04-11T01:54:35","date_gmt":"2025-04-11T01:54:35","guid":{"rendered":"https:\/\/jinhuaceramic.com\/?post_type=product&#038;p=8572"},"modified":"2025-04-11T01:54:37","modified_gmt":"2025-04-11T01:54:37","slug":"chinese-crockery-wholesale","status":"publish","type":"product","link":"https:\/\/jinhuaceramic.com\/es\/product\/chinese-crockery-wholesale\/","title":{"rendered":"Vajilla China Blanca Brillante Al Por Mayor Con Borde Dorado"},"content":{"rendered":"<div class=\"wp-block-columns is-layout-flex wp-container-core-columns-is-layout-9d6595d7 wp-block-columns-is-layout-flex\">\n<div class=\"wp-block-column is-layout-flow wp-block-column-is-layout-flow\">\n<h3 class=\"wp-block-heading\">Vajilla China Premium al por mayor Caracter\u00edsticas:<\/h3>\n\n\n\n<ul class=\"wp-block-list\">\n<li><strong>Dise\u00f1o elegante: <\/strong>La superficie de estas vajillas chinas al por mayor no es plana, sino ligeramente irregular, lo que las hace \u00fanicas y de alta gama. Estas vajillas son de color blanco brillante con delicadas l\u00edneas doradas en los bordes, de una sencillez atemporal y adecuadas para restaurantes o ambientes dom\u00e9sticos con temas de decoraci\u00f3n mixtos.<\/li>\n\n\n\n<li><strong>Material de alta calidad: <\/strong>Estas vajillas blancas de gres al por mayor de alta calidad son qu\u00edmicamente estables tras su cocci\u00f3n a altas temperaturas, no filtran toxinas ni entran en contacto directo con los alimentos, por lo que su uso es seguro y fiable y garantizan una dieta sana.<\/li>\n\n\n\n<li><strong>Amplia aplicabilidad: <\/strong>Estos juegos de vajilla china al por mayor incluyen cuencos y platos de distintos tama\u00f1os para satisfacer diversas necesidades culinarias. Con tonos y estilos unificados, la vajilla puede combinarse y combinarse libremente, tanto si se trata de comidas familiares diarias como de cenas formales para recibir invitados, es muy adecuada para crear diferentes efectos de emplatado.<\/li>\n\n\n\n<li><strong>F\u00e1cil de mantener: <\/strong>Estas vajillas blancas al por mayor tienen un esmalte liso, no son f\u00e1ciles de retener manchas de aceite, restos de comida, etc., no son f\u00e1ciles de absorber olores y son f\u00e1ciles de limpiar. Al mismo tiempo, tambi\u00e9n se pueden meter en el lavavajillas para su limpieza, lo que reduce las molestias de la limpieza manual.<\/li>\n<\/ul>\n<\/div>\n\n\n\n<div class=\"wp-block-column is-layout-flow wp-block-column-is-layout-flow\">\n<figure class=\"wp-block-image size-full\"><img fetchpriority=\"high\" decoding=\"async\" width=\"2000\" height=\"2000\" src=\"https:\/\/jinhuaceramic.com\/wp-content\/uploads\/2025\/04\/High-End-Stoneware-Dinnerware-Set-Custom-Tableware-Wholesale-4.webp\" alt=\"Vajilla China Blanca Brillante Al Por Mayor Con Borde Dorado-1\" class=\"wp-image-8575\" srcset=\"https:\/\/jinhuaceramic.com\/wp-content\/uploads\/2025\/04\/High-End-Stoneware-Dinnerware-Set-Custom-Tableware-Wholesale-4.webp 2000w, https:\/\/jinhuaceramic.com\/wp-content\/uploads\/2025\/04\/High-End-Stoneware-Dinnerware-Set-Custom-Tableware-Wholesale-4-300x300.webp 300w, https:\/\/jinhuaceramic.com\/wp-content\/uploads\/2025\/04\/High-End-Stoneware-Dinnerware-Set-Custom-Tableware-Wholesale-4-150x150.webp 150w, https:\/\/jinhuaceramic.com\/wp-content\/uploads\/2025\/04\/High-End-Stoneware-Dinnerware-Set-Custom-Tableware-Wholesale-4-768x768.webp 768w, https:\/\/jinhuaceramic.com\/wp-content\/uploads\/2025\/04\/High-End-Stoneware-Dinnerware-Set-Custom-Tableware-Wholesale-4-12x12.webp 12w, https:\/\/jinhuaceramic.com\/wp-content\/uploads\/2025\/04\/High-End-Stoneware-Dinnerware-Set-Custom-Tableware-Wholesale-4-285x285.webp 285w, https:\/\/jinhuaceramic.com\/wp-content\/uploads\/2025\/04\/High-End-Stoneware-Dinnerware-Set-Custom-Tableware-Wholesale-4-1600x1600.webp 1600w, https:\/\/jinhuaceramic.com\/wp-content\/uploads\/2025\/04\/High-End-Stoneware-Dinnerware-Set-Custom-Tableware-Wholesale-4-270x270.webp 270w, https:\/\/jinhuaceramic.com\/wp-content\/uploads\/2025\/04\/High-End-Stoneware-Dinnerware-Set-Custom-Tableware-Wholesale-4-540x540.webp 540w, https:\/\/jinhuaceramic.com\/wp-content\/uploads\/2025\/04\/High-End-Stoneware-Dinnerware-Set-Custom-Tableware-Wholesale-4-660x660.webp 660w\" sizes=\"(max-width: 2000px) 100vw, 2000px\" \/><\/figure>\n<\/div>\n<\/div>\n\n\n\n<p><\/p>","protected":false},"excerpt":{"rendered":"<p>Bienvenido a comprar vajillas blancas al por mayor. Dise\u00f1adas a la moda y fabricadas en gres de alta calidad, estas vajillas chinas al por mayor son f\u00e1ciles de usar y requieren poco mantenimiento. Son atractivos y funcionales, ideales para mejorar su experiencia gastron\u00f3mica.<\/p>","protected":false},"featured_media":8576,"comment_status":"closed","ping_status":"closed","template":"","meta":{"_acf_changed":false},"product_brand":[],"product_cat":[83,54],"product_tag":[],"class_list":{"0":"post-8572","1":"product","2":"type-product","3":"status-publish","4":"has-post-thumbnail","6":"product_cat-wholesale-dinnerware-sets","7":"product_cat-tableware-wholesale","9":"first","10":"instock","11":"shipping-taxable","12":"product-type-simple"},"acf":[],"_links":{"self":[{"href":"https:\/\/jinhuaceramic.com\/es\/wp-json\/wp\/v2\/product\/8572","targetHints":{"allow":["GET"]}}],"collection":[{"href":"https:\/\/jinhuaceramic.com\/es\/wp-json\/wp\/v2\/product"}],"about":[{"href":"https:\/\/jinhuaceramic.com\/es\/wp-json\/wp\/v2\/types\/product"}],"replies":[{"embeddable":true,"href":"https:\/\/jinhuaceramic.com\/es\/wp-json\/wp\/v2\/comments?post=8572"}],"version-history":[{"count":0,"href":"https:\/\/jinhuaceramic.com\/es\/wp-json\/wp\/v2\/product\/8572\/revisions"}],"wp:featuredmedia":[{"embeddable":true,"href":"https:\/\/jinhuaceramic.com\/es\/wp-json\/wp\/v2\/media\/8576"}],"wp:attachment":[{"href":"https:\/\/jinhuaceramic.com\/es\/wp-json\/wp\/v2\/media?parent=8572"}],"wp:term":[{"taxonomy":"product_brand","embeddable":true,"href":"https:\/\/jinhuaceramic.com\/es\/wp-json\/wp\/v2\/product_brand?post=8572"},{"taxonomy":"product_cat","embeddable":true,"href":"https:\/\/jinhuaceramic.com\/es\/wp-json\/wp\/v2\/product_cat?post=8572"},{"taxonomy":"product_tag","embeddable":true,"href":"https:\/\/jinhuaceramic.com\/es\/wp-json\/wp\/v2\/product_tag?post=8572"}],"curies":[{"name":"wp","href":"https:\/\/api.w.org\/{rel}","templated":true}]}}