{"id":8592,"date":"2025-04-16T04:05:14","date_gmt":"2025-04-16T04:05:14","guid":{"rendered":"https:\/\/jinhuaceramic.com\/?post_type=product&#038;p=8592"},"modified":"2025-04-19T03:46:07","modified_gmt":"2025-04-19T03:46:07","slug":"western-dinnerware-wholesale","status":"publish","type":"product","link":"https:\/\/jinhuaceramic.com\/es\/product\/western-dinnerware-wholesale\/","title":{"rendered":"Vajilla Azul Gris Western al por mayor, Vajilla a medida"},"content":{"rendered":"<div class=\"wp-block-columns is-layout-flex wp-container-core-columns-is-layout-9d6595d7 wp-block-columns-is-layout-flex\">\n<div class=\"wp-block-column is-layout-flow wp-block-column-is-layout-flow\">\n<h3 class=\"wp-block-heading\">Premium Western Vajilla al por mayor Caracter\u00edsticas:<\/h3>\n\n\n\n<ul class=\"wp-block-list\">\n<li><strong>Dise\u00f1o moderno: <\/strong>Estas vajillas occidentales al por mayor tienen un dise\u00f1o sencillo y moderno, y en la superficie hay una peque\u00f1a forma convexa y c\u00f3ncava, que les da un aspecto r\u00fastico hecho a mano.<\/li>\n\n\n\n<li><strong>Material de alta calidad: <\/strong>Estos juegos de vajilla a medida est\u00e1n hechos de material cer\u00e1mico de alta calidad y se cuecen a alta temperatura, por lo que tienen buena resistencia al calor y estabilidad, pueden soportar los cambios de temperatura de los alimentos y no se deforman ni rompen f\u00e1cilmente.<\/li>\n\n\n\n<li><strong>Juego completo:<\/strong> Esta vajilla occidental al por mayor incluye un cuenco de 24 oz, un plato de 8,5 pulgadas y un plato de 10,5 pulgadas para satisfacer diferentes necesidades culinarias. El taz\u00f3n es perfecto para sopa, arroz, cereales, etc., el plato de 8,5 pulgadas es perfecto para los lados, y el plato de 10,5 pulgadas es perfecto para platos como el bistec.<\/li>\n\n\n\n<li><strong>Escenarios de aplicaci\u00f3n: <\/strong>Estos juegos de vajilla a medida pueden utilizarse tanto para las comidas familiares diarias como para ocasiones como cuando hay invitados, en las que pueden a\u00f1adir un toque de ambiente a la cena. Tambi\u00e9n son una opci\u00f3n agradable para regalar, ya sea un detalle de boda o un regalo festivo, pueden expresar un pensamiento.<\/li>\n<\/ul>\n<\/div>\n\n\n\n<div class=\"wp-block-column is-layout-flow wp-block-column-is-layout-flow\">\n<figure class=\"wp-block-image size-full\"><img fetchpriority=\"high\" decoding=\"async\" width=\"2000\" height=\"2000\" src=\"https:\/\/jinhuaceramic.com\/wp-content\/uploads\/2025\/04\/Wholesale-Modern-Blue-Tableware-Custom-Dinnerware-Set-Service-For-4-5.webp\" alt=\"Vajilla Azul Gris Occidental al por mayor, Vajilla a medida-1\" class=\"wp-image-8596\" srcset=\"https:\/\/jinhuaceramic.com\/wp-content\/uploads\/2025\/04\/Wholesale-Modern-Blue-Tableware-Custom-Dinnerware-Set-Service-For-4-5.webp 2000w, https:\/\/jinhuaceramic.com\/wp-content\/uploads\/2025\/04\/Wholesale-Modern-Blue-Tableware-Custom-Dinnerware-Set-Service-For-4-5-300x300.webp 300w, https:\/\/jinhuaceramic.com\/wp-content\/uploads\/2025\/04\/Wholesale-Modern-Blue-Tableware-Custom-Dinnerware-Set-Service-For-4-5-150x150.webp 150w, https:\/\/jinhuaceramic.com\/wp-content\/uploads\/2025\/04\/Wholesale-Modern-Blue-Tableware-Custom-Dinnerware-Set-Service-For-4-5-768x768.webp 768w, https:\/\/jinhuaceramic.com\/wp-content\/uploads\/2025\/04\/Wholesale-Modern-Blue-Tableware-Custom-Dinnerware-Set-Service-For-4-5-12x12.webp 12w, https:\/\/jinhuaceramic.com\/wp-content\/uploads\/2025\/04\/Wholesale-Modern-Blue-Tableware-Custom-Dinnerware-Set-Service-For-4-5-285x285.webp 285w, https:\/\/jinhuaceramic.com\/wp-content\/uploads\/2025\/04\/Wholesale-Modern-Blue-Tableware-Custom-Dinnerware-Set-Service-For-4-5-1600x1600.webp 1600w, https:\/\/jinhuaceramic.com\/wp-content\/uploads\/2025\/04\/Wholesale-Modern-Blue-Tableware-Custom-Dinnerware-Set-Service-For-4-5-270x270.webp 270w, https:\/\/jinhuaceramic.com\/wp-content\/uploads\/2025\/04\/Wholesale-Modern-Blue-Tableware-Custom-Dinnerware-Set-Service-For-4-5-540x540.webp 540w, https:\/\/jinhuaceramic.com\/wp-content\/uploads\/2025\/04\/Wholesale-Modern-Blue-Tableware-Custom-Dinnerware-Set-Service-For-4-5-660x660.webp 660w\" sizes=\"(max-width: 2000px) 100vw, 2000px\" \/><\/figure>\n<\/div>\n<\/div>","protected":false},"excerpt":{"rendered":"<p>Bienvenido a comprar vajilla a medida. Estos azul gris occidental vajilla al por mayor son simples en el dise\u00f1o con la est\u00e9tica moderna. Es seguro, fuerte y durable, conveniente para varios escenarios, que pueden traer a los usuarios una experiencia c\u00f3moda y agradable.<\/p>","protected":false},"featured_media":8599,"comment_status":"closed","ping_status":"closed","template":"","meta":{"_acf_changed":false},"product_brand":[],"product_cat":[83,54],"product_tag":[],"class_list":{"0":"post-8592","1":"product","2":"type-product","3":"status-publish","4":"has-post-thumbnail","6":"product_cat-wholesale-dinnerware-sets","7":"product_cat-tableware-wholesale","9":"first","10":"instock","11":"shipping-taxable","12":"product-type-simple"},"acf":[],"_links":{"self":[{"href":"https:\/\/jinhuaceramic.com\/es\/wp-json\/wp\/v2\/product\/8592","targetHints":{"allow":["GET"]}}],"collection":[{"href":"https:\/\/jinhuaceramic.com\/es\/wp-json\/wp\/v2\/product"}],"about":[{"href":"https:\/\/jinhuaceramic.com\/es\/wp-json\/wp\/v2\/types\/product"}],"replies":[{"embeddable":true,"href":"https:\/\/jinhuaceramic.com\/es\/wp-json\/wp\/v2\/comments?post=8592"}],"version-history":[{"count":0,"href":"https:\/\/jinhuaceramic.com\/es\/wp-json\/wp\/v2\/product\/8592\/revisions"}],"wp:featuredmedia":[{"embeddable":true,"href":"https:\/\/jinhuaceramic.com\/es\/wp-json\/wp\/v2\/media\/8599"}],"wp:attachment":[{"href":"https:\/\/jinhuaceramic.com\/es\/wp-json\/wp\/v2\/media?parent=8592"}],"wp:term":[{"taxonomy":"product_brand","embeddable":true,"href":"https:\/\/jinhuaceramic.com\/es\/wp-json\/wp\/v2\/product_brand?post=8592"},{"taxonomy":"product_cat","embeddable":true,"href":"https:\/\/jinhuaceramic.com\/es\/wp-json\/wp\/v2\/product_cat?post=8592"},{"taxonomy":"product_tag","embeddable":true,"href":"https:\/\/jinhuaceramic.com\/es\/wp-json\/wp\/v2\/product_tag?post=8592"}],"curies":[{"name":"wp","href":"https:\/\/api.w.org\/{rel}","templated":true}]}}