{"id":8655,"date":"2025-04-16T03:47:31","date_gmt":"2025-04-16T03:47:31","guid":{"rendered":"https:\/\/jinhuaceramic.com\/?post_type=product&#038;p=8655"},"modified":"2025-04-16T03:47:33","modified_gmt":"2025-04-16T03:47:33","slug":"bulk-dinnerware-wholesale","status":"publish","type":"product","link":"https:\/\/jinhuaceramic.com\/es\/product\/bulk-dinnerware-wholesale\/","title":{"rendered":"Vajilla R\u00fastica al por Mayor, Vajilla a Medida"},"content":{"rendered":"<div class=\"wp-block-columns is-layout-flex wp-container-core-columns-is-layout-9d6595d7 wp-block-columns-is-layout-flex\">\n<div class=\"wp-block-column is-layout-flow wp-block-column-is-layout-flow\">\n<h3 class=\"wp-block-heading\">Vajilla Premium al por mayor Caracter\u00edsticas:<\/h3>\n\n\n\n<ul class=\"wp-block-list\">\n<li><strong>Estilo r\u00fastico: <\/strong>Estas vajillas al por mayor est\u00e1n dise\u00f1adas para ser r\u00fasticas y elegantes. El c\u00e1lido gris claro con ribetes marrones a lo largo de los bordes es elegante y vers\u00e1til. La textura ligeramente abultada de la superficie de la vajilla le da un toque retro y artesanal que le confiere un aspecto r\u00fastico.<\/li>\n\n\n\n<li><strong>Material cer\u00e1mico de alta calidad:<\/strong> Estos juegos de vajilla hechos a medida individualmente est\u00e1n hechos de arcilla cer\u00e1mica natural cocida a alta temperatura, tienen buena resistencia al calor y son seguros para contener diferentes alimentos calientes. Las vajillas de cer\u00e1mica son duraderas, no se rayan ni se rompen con facilidad y tienen una larga vida \u00fatil.<\/li>\n\n\n\n<li><strong>Practicidad: <\/strong>Estas vajillas al por mayor al por mayor incluyen diferentes tama\u00f1os de cuencos y platos para satisfacer una variedad de necesidades diarias de comedor, ya sea comidas caseras o invitados entretenidos, pueden hacer frente f\u00e1cilmente a ella.<\/li>\n\n\n\n<li><strong>Mejorar la experiencia gastron\u00f3mica: <\/strong>Estas vajillas a medida de alta calidad est\u00e1n texturizadas, proporcionan una experiencia t\u00e1ctil agradable y aumentan el confort de las comidas. Su aspecto bello y lujoso realza el ambiente y el ritual de la cena, y aumenta el placer de comer.<\/li>\n<\/ul>\n<\/div>\n\n\n\n<div class=\"wp-block-column is-layout-flow wp-block-column-is-layout-flow\">\n<figure class=\"wp-block-image size-full\"><img fetchpriority=\"high\" decoding=\"async\" width=\"2000\" height=\"2000\" src=\"https:\/\/jinhuaceramic.com\/wp-content\/uploads\/2025\/04\/Rustic-Dinner-Crockery-Set-Wholesale-Custom-Tableware-In-Bulk-8.webp\" alt=\"Vajilla R\u00fastica al por Mayor, Vajilla a Medida-1\" class=\"wp-image-8662\" srcset=\"https:\/\/jinhuaceramic.com\/wp-content\/uploads\/2025\/04\/Rustic-Dinner-Crockery-Set-Wholesale-Custom-Tableware-In-Bulk-8.webp 2000w, https:\/\/jinhuaceramic.com\/wp-content\/uploads\/2025\/04\/Rustic-Dinner-Crockery-Set-Wholesale-Custom-Tableware-In-Bulk-8-300x300.webp 300w, https:\/\/jinhuaceramic.com\/wp-content\/uploads\/2025\/04\/Rustic-Dinner-Crockery-Set-Wholesale-Custom-Tableware-In-Bulk-8-150x150.webp 150w, https:\/\/jinhuaceramic.com\/wp-content\/uploads\/2025\/04\/Rustic-Dinner-Crockery-Set-Wholesale-Custom-Tableware-In-Bulk-8-768x768.webp 768w, https:\/\/jinhuaceramic.com\/wp-content\/uploads\/2025\/04\/Rustic-Dinner-Crockery-Set-Wholesale-Custom-Tableware-In-Bulk-8-12x12.webp 12w, https:\/\/jinhuaceramic.com\/wp-content\/uploads\/2025\/04\/Rustic-Dinner-Crockery-Set-Wholesale-Custom-Tableware-In-Bulk-8-285x285.webp 285w, https:\/\/jinhuaceramic.com\/wp-content\/uploads\/2025\/04\/Rustic-Dinner-Crockery-Set-Wholesale-Custom-Tableware-In-Bulk-8-1600x1600.webp 1600w, https:\/\/jinhuaceramic.com\/wp-content\/uploads\/2025\/04\/Rustic-Dinner-Crockery-Set-Wholesale-Custom-Tableware-In-Bulk-8-270x270.webp 270w, https:\/\/jinhuaceramic.com\/wp-content\/uploads\/2025\/04\/Rustic-Dinner-Crockery-Set-Wholesale-Custom-Tableware-In-Bulk-8-540x540.webp 540w, https:\/\/jinhuaceramic.com\/wp-content\/uploads\/2025\/04\/Rustic-Dinner-Crockery-Set-Wholesale-Custom-Tableware-In-Bulk-8-660x660.webp 660w\" sizes=\"(max-width: 2000px) 100vw, 2000px\" \/><\/figure>\n<\/div>\n<\/div>","protected":false},"excerpt":{"rendered":"<p>Bienvenido a comprar vajilla al por mayor. Estos juegos de vajilla r\u00fastica a medida tienen un aspecto hermoso, material cer\u00e1mico seguro y duradero, y m\u00faltiples tama\u00f1os de vajilla. No s\u00f3lo pueden satisfacer las necesidades diarias de comedor de la gente, sino tambi\u00e9n proporcionar un ambiente c\u00e1lido, acogedor y elegante comedor y una mejor experiencia gastron\u00f3mica.<\/p>","protected":false},"featured_media":8663,"comment_status":"closed","ping_status":"closed","template":"","meta":{"_acf_changed":false},"product_brand":[],"product_cat":[83,54],"product_tag":[],"class_list":{"0":"post-8655","1":"product","2":"type-product","3":"status-publish","4":"has-post-thumbnail","6":"product_cat-wholesale-dinnerware-sets","7":"product_cat-tableware-wholesale","9":"first","10":"instock","11":"shipping-taxable","12":"product-type-simple"},"acf":[],"_links":{"self":[{"href":"https:\/\/jinhuaceramic.com\/es\/wp-json\/wp\/v2\/product\/8655","targetHints":{"allow":["GET"]}}],"collection":[{"href":"https:\/\/jinhuaceramic.com\/es\/wp-json\/wp\/v2\/product"}],"about":[{"href":"https:\/\/jinhuaceramic.com\/es\/wp-json\/wp\/v2\/types\/product"}],"replies":[{"embeddable":true,"href":"https:\/\/jinhuaceramic.com\/es\/wp-json\/wp\/v2\/comments?post=8655"}],"version-history":[{"count":0,"href":"https:\/\/jinhuaceramic.com\/es\/wp-json\/wp\/v2\/product\/8655\/revisions"}],"wp:featuredmedia":[{"embeddable":true,"href":"https:\/\/jinhuaceramic.com\/es\/wp-json\/wp\/v2\/media\/8663"}],"wp:attachment":[{"href":"https:\/\/jinhuaceramic.com\/es\/wp-json\/wp\/v2\/media?parent=8655"}],"wp:term":[{"taxonomy":"product_brand","embeddable":true,"href":"https:\/\/jinhuaceramic.com\/es\/wp-json\/wp\/v2\/product_brand?post=8655"},{"taxonomy":"product_cat","embeddable":true,"href":"https:\/\/jinhuaceramic.com\/es\/wp-json\/wp\/v2\/product_cat?post=8655"},{"taxonomy":"product_tag","embeddable":true,"href":"https:\/\/jinhuaceramic.com\/es\/wp-json\/wp\/v2\/product_tag?post=8655"}],"curies":[{"name":"wp","href":"https:\/\/api.w.org\/{rel}","templated":true}]}}