{"id":8672,"date":"2025-04-18T03:04:51","date_gmt":"2025-04-18T03:04:51","guid":{"rendered":"https:\/\/jinhuaceramic.com\/?post_type=product&#038;p=8672"},"modified":"2025-04-18T03:04:53","modified_gmt":"2025-04-18T03:04:53","slug":"wholesale-bathroom-accessory-set-2","status":"publish","type":"product","link":"https:\/\/jinhuaceramic.com\/es\/product\/wholesale-bathroom-accessory-set-2\/","title":{"rendered":"Set de Ba\u00f1o Beige al por mayor, Set de Ba\u00f1o a medida"},"content":{"rendered":"<div class=\"wp-block-columns is-layout-flex wp-container-core-columns-is-layout-9d6595d7 wp-block-columns-is-layout-flex\">\n<div class=\"wp-block-column is-layout-flow wp-block-column-is-layout-flow\">\n<h3 class=\"wp-block-heading\">Juego de accesorios de ba\u00f1o de primera calidad al por mayor Caracter\u00edsticas:<\/h3>\n\n\n\n<ul class=\"wp-block-list\">\n<li><strong>Dise\u00f1o elegante: <\/strong>El dise\u00f1o de este juego de accesorios de ba\u00f1o al por mayor tiene un dise\u00f1o limpio pero elegante. El color beige c\u00e1lido y la forma redonda son flexibles y c\u00e1lidos, y pueden integrarse f\u00e1cilmente en cualquier dise\u00f1o de ba\u00f1o. La fina textura moteada de la superficie a\u00f1ade un toque de elegancia a los accesorios de ba\u00f1o.<\/li>\n\n\n\n<li><strong>Material de alta calidad: <\/strong>Para fabricar nuestros juegos de ba\u00f1o a medida se utiliza material cer\u00e1mico de alta calidad cocido a alta temperatura. Por lo tanto, tiene una gran resistencia contra la corrosi\u00f3n, as\u00ed como la abrasi\u00f3n, puede soportar la acci\u00f3n de erosi\u00f3n en condiciones de ba\u00f1o h\u00famedo, y se deforma o se rompe no f\u00e1cilmente.<\/li>\n\n\n\n<li><strong>Juego completo: <\/strong>Estos juegos de accesorios de ba\u00f1o al por mayor incluyen un dispensador de jab\u00f3n, un vaso de enjuague bucal, un tarro y una jabonera, que pueden satisfacer las necesidades de almacenamiento y uso de los art\u00edculos de ba\u00f1o diarios. La bomba dispensadora de jab\u00f3n es grande en \u00e1rea y conveniente para presionar.<\/li>\n\n\n\n<li><strong>F\u00e1cil de limpiar: <\/strong>Estos juegos de ba\u00f1o personalizados de cer\u00e1mica tienen una superficie lisa que no se mancha f\u00e1cilmente y es muy f\u00e1cil de limpiar, basta con pasar un pa\u00f1o h\u00famedo. El material cer\u00e1mico no puede criar f\u00e1cilmente bacterias, lo que puede mantener limpios los art\u00edculos de ba\u00f1o.<\/li>\n<\/ul>\n<\/div>\n\n\n\n<div class=\"wp-block-column is-layout-flow wp-block-column-is-layout-flow\">\n<figure class=\"wp-block-image size-full\"><img fetchpriority=\"high\" decoding=\"async\" width=\"1600\" height=\"1600\" src=\"https:\/\/jinhuaceramic.com\/wp-content\/uploads\/2025\/04\/Beige-Custom-Bathroom-Accessories-Set-Bathroom-Supplies-Wholesale-5.webp\" alt=\"Juego de Accesorios de Ba\u00f1o Beige al por mayor, Juego de Ba\u00f1o Personalizado-1\" class=\"wp-image-8676\" srcset=\"https:\/\/jinhuaceramic.com\/wp-content\/uploads\/2025\/04\/Beige-Custom-Bathroom-Accessories-Set-Bathroom-Supplies-Wholesale-5.webp 1600w, https:\/\/jinhuaceramic.com\/wp-content\/uploads\/2025\/04\/Beige-Custom-Bathroom-Accessories-Set-Bathroom-Supplies-Wholesale-5-300x300.webp 300w, https:\/\/jinhuaceramic.com\/wp-content\/uploads\/2025\/04\/Beige-Custom-Bathroom-Accessories-Set-Bathroom-Supplies-Wholesale-5-150x150.webp 150w, https:\/\/jinhuaceramic.com\/wp-content\/uploads\/2025\/04\/Beige-Custom-Bathroom-Accessories-Set-Bathroom-Supplies-Wholesale-5-768x768.webp 768w, https:\/\/jinhuaceramic.com\/wp-content\/uploads\/2025\/04\/Beige-Custom-Bathroom-Accessories-Set-Bathroom-Supplies-Wholesale-5-12x12.webp 12w, https:\/\/jinhuaceramic.com\/wp-content\/uploads\/2025\/04\/Beige-Custom-Bathroom-Accessories-Set-Bathroom-Supplies-Wholesale-5-285x285.webp 285w, https:\/\/jinhuaceramic.com\/wp-content\/uploads\/2025\/04\/Beige-Custom-Bathroom-Accessories-Set-Bathroom-Supplies-Wholesale-5-270x270.webp 270w, https:\/\/jinhuaceramic.com\/wp-content\/uploads\/2025\/04\/Beige-Custom-Bathroom-Accessories-Set-Bathroom-Supplies-Wholesale-5-540x540.webp 540w, https:\/\/jinhuaceramic.com\/wp-content\/uploads\/2025\/04\/Beige-Custom-Bathroom-Accessories-Set-Bathroom-Supplies-Wholesale-5-660x660.webp 660w\" sizes=\"(max-width: 1600px) 100vw, 1600px\" \/><\/figure>\n<\/div>\n<\/div>","protected":false},"excerpt":{"rendered":"<p>Bienvenido a comprar al por mayor conjuntos de accesorios de ba\u00f1o. Nuestros conjuntos de ba\u00f1o personalizados de color beige son simples y elegantes en dise\u00f1o, duraderos en material cer\u00e1mico, con accesorios completos y f\u00e1ciles de limpiar.<\/p>","protected":false},"featured_media":8678,"comment_status":"closed","ping_status":"closed","template":"","meta":{"_acf_changed":false},"product_brand":[],"product_cat":[51],"product_tag":[74],"class_list":{"0":"post-8672","1":"product","2":"type-product","3":"status-publish","4":"has-post-thumbnail","6":"product_cat-bathroom-accessories-wholesale","7":"product_tag-ceramic-bath-accessories-wholesale","9":"first","10":"instock","11":"shipping-taxable","12":"product-type-simple"},"acf":[],"_links":{"self":[{"href":"https:\/\/jinhuaceramic.com\/es\/wp-json\/wp\/v2\/product\/8672","targetHints":{"allow":["GET"]}}],"collection":[{"href":"https:\/\/jinhuaceramic.com\/es\/wp-json\/wp\/v2\/product"}],"about":[{"href":"https:\/\/jinhuaceramic.com\/es\/wp-json\/wp\/v2\/types\/product"}],"replies":[{"embeddable":true,"href":"https:\/\/jinhuaceramic.com\/es\/wp-json\/wp\/v2\/comments?post=8672"}],"version-history":[{"count":0,"href":"https:\/\/jinhuaceramic.com\/es\/wp-json\/wp\/v2\/product\/8672\/revisions"}],"wp:featuredmedia":[{"embeddable":true,"href":"https:\/\/jinhuaceramic.com\/es\/wp-json\/wp\/v2\/media\/8678"}],"wp:attachment":[{"href":"https:\/\/jinhuaceramic.com\/es\/wp-json\/wp\/v2\/media?parent=8672"}],"wp:term":[{"taxonomy":"product_brand","embeddable":true,"href":"https:\/\/jinhuaceramic.com\/es\/wp-json\/wp\/v2\/product_brand?post=8672"},{"taxonomy":"product_cat","embeddable":true,"href":"https:\/\/jinhuaceramic.com\/es\/wp-json\/wp\/v2\/product_cat?post=8672"},{"taxonomy":"product_tag","embeddable":true,"href":"https:\/\/jinhuaceramic.com\/es\/wp-json\/wp\/v2\/product_tag?post=8672"}],"curies":[{"name":"wp","href":"https:\/\/api.w.org\/{rel}","templated":true}]}}