{"id":8683,"date":"2025-04-18T02:30:42","date_gmt":"2025-04-18T02:30:42","guid":{"rendered":"https:\/\/jinhuaceramic.com\/?post_type=product&#038;p=8683"},"modified":"2025-04-18T02:30:44","modified_gmt":"2025-04-18T02:30:44","slug":"asian-dinnerware-wholesale","status":"publish","type":"product","link":"https:\/\/jinhuaceramic.com\/es\/product\/asian-dinnerware-wholesale\/","title":{"rendered":"Vajilla Asi\u00e1tica Verde Oliva al por Mayor, Platos y Tazones al por Mayor"},"content":{"rendered":"<div class=\"wp-block-columns is-layout-flex wp-container-core-columns-is-layout-9d6595d7 wp-block-columns-is-layout-flex\">\n<div class=\"wp-block-column is-layout-flow wp-block-column-is-layout-flow\">\n<h3 class=\"wp-block-heading\">Vajilla Asi\u00e1tica Premium al por mayor Caracter\u00edsticas:<\/h3>\n\n\n\n<ul class=\"wp-block-list\">\n<li><strong>Tono verde oscuro: <\/strong>Estas vajillas asi\u00e1ticas al por mayor tienen un color verde profundo y natural, que podr\u00eda traer una sensaci\u00f3n de calma y energ\u00eda a la mesa de comedor y mejorar significativamente la belleza del entorno de comedor.<\/li>\n\n\n\n<li><strong>Apariencia exquisita:<\/strong> La sutil diferencia de color en la superficie de estos platos y cuencos a granel les confiere un acabado parecido al de los platos hechos a mano, que, siendo r\u00fasticos en apariencia, poseen elegancia. Estas vajillas est\u00e1n ribeteadas con un ribete marr\u00f3n oscuro, que bordea el borde de la vajilla y le da un aspecto m\u00e1s elegante.<\/li>\n\n\n\n<li><strong>Material de alta calidad: <\/strong>Estas vajillas asi\u00e1ticas verde oliva al por mayor se fabrican utilizando material cer\u00e1mico de alta calidad cocido a alta temperatura con una cierta dureza y no se rompen ni se rayan f\u00e1cilmente. Son no t\u00f3xicos y seguros, tienen buena resistencia al calor, y se puede utilizar para mantener la comida caliente sin preocupaci\u00f3n.<\/li>\n\n\n\n<li><strong>Practicidad: <\/strong>Este juego de platos y cuencos a granel incluye una fuente de cereales, un plato de ensalada y un plato llano para cubrir todos los alimentos. Se utilizan para las comidas familiares diarias o incluso para recibir visitas.<\/li>\n<\/ul>\n<\/div>\n\n\n\n<div class=\"wp-block-column is-layout-flow wp-block-column-is-layout-flow\">\n<figure class=\"wp-block-image size-full\"><img fetchpriority=\"high\" decoding=\"async\" width=\"1280\" height=\"1280\" src=\"https:\/\/jinhuaceramic.com\/wp-content\/uploads\/2025\/04\/High-End-Green-Dinnerware-Set-Custom-Ceramic-Dinner-Tableware-Set.webp\" alt=\"Vajilla Asi\u00e1tica Verde Oliva al por Mayor, Plato y Bol a Granel-8\" class=\"wp-image-8691\" srcset=\"https:\/\/jinhuaceramic.com\/wp-content\/uploads\/2025\/04\/High-End-Green-Dinnerware-Set-Custom-Ceramic-Dinner-Tableware-Set.webp 1280w, https:\/\/jinhuaceramic.com\/wp-content\/uploads\/2025\/04\/High-End-Green-Dinnerware-Set-Custom-Ceramic-Dinner-Tableware-Set-300x300.webp 300w, https:\/\/jinhuaceramic.com\/wp-content\/uploads\/2025\/04\/High-End-Green-Dinnerware-Set-Custom-Ceramic-Dinner-Tableware-Set-150x150.webp 150w, https:\/\/jinhuaceramic.com\/wp-content\/uploads\/2025\/04\/High-End-Green-Dinnerware-Set-Custom-Ceramic-Dinner-Tableware-Set-768x768.webp 768w, https:\/\/jinhuaceramic.com\/wp-content\/uploads\/2025\/04\/High-End-Green-Dinnerware-Set-Custom-Ceramic-Dinner-Tableware-Set-12x12.webp 12w, https:\/\/jinhuaceramic.com\/wp-content\/uploads\/2025\/04\/High-End-Green-Dinnerware-Set-Custom-Ceramic-Dinner-Tableware-Set-285x285.webp 285w, https:\/\/jinhuaceramic.com\/wp-content\/uploads\/2025\/04\/High-End-Green-Dinnerware-Set-Custom-Ceramic-Dinner-Tableware-Set-270x270.webp 270w, https:\/\/jinhuaceramic.com\/wp-content\/uploads\/2025\/04\/High-End-Green-Dinnerware-Set-Custom-Ceramic-Dinner-Tableware-Set-540x540.webp 540w, https:\/\/jinhuaceramic.com\/wp-content\/uploads\/2025\/04\/High-End-Green-Dinnerware-Set-Custom-Ceramic-Dinner-Tableware-Set-660x660.webp 660w\" sizes=\"(max-width: 1280px) 100vw, 1280px\" \/><\/figure>\n<\/div>\n<\/div>","protected":false},"excerpt":{"rendered":"<p>Bienvenido a comprar platos y cuencos al por mayor. Nuestra vajilla asi\u00e1tica verde oliva al por mayor tiene colores \u00fanicos, dise\u00f1os exquisitos del borde, combinaciones pr\u00e1cticas de la vajilla, durabilidad y seguridad de los materiales, que pueden realzar con eficacia el placer de cenar.<\/p>","protected":false},"featured_media":8690,"comment_status":"closed","ping_status":"closed","template":"","meta":{"_acf_changed":false},"product_brand":[],"product_cat":[83,54],"product_tag":[],"class_list":{"0":"post-8683","1":"product","2":"type-product","3":"status-publish","4":"has-post-thumbnail","6":"product_cat-wholesale-dinnerware-sets","7":"product_cat-tableware-wholesale","9":"first","10":"instock","11":"shipping-taxable","12":"product-type-simple"},"acf":[],"_links":{"self":[{"href":"https:\/\/jinhuaceramic.com\/es\/wp-json\/wp\/v2\/product\/8683","targetHints":{"allow":["GET"]}}],"collection":[{"href":"https:\/\/jinhuaceramic.com\/es\/wp-json\/wp\/v2\/product"}],"about":[{"href":"https:\/\/jinhuaceramic.com\/es\/wp-json\/wp\/v2\/types\/product"}],"replies":[{"embeddable":true,"href":"https:\/\/jinhuaceramic.com\/es\/wp-json\/wp\/v2\/comments?post=8683"}],"version-history":[{"count":0,"href":"https:\/\/jinhuaceramic.com\/es\/wp-json\/wp\/v2\/product\/8683\/revisions"}],"wp:featuredmedia":[{"embeddable":true,"href":"https:\/\/jinhuaceramic.com\/es\/wp-json\/wp\/v2\/media\/8690"}],"wp:attachment":[{"href":"https:\/\/jinhuaceramic.com\/es\/wp-json\/wp\/v2\/media?parent=8683"}],"wp:term":[{"taxonomy":"product_brand","embeddable":true,"href":"https:\/\/jinhuaceramic.com\/es\/wp-json\/wp\/v2\/product_brand?post=8683"},{"taxonomy":"product_cat","embeddable":true,"href":"https:\/\/jinhuaceramic.com\/es\/wp-json\/wp\/v2\/product_cat?post=8683"},{"taxonomy":"product_tag","embeddable":true,"href":"https:\/\/jinhuaceramic.com\/es\/wp-json\/wp\/v2\/product_tag?post=8683"}],"curies":[{"name":"wp","href":"https:\/\/api.w.org\/{rel}","templated":true}]}}