{"id":8700,"date":"2025-04-18T09:49:09","date_gmt":"2025-04-18T09:49:09","guid":{"rendered":"https:\/\/jinhuaceramic.com\/?post_type=product&#038;p=8700"},"modified":"2025-04-18T09:49:11","modified_gmt":"2025-04-18T09:49:11","slug":"wholesale-bath-set","status":"publish","type":"product","link":"https:\/\/jinhuaceramic.com\/es\/product\/wholesale-bath-set\/","title":{"rendered":"Mayorista Set de Ba\u00f1o Accesorios de Ba\u00f1o con Hojas en Relieve"},"content":{"rendered":"<div class=\"wp-block-columns is-layout-flex wp-container-core-columns-is-layout-9d6595d7 wp-block-columns-is-layout-flex\">\n<div class=\"wp-block-column is-layout-flow wp-block-column-is-layout-flow\">\n<h3 class=\"wp-block-heading\">Set de Ba\u00f1o Premium al por mayor Caracter\u00edsticas:<\/h3>\n\n\n\n<ul class=\"wp-block-list\">\n<li><strong>Dise\u00f1o elegante: <\/strong>Estos juegos de ba\u00f1o blancos al por mayor son sencillos y elegantes, y pueden a\u00f1adirse f\u00e1cilmente a la decoraci\u00f3n de ba\u00f1os de la mayor\u00eda de los tipos. La superficie de los accesorios de ba\u00f1o est\u00e1 realizada con motivos en relieve Leaves, que rompen el efecto apagado del color blanco y proporcionan un aspecto creativo y lujoso.<\/li>\n\n\n\n<li><strong>Material duradero: <\/strong>Todos estos accesorios de ba\u00f1o a granel est\u00e1n fabricados con material cer\u00e1mico resistente al desgaste, a la corrosi\u00f3n, duro y duradero, y no son propensos a da\u00f1arse debido al uso repetido.<\/li>\n\n\n\n<li><strong>Practicidad: <\/strong>Este set de ba\u00f1o al por mayor contiene un dispensador de jab\u00f3n, un portacepillos de dientes, un tarro con tapa y jab\u00f3n y una jabonera. El bote de jab\u00f3n se utiliza para dispensar jab\u00f3n de manos, gel de ducha o champ\u00fa, etc. Los separadores del portacepillos de dientes permiten guardar varios cepillos al mismo tiempo, lo que resulta pr\u00e1ctico e higi\u00e9nico. El tarro de almacenaje se utiliza para guardar peque\u00f1as cosas como almohadillas de algod\u00f3n y bolitas de algod\u00f3n.<\/li>\n\n\n\n<li><strong>F\u00e1cil de limpiar: <\/strong>Estos accesorios de ba\u00f1o a granel fabricados en cer\u00e1mica tienen una textura suave y son dif\u00edciles de manchar. Se limpian f\u00e1cilmente con un pa\u00f1o h\u00famedo.<\/li>\n<\/ul>\n<\/div>\n\n\n\n<div class=\"wp-block-column is-layout-flow wp-block-column-is-layout-flow\">\n<figure class=\"wp-block-image size-full\"><img fetchpriority=\"high\" decoding=\"async\" width=\"1600\" height=\"1600\" src=\"https:\/\/jinhuaceramic.com\/wp-content\/uploads\/2025\/04\/Custom-Bathroom-Set-With-Embossed-Leaves-Bathroom-Accessories-Wholesale-5.webp\" alt=\"Mayorista Set de Ba\u00f1o Accesorios de Ba\u00f1o con Hojas en Relieve-1\" class=\"wp-image-8704\" srcset=\"https:\/\/jinhuaceramic.com\/wp-content\/uploads\/2025\/04\/Custom-Bathroom-Set-With-Embossed-Leaves-Bathroom-Accessories-Wholesale-5.webp 1600w, https:\/\/jinhuaceramic.com\/wp-content\/uploads\/2025\/04\/Custom-Bathroom-Set-With-Embossed-Leaves-Bathroom-Accessories-Wholesale-5-300x300.webp 300w, https:\/\/jinhuaceramic.com\/wp-content\/uploads\/2025\/04\/Custom-Bathroom-Set-With-Embossed-Leaves-Bathroom-Accessories-Wholesale-5-150x150.webp 150w, https:\/\/jinhuaceramic.com\/wp-content\/uploads\/2025\/04\/Custom-Bathroom-Set-With-Embossed-Leaves-Bathroom-Accessories-Wholesale-5-768x768.webp 768w, https:\/\/jinhuaceramic.com\/wp-content\/uploads\/2025\/04\/Custom-Bathroom-Set-With-Embossed-Leaves-Bathroom-Accessories-Wholesale-5-12x12.webp 12w, https:\/\/jinhuaceramic.com\/wp-content\/uploads\/2025\/04\/Custom-Bathroom-Set-With-Embossed-Leaves-Bathroom-Accessories-Wholesale-5-285x285.webp 285w, https:\/\/jinhuaceramic.com\/wp-content\/uploads\/2025\/04\/Custom-Bathroom-Set-With-Embossed-Leaves-Bathroom-Accessories-Wholesale-5-270x270.webp 270w, https:\/\/jinhuaceramic.com\/wp-content\/uploads\/2025\/04\/Custom-Bathroom-Set-With-Embossed-Leaves-Bathroom-Accessories-Wholesale-5-540x540.webp 540w, https:\/\/jinhuaceramic.com\/wp-content\/uploads\/2025\/04\/Custom-Bathroom-Set-With-Embossed-Leaves-Bathroom-Accessories-Wholesale-5-660x660.webp 660w\" sizes=\"(max-width: 1600px) 100vw, 1600px\" \/><\/figure>\n<\/div>\n<\/div>","protected":false},"excerpt":{"rendered":"<p>Bienvenido a comprar juegos de ba\u00f1o al por mayor. Nuestros accesorios de ba\u00f1o al por mayor tienen un bonito dise\u00f1o en relieve, material cer\u00e1mico duro y duradero, y accesorios de ba\u00f1o multifuncionales. Son a la vez bonitos y pr\u00e1cticos, lo que los convierte en soluciones de decoraci\u00f3n y almacenamiento muy pr\u00e1cticas en el cuarto de ba\u00f1o.<\/p>","protected":false},"featured_media":8705,"comment_status":"closed","ping_status":"closed","template":"","meta":{"_acf_changed":false},"product_brand":[],"product_cat":[51],"product_tag":[74],"class_list":{"0":"post-8700","1":"product","2":"type-product","3":"status-publish","4":"has-post-thumbnail","6":"product_cat-bathroom-accessories-wholesale","7":"product_tag-ceramic-bath-accessories-wholesale","9":"first","10":"instock","11":"shipping-taxable","12":"product-type-simple"},"acf":[],"_links":{"self":[{"href":"https:\/\/jinhuaceramic.com\/es\/wp-json\/wp\/v2\/product\/8700","targetHints":{"allow":["GET"]}}],"collection":[{"href":"https:\/\/jinhuaceramic.com\/es\/wp-json\/wp\/v2\/product"}],"about":[{"href":"https:\/\/jinhuaceramic.com\/es\/wp-json\/wp\/v2\/types\/product"}],"replies":[{"embeddable":true,"href":"https:\/\/jinhuaceramic.com\/es\/wp-json\/wp\/v2\/comments?post=8700"}],"version-history":[{"count":0,"href":"https:\/\/jinhuaceramic.com\/es\/wp-json\/wp\/v2\/product\/8700\/revisions"}],"wp:featuredmedia":[{"embeddable":true,"href":"https:\/\/jinhuaceramic.com\/es\/wp-json\/wp\/v2\/media\/8705"}],"wp:attachment":[{"href":"https:\/\/jinhuaceramic.com\/es\/wp-json\/wp\/v2\/media?parent=8700"}],"wp:term":[{"taxonomy":"product_brand","embeddable":true,"href":"https:\/\/jinhuaceramic.com\/es\/wp-json\/wp\/v2\/product_brand?post=8700"},{"taxonomy":"product_cat","embeddable":true,"href":"https:\/\/jinhuaceramic.com\/es\/wp-json\/wp\/v2\/product_cat?post=8700"},{"taxonomy":"product_tag","embeddable":true,"href":"https:\/\/jinhuaceramic.com\/es\/wp-json\/wp\/v2\/product_tag?post=8700"}],"curies":[{"name":"wp","href":"https:\/\/api.w.org\/{rel}","templated":true}]}}