{"id":8734,"date":"2025-04-21T09:58:18","date_gmt":"2025-04-21T09:58:18","guid":{"rendered":"https:\/\/jinhuaceramic.com\/?post_type=product&#038;p=8734"},"modified":"2025-04-21T09:58:20","modified_gmt":"2025-04-21T09:58:20","slug":"bulk-wedding-tableware","status":"publish","type":"product","link":"https:\/\/jinhuaceramic.com\/es\/product\/bulk-wedding-tableware\/","title":{"rendered":"Textura en Relieve Vajilla de Boda a Granel, Vajilla para Restaurante"},"content":{"rendered":"<div class=\"wp-block-columns is-layout-flex wp-container-core-columns-is-layout-9d6595d7 wp-block-columns-is-layout-flex\">\n<div class=\"wp-block-column is-layout-flow wp-block-column-is-layout-flow\">\n<h3 class=\"wp-block-heading\">Vajilla de boda a granel de primera calidad Caracter\u00edsticas:<\/h3>\n\n\n\n<ul class=\"wp-block-list\">\n<li><strong>Textura \u00fanica en relieve: <\/strong>La superficie de estas vajillas de boda a granel presenta l\u00edneas verticales en relieve claras y regulares. Esta textura no s\u00f3lo aumenta la estratificaci\u00f3n visual y la belleza, sino que tambi\u00e9n aumenta el tacto, desempe\u00f1a un papel antideslizante y mejora la experiencia sensorial de comer.<\/li>\n\n\n\n<li><strong>Delicado borde de bronce: <\/strong>Los bordes de estas vajillas al por mayor para el suministro de restaurantes est\u00e1n decorados con delicado bronce. Los bordes met\u00e1licos aportan a la cer\u00e1mica blanca general su lujo y elegancia de bajo perfil, evitando la monoton\u00eda que crea el blanco puro y resaltando el elegante temperamento de la cer\u00e1mica.<\/li>\n\n\n\n<li><strong>Material de alta calidad:<\/strong> Compuestos de material cer\u00e1mico de alta calidad cocido a alta temperatura, estos juegos de vajilla de boda a granel son duros y resistentes a los ara\u00f1azos y a la rotura. Son resistentes a altas y bajas temperaturas y se pueden utilizar con seguridad en microondas, horno, freidora de aire, frigor\u00edfico y lavavajillas.<\/li>\n\n\n\n<li><strong>Gran sentido pr\u00e1ctico: <\/strong>Estos juegos de vajilla al por mayor de suministros para restaurantes incluyen un plato hondo de cer\u00e1mica, un plato de cereales o arroz y dos platos de distintos tama\u00f1os que pueden seleccionarse seg\u00fan las distintas raciones de comida para satisfacer las diferentes necesidades culinarias diarias.<\/li>\n<\/ul>\n<\/div>\n\n\n\n<div class=\"wp-block-column is-layout-flow wp-block-column-is-layout-flow\">\n<figure class=\"wp-block-image size-full\"><img fetchpriority=\"high\" decoding=\"async\" width=\"1500\" height=\"1500\" src=\"https:\/\/jinhuaceramic.com\/wp-content\/uploads\/2025\/04\/White-Dinnerware-Set-With-Embossed-Texture-Wholesale-Tableware-Custom-7.webp\" alt=\"Textura en relieve a granel Vajilla de boda, Restaurant Supply Vajilla-1\" class=\"wp-image-8725\" srcset=\"https:\/\/jinhuaceramic.com\/wp-content\/uploads\/2025\/04\/White-Dinnerware-Set-With-Embossed-Texture-Wholesale-Tableware-Custom-7.webp 1500w, https:\/\/jinhuaceramic.com\/wp-content\/uploads\/2025\/04\/White-Dinnerware-Set-With-Embossed-Texture-Wholesale-Tableware-Custom-7-300x300.webp 300w, https:\/\/jinhuaceramic.com\/wp-content\/uploads\/2025\/04\/White-Dinnerware-Set-With-Embossed-Texture-Wholesale-Tableware-Custom-7-150x150.webp 150w, https:\/\/jinhuaceramic.com\/wp-content\/uploads\/2025\/04\/White-Dinnerware-Set-With-Embossed-Texture-Wholesale-Tableware-Custom-7-768x768.webp 768w, https:\/\/jinhuaceramic.com\/wp-content\/uploads\/2025\/04\/White-Dinnerware-Set-With-Embossed-Texture-Wholesale-Tableware-Custom-7-12x12.webp 12w, https:\/\/jinhuaceramic.com\/wp-content\/uploads\/2025\/04\/White-Dinnerware-Set-With-Embossed-Texture-Wholesale-Tableware-Custom-7-285x285.webp 285w, https:\/\/jinhuaceramic.com\/wp-content\/uploads\/2025\/04\/White-Dinnerware-Set-With-Embossed-Texture-Wholesale-Tableware-Custom-7-270x270.webp 270w, https:\/\/jinhuaceramic.com\/wp-content\/uploads\/2025\/04\/White-Dinnerware-Set-With-Embossed-Texture-Wholesale-Tableware-Custom-7-540x540.webp 540w, https:\/\/jinhuaceramic.com\/wp-content\/uploads\/2025\/04\/White-Dinnerware-Set-With-Embossed-Texture-Wholesale-Tableware-Custom-7-660x660.webp 660w\" sizes=\"(max-width: 1500px) 100vw, 1500px\" \/><\/figure>\n<\/div>\n<\/div>","protected":false},"excerpt":{"rendered":"<p>Bienvenido a comprar vajilla de boda al por mayor. Estos juegos de vajilla al por mayor para restaurantes presentan un dise\u00f1o elegante, adecuado para la decoraci\u00f3n de cocinas de varios estilos. El material cer\u00e1mico es seguro y duradero, y la combinaci\u00f3n de varias vajillas es pr\u00e1ctica. Estas vajillas no s\u00f3lo pueden satisfacer las necesidades diarias de comedor, sino tambi\u00e9n crear un ambiente c\u00e1lido comedor y mejorar el ritual y el placer de comer.<\/p>","protected":false},"featured_media":8723,"comment_status":"closed","ping_status":"closed","template":"","meta":{"_acf_changed":false},"product_brand":[],"product_cat":[83,54],"product_tag":[],"class_list":{"0":"post-8734","1":"product","2":"type-product","3":"status-publish","4":"has-post-thumbnail","6":"product_cat-wholesale-dinnerware-sets","7":"product_cat-tableware-wholesale","9":"first","10":"instock","11":"shipping-taxable","12":"product-type-simple"},"acf":[],"_links":{"self":[{"href":"https:\/\/jinhuaceramic.com\/es\/wp-json\/wp\/v2\/product\/8734","targetHints":{"allow":["GET"]}}],"collection":[{"href":"https:\/\/jinhuaceramic.com\/es\/wp-json\/wp\/v2\/product"}],"about":[{"href":"https:\/\/jinhuaceramic.com\/es\/wp-json\/wp\/v2\/types\/product"}],"replies":[{"embeddable":true,"href":"https:\/\/jinhuaceramic.com\/es\/wp-json\/wp\/v2\/comments?post=8734"}],"version-history":[{"count":0,"href":"https:\/\/jinhuaceramic.com\/es\/wp-json\/wp\/v2\/product\/8734\/revisions"}],"wp:featuredmedia":[{"embeddable":true,"href":"https:\/\/jinhuaceramic.com\/es\/wp-json\/wp\/v2\/media\/8723"}],"wp:attachment":[{"href":"https:\/\/jinhuaceramic.com\/es\/wp-json\/wp\/v2\/media?parent=8734"}],"wp:term":[{"taxonomy":"product_brand","embeddable":true,"href":"https:\/\/jinhuaceramic.com\/es\/wp-json\/wp\/v2\/product_brand?post=8734"},{"taxonomy":"product_cat","embeddable":true,"href":"https:\/\/jinhuaceramic.com\/es\/wp-json\/wp\/v2\/product_cat?post=8734"},{"taxonomy":"product_tag","embeddable":true,"href":"https:\/\/jinhuaceramic.com\/es\/wp-json\/wp\/v2\/product_tag?post=8734"}],"curies":[{"name":"wp","href":"https:\/\/api.w.org\/{rel}","templated":true}]}}