{"id":8791,"date":"2025-04-24T01:56:24","date_gmt":"2025-04-24T01:56:24","guid":{"rendered":"https:\/\/jinhuaceramic.com\/?post_type=product&#038;p=8791"},"modified":"2025-04-24T01:56:25","modified_gmt":"2025-04-24T01:56:25","slug":"bulk-china-dinnerware","status":"publish","type":"product","link":"https:\/\/jinhuaceramic.com\/es\/product\/bulk-china-dinnerware\/","title":{"rendered":"Vajilla China a Granel de Calidad, Vajilla para Hosteler\u00eda al por Mayor"},"content":{"rendered":"<div class=\"wp-block-columns is-layout-flex wp-container-core-columns-is-layout-9d6595d7 wp-block-columns-is-layout-flex\">\n<div class=\"wp-block-column is-layout-flow wp-block-column-is-layout-flow\">\n<h3 class=\"wp-block-heading\">Vajilla China Granel Premium Caracter\u00edsticas:<\/h3>\n\n\n\n<ul class=\"wp-block-list\">\n<li><strong>Distinta textura en espiral:<\/strong> Estas vajillas de porcelana a granel tienen una distintiva textura en espiral que proporciona una apariencia art\u00edstica natural, a\u00f1adiendo capas y sofisticaci\u00f3n a la vajilla, dando a la mesa de comedor un toque personal.<\/li>\n\n\n\n<li><strong>Estilo vintage: <\/strong>Estas piezas de vajilla de hosteler\u00eda al por mayor son de color beige con un aspecto moteado de peque\u00f1as manchas negras y ribetes negros a lo largo de los bordes, lo que crea un aspecto envejecido y vintage que ayudar\u00e1 a establecer el ambiente de la cena.<\/li>\n\n\n\n<li><strong>Gres de larga duraci\u00f3n: <\/strong>Estas vajillas de porcelana a granel son de gres cocido a alta temperatura y poseen cierta dureza, por lo que no se ven afectadas f\u00e1cilmente por los golpes y son seguras para su uso diario. El gres tiene cierto peso, es c\u00e1lido y m\u00e1s resistente.<\/li>\n\n\n\n<li><strong>Gran sentido pr\u00e1ctico: <\/strong>Estas vajillas de hosteler\u00eda al por mayor tienen platos y cuencos de todos los tama\u00f1os, que satisfar\u00e1n las necesidades de las comidas diarias y de diversos platos, y son muy pr\u00e1cticas. Ya se trate de desayunos, comidas o cenas, podr\u00e1 disponer de una vajilla adecuada a juego. Aparte del uso diario, estas vajillas tambi\u00e9n son muy apropiadas para banquetes.<\/li>\n<\/ul>\n<\/div>\n\n\n\n<div class=\"wp-block-column is-layout-flow wp-block-column-is-layout-flow\">\n<figure class=\"wp-block-image size-full\"><img fetchpriority=\"high\" decoding=\"async\" width=\"1500\" height=\"1500\" src=\"https:\/\/jinhuaceramic.com\/wp-content\/uploads\/2025\/04\/Custom-Crockery-Set-With-Spiral-Texture-Wholesale-Tableware-In-Bulk.webp\" alt=\"Vajilla de China a Granel de Calidad, Vajilla de Catering al por Mayor-1\" class=\"wp-image-8799\" srcset=\"https:\/\/jinhuaceramic.com\/wp-content\/uploads\/2025\/04\/Custom-Crockery-Set-With-Spiral-Texture-Wholesale-Tableware-In-Bulk.webp 1500w, https:\/\/jinhuaceramic.com\/wp-content\/uploads\/2025\/04\/Custom-Crockery-Set-With-Spiral-Texture-Wholesale-Tableware-In-Bulk-300x300.webp 300w, https:\/\/jinhuaceramic.com\/wp-content\/uploads\/2025\/04\/Custom-Crockery-Set-With-Spiral-Texture-Wholesale-Tableware-In-Bulk-150x150.webp 150w, https:\/\/jinhuaceramic.com\/wp-content\/uploads\/2025\/04\/Custom-Crockery-Set-With-Spiral-Texture-Wholesale-Tableware-In-Bulk-768x768.webp 768w, https:\/\/jinhuaceramic.com\/wp-content\/uploads\/2025\/04\/Custom-Crockery-Set-With-Spiral-Texture-Wholesale-Tableware-In-Bulk-12x12.webp 12w, https:\/\/jinhuaceramic.com\/wp-content\/uploads\/2025\/04\/Custom-Crockery-Set-With-Spiral-Texture-Wholesale-Tableware-In-Bulk-285x285.webp 285w, https:\/\/jinhuaceramic.com\/wp-content\/uploads\/2025\/04\/Custom-Crockery-Set-With-Spiral-Texture-Wholesale-Tableware-In-Bulk-270x270.webp 270w, https:\/\/jinhuaceramic.com\/wp-content\/uploads\/2025\/04\/Custom-Crockery-Set-With-Spiral-Texture-Wholesale-Tableware-In-Bulk-540x540.webp 540w, https:\/\/jinhuaceramic.com\/wp-content\/uploads\/2025\/04\/Custom-Crockery-Set-With-Spiral-Texture-Wholesale-Tableware-In-Bulk-660x660.webp 660w\" sizes=\"(max-width: 1500px) 100vw, 1500px\" \/><\/figure>\n<\/div>\n<\/div>","protected":false},"excerpt":{"rendered":"<p>Bienvenido a comprar vajilla de hosteler\u00eda al por mayor. Estos juegos de vajilla de porcelana al por mayor cuentan con texturas espirales \u00fanicas, estilos vintage, materiales de gres duraderos y combinaciones pr\u00e1cticas de vajilla, proporcionando una buena opci\u00f3n para los usuarios que persiguen un estilo de mesa de comedor natural, r\u00fastico y personalizado.<\/p>","protected":false},"featured_media":8794,"comment_status":"closed","ping_status":"closed","template":"","meta":{"_acf_changed":false},"product_brand":[],"product_cat":[83,54],"product_tag":[],"class_list":{"0":"post-8791","1":"product","2":"type-product","3":"status-publish","4":"has-post-thumbnail","6":"product_cat-wholesale-dinnerware-sets","7":"product_cat-tableware-wholesale","9":"first","10":"instock","11":"shipping-taxable","12":"product-type-simple"},"acf":[],"_links":{"self":[{"href":"https:\/\/jinhuaceramic.com\/es\/wp-json\/wp\/v2\/product\/8791","targetHints":{"allow":["GET"]}}],"collection":[{"href":"https:\/\/jinhuaceramic.com\/es\/wp-json\/wp\/v2\/product"}],"about":[{"href":"https:\/\/jinhuaceramic.com\/es\/wp-json\/wp\/v2\/types\/product"}],"replies":[{"embeddable":true,"href":"https:\/\/jinhuaceramic.com\/es\/wp-json\/wp\/v2\/comments?post=8791"}],"version-history":[{"count":0,"href":"https:\/\/jinhuaceramic.com\/es\/wp-json\/wp\/v2\/product\/8791\/revisions"}],"wp:featuredmedia":[{"embeddable":true,"href":"https:\/\/jinhuaceramic.com\/es\/wp-json\/wp\/v2\/media\/8794"}],"wp:attachment":[{"href":"https:\/\/jinhuaceramic.com\/es\/wp-json\/wp\/v2\/media?parent=8791"}],"wp:term":[{"taxonomy":"product_brand","embeddable":true,"href":"https:\/\/jinhuaceramic.com\/es\/wp-json\/wp\/v2\/product_brand?post=8791"},{"taxonomy":"product_cat","embeddable":true,"href":"https:\/\/jinhuaceramic.com\/es\/wp-json\/wp\/v2\/product_cat?post=8791"},{"taxonomy":"product_tag","embeddable":true,"href":"https:\/\/jinhuaceramic.com\/es\/wp-json\/wp\/v2\/product_tag?post=8791"}],"curies":[{"name":"wp","href":"https:\/\/api.w.org\/{rel}","templated":true}]}}