{"id":8802,"date":"2025-04-24T02:11:14","date_gmt":"2025-04-24T02:11:14","guid":{"rendered":"https:\/\/jinhuaceramic.com\/?post_type=product&#038;p=8802"},"modified":"2025-04-24T02:11:15","modified_gmt":"2025-04-24T02:11:15","slug":"ceramic-plates-bulk","status":"publish","type":"product","link":"https:\/\/jinhuaceramic.com\/es\/product\/ceramic-plates-bulk\/","title":{"rendered":"Platos de Cer\u00e1mica a Granel, Platos para Catering al por Mayor"},"content":{"rendered":"<div class=\"wp-block-columns is-layout-flex wp-container-core-columns-is-layout-9d6595d7 wp-block-columns-is-layout-flex\">\n<div class=\"wp-block-column is-layout-flow wp-block-column-is-layout-flow\">\n<h3 class=\"wp-block-heading\">Platos de cer\u00e1mica de pie alto de primera calidad a granel Caracter\u00edsticas:<\/h3>\n\n\n\n<ul class=\"wp-block-list\">\n<li><strong>Dise\u00f1o \u00fanico de pata alta:<\/strong> La caracter\u00edstica m\u00e1s llamativa de estos platos de cer\u00e1mica a granel es su dise\u00f1o de pie alto. Los platos elevados son m\u00e1s tridimensionales y art\u00edsticos a la vista, lo que puede contribuir al ambiente general de la mesa de comedor y hacer que la comida que se sirve parezca m\u00e1s elegante.<\/li>\n\n\n\n<li><strong>Forma elegante:<\/strong> Estos platos de servicio de catering al por mayor tienen un arco estirado, que se conecta suavemente con los altos pies c\u00f3nicos de abajo. Toda la forma es grandiosa y elegante, con un sentido de modernidad, pero a\u00fan con la moderaci\u00f3n y el Zen de la est\u00e9tica oriental.<\/li>\n\n\n\n<li><strong>Varios colores y tama\u00f1os: <\/strong>Estos platos de cer\u00e1mica de pie alto a granel vienen en dos sofisticados colores, un beige r\u00fastico y un marr\u00f3n rojizo de textura profunda, y en cuatro tama\u00f1os y formas diferentes, cada uno con una presentaci\u00f3n ligeramente distinta para adaptarse a diferentes platos.<\/li>\n\n\n\n<li><strong>Material cer\u00e1mico de alta calidad: <\/strong>Estos platos de servir para catering al por mayor est\u00e1n fabricados con arcilla cer\u00e1mica natural inocua cocida a altas temperaturas, no contienen sustancias met\u00e1licas como el plomo y pueden estar en contacto con los alimentos de forma segura. Al mismo tiempo, la superficie de los platos de cer\u00e1mica es lisa y f\u00e1cil de limpiar.<\/li>\n<\/ul>\n<\/div>\n\n\n\n<div class=\"wp-block-column is-layout-flow wp-block-column-is-layout-flow\">\n<figure class=\"wp-block-image size-full\"><img fetchpriority=\"high\" decoding=\"async\" width=\"800\" height=\"800\" src=\"https:\/\/jinhuaceramic.com\/wp-content\/uploads\/2025\/04\/High-Leg-Custom-Dinner-Plates-Ceramic-Serving-Dish-Wholesale-9.webp\" alt=\"Platos de Cer\u00e1mica a Granel, Platos para Catering al por Mayor-2\" class=\"wp-image-8810\" srcset=\"https:\/\/jinhuaceramic.com\/wp-content\/uploads\/2025\/04\/High-Leg-Custom-Dinner-Plates-Ceramic-Serving-Dish-Wholesale-9.webp 800w, https:\/\/jinhuaceramic.com\/wp-content\/uploads\/2025\/04\/High-Leg-Custom-Dinner-Plates-Ceramic-Serving-Dish-Wholesale-9-300x300.webp 300w, https:\/\/jinhuaceramic.com\/wp-content\/uploads\/2025\/04\/High-Leg-Custom-Dinner-Plates-Ceramic-Serving-Dish-Wholesale-9-150x150.webp 150w, https:\/\/jinhuaceramic.com\/wp-content\/uploads\/2025\/04\/High-Leg-Custom-Dinner-Plates-Ceramic-Serving-Dish-Wholesale-9-768x768.webp 768w, https:\/\/jinhuaceramic.com\/wp-content\/uploads\/2025\/04\/High-Leg-Custom-Dinner-Plates-Ceramic-Serving-Dish-Wholesale-9-12x12.webp 12w, https:\/\/jinhuaceramic.com\/wp-content\/uploads\/2025\/04\/High-Leg-Custom-Dinner-Plates-Ceramic-Serving-Dish-Wholesale-9-285x285.webp 285w, https:\/\/jinhuaceramic.com\/wp-content\/uploads\/2025\/04\/High-Leg-Custom-Dinner-Plates-Ceramic-Serving-Dish-Wholesale-9-270x270.webp 270w, https:\/\/jinhuaceramic.com\/wp-content\/uploads\/2025\/04\/High-Leg-Custom-Dinner-Plates-Ceramic-Serving-Dish-Wholesale-9-540x540.webp 540w, https:\/\/jinhuaceramic.com\/wp-content\/uploads\/2025\/04\/High-Leg-Custom-Dinner-Plates-Ceramic-Serving-Dish-Wholesale-9-660x660.webp 660w\" sizes=\"(max-width: 800px) 100vw, 800px\" \/><\/figure>\n<\/div>\n<\/div>","protected":false},"excerpt":{"rendered":"<p>Bienvenido a comprar platos de servir para catering al por mayor. Estos platos de cer\u00e1mica de pie alto a granel son ampliamente populares entre los consumidores por su dise\u00f1o \u00fanico de pie alto, forma elegante, varios colores y tama\u00f1os, y material cer\u00e1mico seguro y duradero.<\/p>","protected":false},"featured_media":8809,"comment_status":"closed","ping_status":"closed","template":"","meta":{"_acf_changed":false},"product_brand":[],"product_cat":[84,54],"product_tag":[76],"class_list":{"0":"post-8802","1":"product","2":"type-product","3":"status-publish","4":"has-post-thumbnail","6":"product_cat-wholesale-ceramic-plates","7":"product_cat-tableware-wholesale","8":"product_tag-dinner-plates-bulk","10":"first","11":"instock","12":"shipping-taxable","13":"product-type-simple"},"acf":[],"_links":{"self":[{"href":"https:\/\/jinhuaceramic.com\/es\/wp-json\/wp\/v2\/product\/8802","targetHints":{"allow":["GET"]}}],"collection":[{"href":"https:\/\/jinhuaceramic.com\/es\/wp-json\/wp\/v2\/product"}],"about":[{"href":"https:\/\/jinhuaceramic.com\/es\/wp-json\/wp\/v2\/types\/product"}],"replies":[{"embeddable":true,"href":"https:\/\/jinhuaceramic.com\/es\/wp-json\/wp\/v2\/comments?post=8802"}],"version-history":[{"count":0,"href":"https:\/\/jinhuaceramic.com\/es\/wp-json\/wp\/v2\/product\/8802\/revisions"}],"wp:featuredmedia":[{"embeddable":true,"href":"https:\/\/jinhuaceramic.com\/es\/wp-json\/wp\/v2\/media\/8809"}],"wp:attachment":[{"href":"https:\/\/jinhuaceramic.com\/es\/wp-json\/wp\/v2\/media?parent=8802"}],"wp:term":[{"taxonomy":"product_brand","embeddable":true,"href":"https:\/\/jinhuaceramic.com\/es\/wp-json\/wp\/v2\/product_brand?post=8802"},{"taxonomy":"product_cat","embeddable":true,"href":"https:\/\/jinhuaceramic.com\/es\/wp-json\/wp\/v2\/product_cat?post=8802"},{"taxonomy":"product_tag","embeddable":true,"href":"https:\/\/jinhuaceramic.com\/es\/wp-json\/wp\/v2\/product_tag?post=8802"}],"curies":[{"name":"wp","href":"https:\/\/api.w.org\/{rel}","templated":true}]}}