{"id":8815,"date":"2025-04-24T01:46:43","date_gmt":"2025-04-24T01:46:43","guid":{"rendered":"https:\/\/jinhuaceramic.com\/?post_type=product&#038;p=8815"},"modified":"2025-04-24T01:46:45","modified_gmt":"2025-04-24T01:46:45","slug":"bulk-dinnerware-sets","status":"publish","type":"product","link":"https:\/\/jinhuaceramic.com\/es\/product\/bulk-dinnerware-sets\/","title":{"rendered":"Vajilla a Granel Azul Brillante, Vajilla de Color S\u00f3lido al por Mayor"},"content":{"rendered":"<div class=\"wp-block-columns is-layout-flex wp-container-core-columns-is-layout-9d6595d7 wp-block-columns-is-layout-flex\">\n<div class=\"wp-block-column is-layout-flow wp-block-column-is-layout-flow\">\n<h3 class=\"wp-block-heading\">Vajillas a Granel Premium Caracter\u00edsticas:<\/h3>\n\n\n\n<ul class=\"wp-block-list\">\n<li><strong>Esmalte reactivo \u00fanico:<\/strong> Estas vajillas a granel utilizan esmaltes reactivos que producen cambios impredecibles de color y textura durante el proceso de cocci\u00f3n. Como resultado, el color azul de cada vajilla presenta matices diferentes, llenos de sentido art\u00edstico y evitando la monoton\u00eda de la producci\u00f3n industrial en serie.<\/li>\n\n\n\n<li><strong>Dise\u00f1o moderno: <\/strong>Los dise\u00f1os de estas vajillas de colores al por mayor son modernos y elegantes. El borde de la vajilla est\u00e1 forrado con un fino borde marr\u00f3n claro, que a\u00f1ade un toque de lujo y elegancia al azul sereno y eleva el estilo.<\/li>\n\n\n\n<li><strong>Material seguro: <\/strong>Fabricadas con arcilla cer\u00e1mica natural no t\u00f3xica de alta cocci\u00f3n, estas vajillas a granel no contienen plomo ni otros materiales met\u00e1licos y pueden entrar en contacto con los alimentos de forma segura.<\/li>\n\n\n\n<li><strong>Juego completo: <\/strong>Estos juegos de vajilla de colores al por mayor incluyen un cuenco de cer\u00e1mica y dos platos, uno peque\u00f1o y otro grande, y son muy pr\u00e1cticos. Uno puede tomar un cereal, una sopa o arroz directamente desde el cuenco de cer\u00e1mica, el plato peque\u00f1o es adecuado para aperitivos, ensaladas y otras guarniciones, mientras que el plato grande es adecuado para platos principales como el bistec.<\/li>\n<\/ul>\n<\/div>\n\n\n\n<div class=\"wp-block-column is-layout-flow wp-block-column-is-layout-flow\">\n<figure class=\"wp-block-image size-full\"><img fetchpriority=\"high\" decoding=\"async\" width=\"1600\" height=\"1600\" src=\"https:\/\/jinhuaceramic.com\/wp-content\/uploads\/2025\/04\/Custom-Dinnerware-With-Reactive-Glaze-Wholesale-Tableware-In-Bulk-4.webp\" alt=\"Vajilla a Granel Azul Brillante, Vajilla de Color S\u00f3lido al por Mayor-1\" class=\"wp-image-8818\" srcset=\"https:\/\/jinhuaceramic.com\/wp-content\/uploads\/2025\/04\/Custom-Dinnerware-With-Reactive-Glaze-Wholesale-Tableware-In-Bulk-4.webp 1600w, https:\/\/jinhuaceramic.com\/wp-content\/uploads\/2025\/04\/Custom-Dinnerware-With-Reactive-Glaze-Wholesale-Tableware-In-Bulk-4-300x300.webp 300w, https:\/\/jinhuaceramic.com\/wp-content\/uploads\/2025\/04\/Custom-Dinnerware-With-Reactive-Glaze-Wholesale-Tableware-In-Bulk-4-150x150.webp 150w, https:\/\/jinhuaceramic.com\/wp-content\/uploads\/2025\/04\/Custom-Dinnerware-With-Reactive-Glaze-Wholesale-Tableware-In-Bulk-4-768x768.webp 768w, https:\/\/jinhuaceramic.com\/wp-content\/uploads\/2025\/04\/Custom-Dinnerware-With-Reactive-Glaze-Wholesale-Tableware-In-Bulk-4-12x12.webp 12w, https:\/\/jinhuaceramic.com\/wp-content\/uploads\/2025\/04\/Custom-Dinnerware-With-Reactive-Glaze-Wholesale-Tableware-In-Bulk-4-285x285.webp 285w, https:\/\/jinhuaceramic.com\/wp-content\/uploads\/2025\/04\/Custom-Dinnerware-With-Reactive-Glaze-Wholesale-Tableware-In-Bulk-4-270x270.webp 270w, https:\/\/jinhuaceramic.com\/wp-content\/uploads\/2025\/04\/Custom-Dinnerware-With-Reactive-Glaze-Wholesale-Tableware-In-Bulk-4-540x540.webp 540w, https:\/\/jinhuaceramic.com\/wp-content\/uploads\/2025\/04\/Custom-Dinnerware-With-Reactive-Glaze-Wholesale-Tableware-In-Bulk-4-660x660.webp 660w\" sizes=\"(max-width: 1600px) 100vw, 1600px\" \/><\/figure>\n<\/div>\n<\/div>","protected":false},"excerpt":{"rendered":"<p>Bienvenido a comprar vajilla de color al por mayor. Estos juegos de vajilla a granel abrazan dise\u00f1o moderno y elegante, aplicar un esmalte reactivo para hacer cada pieza \u00fanica, y al mismo tiempo, el cuerpo de cer\u00e1mica es seguro y duradero, y la combinaci\u00f3n de m\u00faltiples piezas de vajilla es muy pr\u00e1ctico.<\/p>","protected":false},"featured_media":8821,"comment_status":"closed","ping_status":"closed","template":"","meta":{"_acf_changed":false},"product_brand":[],"product_cat":[83,54],"product_tag":[],"class_list":{"0":"post-8815","1":"product","2":"type-product","3":"status-publish","4":"has-post-thumbnail","6":"product_cat-wholesale-dinnerware-sets","7":"product_cat-tableware-wholesale","9":"first","10":"instock","11":"shipping-taxable","12":"product-type-simple"},"acf":[],"_links":{"self":[{"href":"https:\/\/jinhuaceramic.com\/es\/wp-json\/wp\/v2\/product\/8815","targetHints":{"allow":["GET"]}}],"collection":[{"href":"https:\/\/jinhuaceramic.com\/es\/wp-json\/wp\/v2\/product"}],"about":[{"href":"https:\/\/jinhuaceramic.com\/es\/wp-json\/wp\/v2\/types\/product"}],"replies":[{"embeddable":true,"href":"https:\/\/jinhuaceramic.com\/es\/wp-json\/wp\/v2\/comments?post=8815"}],"version-history":[{"count":0,"href":"https:\/\/jinhuaceramic.com\/es\/wp-json\/wp\/v2\/product\/8815\/revisions"}],"wp:featuredmedia":[{"embeddable":true,"href":"https:\/\/jinhuaceramic.com\/es\/wp-json\/wp\/v2\/media\/8821"}],"wp:attachment":[{"href":"https:\/\/jinhuaceramic.com\/es\/wp-json\/wp\/v2\/media?parent=8815"}],"wp:term":[{"taxonomy":"product_brand","embeddable":true,"href":"https:\/\/jinhuaceramic.com\/es\/wp-json\/wp\/v2\/product_brand?post=8815"},{"taxonomy":"product_cat","embeddable":true,"href":"https:\/\/jinhuaceramic.com\/es\/wp-json\/wp\/v2\/product_cat?post=8815"},{"taxonomy":"product_tag","embeddable":true,"href":"https:\/\/jinhuaceramic.com\/es\/wp-json\/wp\/v2\/product_tag?post=8815"}],"curies":[{"name":"wp","href":"https:\/\/api.w.org\/{rel}","templated":true}]}}