{"id":8837,"date":"2025-04-25T01:39:44","date_gmt":"2025-04-25T01:39:44","guid":{"rendered":"https:\/\/jinhuaceramic.com\/?post_type=product&#038;p=8837"},"modified":"2025-04-25T01:39:45","modified_gmt":"2025-04-25T01:39:45","slug":"wholesale-ceramic-plates-and-bowls","status":"publish","type":"product","link":"https:\/\/jinhuaceramic.com\/es\/product\/wholesale-ceramic-plates-and-bowls\/","title":{"rendered":"Mayorista Platos y Tazones de Cer\u00e1mica, Vajilla Comercial a Granel"},"content":{"rendered":"<div class=\"wp-block-columns is-layout-flex wp-container-core-columns-is-layout-9d6595d7 wp-block-columns-is-layout-flex\">\n<div class=\"wp-block-column is-layout-flow wp-block-column-is-layout-flow\">\n<h3 class=\"wp-block-heading\">Platos y cuencos de cer\u00e1mica al por mayor de primera calidad Caracter\u00edsticas:<\/h3>\n\n\n\n<ul class=\"wp-block-list\">\n<li><strong>Una variedad de suaves combinaciones de colores: <\/strong>Estos platos y cuencos de cer\u00e1mica al por mayor vienen en nuevos colores beige, verde azulado y marr\u00f3n con combinaciones de colores pastel. Los colores brillantes y nuevos no s\u00f3lo llaman la atenci\u00f3n y acent\u00faan, sino que tambi\u00e9n crean sentimientos interesantes y \u00fanicos dentro del entorno, haciendo un ambiente c\u00e1lido y estimulante.<\/li>\n\n\n\n<li><strong>Textura r\u00fastica moteada: <\/strong>La mayor parte de esta vajilla comercial a granel est\u00e1 moteada en su superficie con diminutas manchas oscuras. No est\u00e1n dispuestas siguiendo un patr\u00f3n bien organizado, sino que est\u00e1n colocadas al azar, lo que da una sensaci\u00f3n de manejabilidad y ruralidad, que se ve reforzada por el amontonamiento de la vajilla.<\/li>\n\n\n\n<li><strong>Material cer\u00e1mico de alta calidad:<\/strong> Nuestros platos y cuencos de cer\u00e1mica al por mayor est\u00e1n hechos de cer\u00e1mica de alta calidad, con cocci\u00f3n a alta temperatura, y no se rompen ni se rayan f\u00e1cilmente. Son aptos para microondas, horno, lavavajillas y frigor\u00edfico.<\/li>\n\n\n\n<li><strong>Varios tipos de vajilla:<\/strong> Estas vajillas comerciales a granel incluyen dos platos y cuencos de distintos tama\u00f1os para satisfacer las diferentes necesidades de la comida diaria. Los cuencos de cer\u00e1mica tienen un tama\u00f1o razonable y una boca ancha para facilitar el acceso a los alimentos. Las diferentes vajillas pueden apilarse para facilitar su almacenamiento y ahorrar espacio en el armario.<\/li>\n<\/ul>\n<\/div>\n\n\n\n<div class=\"wp-block-column is-layout-flow wp-block-column-is-layout-flow\">\n<figure class=\"wp-block-image size-full\"><img fetchpriority=\"high\" decoding=\"async\" width=\"1600\" height=\"1600\" src=\"https:\/\/jinhuaceramic.com\/wp-content\/uploads\/2025\/04\/Custom-Tableware-Sets-in-Various-Colors-Wholesale-Ceramic-Plate-and-Bowl-7.webp\" alt=\"Mayorista Platos y Tazones de Cer\u00e1mica, Vajilla Comercial Bulk-1\" class=\"wp-image-8843\" srcset=\"https:\/\/jinhuaceramic.com\/wp-content\/uploads\/2025\/04\/Custom-Tableware-Sets-in-Various-Colors-Wholesale-Ceramic-Plate-and-Bowl-7.webp 1600w, https:\/\/jinhuaceramic.com\/wp-content\/uploads\/2025\/04\/Custom-Tableware-Sets-in-Various-Colors-Wholesale-Ceramic-Plate-and-Bowl-7-300x300.webp 300w, https:\/\/jinhuaceramic.com\/wp-content\/uploads\/2025\/04\/Custom-Tableware-Sets-in-Various-Colors-Wholesale-Ceramic-Plate-and-Bowl-7-150x150.webp 150w, https:\/\/jinhuaceramic.com\/wp-content\/uploads\/2025\/04\/Custom-Tableware-Sets-in-Various-Colors-Wholesale-Ceramic-Plate-and-Bowl-7-768x768.webp 768w, https:\/\/jinhuaceramic.com\/wp-content\/uploads\/2025\/04\/Custom-Tableware-Sets-in-Various-Colors-Wholesale-Ceramic-Plate-and-Bowl-7-12x12.webp 12w, https:\/\/jinhuaceramic.com\/wp-content\/uploads\/2025\/04\/Custom-Tableware-Sets-in-Various-Colors-Wholesale-Ceramic-Plate-and-Bowl-7-285x285.webp 285w, https:\/\/jinhuaceramic.com\/wp-content\/uploads\/2025\/04\/Custom-Tableware-Sets-in-Various-Colors-Wholesale-Ceramic-Plate-and-Bowl-7-270x270.webp 270w, https:\/\/jinhuaceramic.com\/wp-content\/uploads\/2025\/04\/Custom-Tableware-Sets-in-Various-Colors-Wholesale-Ceramic-Plate-and-Bowl-7-540x540.webp 540w, https:\/\/jinhuaceramic.com\/wp-content\/uploads\/2025\/04\/Custom-Tableware-Sets-in-Various-Colors-Wholesale-Ceramic-Plate-and-Bowl-7-660x660.webp 660w\" sizes=\"(max-width: 1600px) 100vw, 1600px\" \/><\/figure>\n<\/div>\n<\/div>","protected":false},"excerpt":{"rendered":"<p>Bienvenido a comprar vajilla comercial al por mayor. Nuestros platos y cuencos de cer\u00e1mica al por mayor de color claro tienen un estilo \u00fanico, contempor\u00e1neo y campestre. Adem\u00e1s, con material cer\u00e1mico duradero y diferentes formas de vajilla, estos juegos de mesa no s\u00f3lo son visualmente atractivos, sino tambi\u00e9n funcionales, ofreciendo una sensaci\u00f3n natural, contempor\u00e1nea y din\u00e1mica a la mesa de comedor.<\/p>","protected":false},"featured_media":8840,"comment_status":"closed","ping_status":"closed","template":"","meta":{"_acf_changed":false},"product_brand":[],"product_cat":[83,54],"product_tag":[],"class_list":{"0":"post-8837","1":"product","2":"type-product","3":"status-publish","4":"has-post-thumbnail","6":"product_cat-wholesale-dinnerware-sets","7":"product_cat-tableware-wholesale","9":"first","10":"instock","11":"shipping-taxable","12":"product-type-simple"},"acf":[],"_links":{"self":[{"href":"https:\/\/jinhuaceramic.com\/es\/wp-json\/wp\/v2\/product\/8837","targetHints":{"allow":["GET"]}}],"collection":[{"href":"https:\/\/jinhuaceramic.com\/es\/wp-json\/wp\/v2\/product"}],"about":[{"href":"https:\/\/jinhuaceramic.com\/es\/wp-json\/wp\/v2\/types\/product"}],"replies":[{"embeddable":true,"href":"https:\/\/jinhuaceramic.com\/es\/wp-json\/wp\/v2\/comments?post=8837"}],"version-history":[{"count":0,"href":"https:\/\/jinhuaceramic.com\/es\/wp-json\/wp\/v2\/product\/8837\/revisions"}],"wp:featuredmedia":[{"embeddable":true,"href":"https:\/\/jinhuaceramic.com\/es\/wp-json\/wp\/v2\/media\/8840"}],"wp:attachment":[{"href":"https:\/\/jinhuaceramic.com\/es\/wp-json\/wp\/v2\/media?parent=8837"}],"wp:term":[{"taxonomy":"product_brand","embeddable":true,"href":"https:\/\/jinhuaceramic.com\/es\/wp-json\/wp\/v2\/product_brand?post=8837"},{"taxonomy":"product_cat","embeddable":true,"href":"https:\/\/jinhuaceramic.com\/es\/wp-json\/wp\/v2\/product_cat?post=8837"},{"taxonomy":"product_tag","embeddable":true,"href":"https:\/\/jinhuaceramic.com\/es\/wp-json\/wp\/v2\/product_tag?post=8837"}],"curies":[{"name":"wp","href":"https:\/\/api.w.org\/{rel}","templated":true}]}}