{"id":8862,"date":"2025-04-28T08:17:45","date_gmt":"2025-04-28T08:17:45","guid":{"rendered":"https:\/\/jinhuaceramic.com\/?post_type=product&#038;p=8862"},"modified":"2025-04-28T08:17:46","modified_gmt":"2025-04-28T08:17:46","slug":"custom-dinner-set","status":"publish","type":"product","link":"https:\/\/jinhuaceramic.com\/es\/product\/custom-dinner-set\/","title":{"rendered":"Vajilla Personalizada, Platos y Cuencos de Cer\u00e1mica Burbuja al por mayor"},"content":{"rendered":"<div class=\"wp-block-columns is-layout-flex wp-container-core-columns-is-layout-9d6595d7 wp-block-columns-is-layout-flex\">\n<div class=\"wp-block-column is-layout-flow wp-block-column-is-layout-flow\">\n<h3 class=\"wp-block-heading\">Premium Custom Dinner Set Caracter\u00edsticas:<\/h3>\n\n\n\n<ul class=\"wp-block-list\">\n<li><strong>Dise\u00f1o de color de contraste: <\/strong>La vajilla personalizada presenta un dise\u00f1o que contrasta los colores interior y exterior. La superficie interior de los platos y cuencos es de un suave azul aguamarina, mientras que la exterior es de un misterioso negro, con un anillo de bronce decorado a lo largo de los bordes, que confiere a la vajilla un aspecto contempor\u00e1neo y moderno.<\/li>\n\n\n\n<li><strong>Textura especial de burbujas: <\/strong>El interior de estos platos y cuencos de cer\u00e1mica al por mayor es de color azul aguamarina con una textura especial de burbujas rugosas que crea un efecto iridiscente, dando a la vajilla una sensaci\u00f3n viva y org\u00e1nica y a estos juegos de vajilla un reconocimiento instant\u00e1neo.<\/li>\n\n\n\n<li><strong>Gres resistente: <\/strong>Estos platos y cuencos de cer\u00e1mica al por mayor est\u00e1n hechos de gres y son c\u00e1lidos, acogedores y c\u00f3modos al tacto. Son m\u00e1s duraderos y gruesos que la vajilla de cer\u00e1mica ordinaria, no se desgastan pronto y pueden utilizarse durante d\u00e9cadas.<\/li>\n\n\n\n<li><strong>Juego completo:<\/strong> Estas vajillas personalizadas incluyen un juego completo de cuenco de cer\u00e1mica, taza y dos platos de diferentes tama\u00f1os. El cuenco de cer\u00e1mica se puede utilizar para sopa, cereales y arroz, el plato auxiliar se puede utilizar para guarniciones, el plato grande se puede utilizar para platos principales y la taza se puede utilizar para agua, leche o bebidas.<\/li>\n<\/ul>\n<\/div>\n\n\n\n<div class=\"wp-block-column is-layout-flow wp-block-column-is-layout-flow\">\n<figure class=\"wp-block-image size-full\"><img fetchpriority=\"high\" decoding=\"async\" width=\"1500\" height=\"1500\" src=\"https:\/\/jinhuaceramic.com\/wp-content\/uploads\/2025\/04\/Wholesale-Bubble-Dinnerware-Set-Custom-Ceramic-Plate-and-Bowl-in-Bulk-3.webp\" alt=\"plato y cuenco de cer\u00e1mica de burbujas al por mayor-1\" class=\"wp-image-8864\" srcset=\"https:\/\/jinhuaceramic.com\/wp-content\/uploads\/2025\/04\/Wholesale-Bubble-Dinnerware-Set-Custom-Ceramic-Plate-and-Bowl-in-Bulk-3.webp 1500w, https:\/\/jinhuaceramic.com\/wp-content\/uploads\/2025\/04\/Wholesale-Bubble-Dinnerware-Set-Custom-Ceramic-Plate-and-Bowl-in-Bulk-3-300x300.webp 300w, https:\/\/jinhuaceramic.com\/wp-content\/uploads\/2025\/04\/Wholesale-Bubble-Dinnerware-Set-Custom-Ceramic-Plate-and-Bowl-in-Bulk-3-150x150.webp 150w, https:\/\/jinhuaceramic.com\/wp-content\/uploads\/2025\/04\/Wholesale-Bubble-Dinnerware-Set-Custom-Ceramic-Plate-and-Bowl-in-Bulk-3-768x768.webp 768w, https:\/\/jinhuaceramic.com\/wp-content\/uploads\/2025\/04\/Wholesale-Bubble-Dinnerware-Set-Custom-Ceramic-Plate-and-Bowl-in-Bulk-3-12x12.webp 12w, https:\/\/jinhuaceramic.com\/wp-content\/uploads\/2025\/04\/Wholesale-Bubble-Dinnerware-Set-Custom-Ceramic-Plate-and-Bowl-in-Bulk-3-285x285.webp 285w, https:\/\/jinhuaceramic.com\/wp-content\/uploads\/2025\/04\/Wholesale-Bubble-Dinnerware-Set-Custom-Ceramic-Plate-and-Bowl-in-Bulk-3-270x270.webp 270w, https:\/\/jinhuaceramic.com\/wp-content\/uploads\/2025\/04\/Wholesale-Bubble-Dinnerware-Set-Custom-Ceramic-Plate-and-Bowl-in-Bulk-3-540x540.webp 540w, https:\/\/jinhuaceramic.com\/wp-content\/uploads\/2025\/04\/Wholesale-Bubble-Dinnerware-Set-Custom-Ceramic-Plate-and-Bowl-in-Bulk-3-660x660.webp 660w\" sizes=\"(max-width: 1500px) 100vw, 1500px\" \/><\/figure>\n<\/div>\n<\/div>","protected":false},"excerpt":{"rendered":"<p>Bienvenido a comprar nuestra vajilla personalizada. Las ventajas de estos platos y cuencos de cer\u00e1mica al por mayor incluyen el patr\u00f3n bicolor, la textura de burbuja \u00fanica, la construcci\u00f3n de gres duradero y el dise\u00f1o de juego completo, que es la combinaci\u00f3n ideal de belleza y practicidad. Estos juegos de vajilla pueden crear un entorno de mesa moderno y animado, haciendo que la cena sea ritualista y agradable.<\/p>","protected":false},"featured_media":8863,"comment_status":"closed","ping_status":"closed","template":"","meta":{"_acf_changed":false},"product_brand":[],"product_cat":[83,54],"product_tag":[],"class_list":{"0":"post-8862","1":"product","2":"type-product","3":"status-publish","4":"has-post-thumbnail","6":"product_cat-wholesale-dinnerware-sets","7":"product_cat-tableware-wholesale","9":"first","10":"instock","11":"shipping-taxable","12":"product-type-simple"},"acf":[],"_links":{"self":[{"href":"https:\/\/jinhuaceramic.com\/es\/wp-json\/wp\/v2\/product\/8862","targetHints":{"allow":["GET"]}}],"collection":[{"href":"https:\/\/jinhuaceramic.com\/es\/wp-json\/wp\/v2\/product"}],"about":[{"href":"https:\/\/jinhuaceramic.com\/es\/wp-json\/wp\/v2\/types\/product"}],"replies":[{"embeddable":true,"href":"https:\/\/jinhuaceramic.com\/es\/wp-json\/wp\/v2\/comments?post=8862"}],"version-history":[{"count":0,"href":"https:\/\/jinhuaceramic.com\/es\/wp-json\/wp\/v2\/product\/8862\/revisions"}],"wp:featuredmedia":[{"embeddable":true,"href":"https:\/\/jinhuaceramic.com\/es\/wp-json\/wp\/v2\/media\/8863"}],"wp:attachment":[{"href":"https:\/\/jinhuaceramic.com\/es\/wp-json\/wp\/v2\/media?parent=8862"}],"wp:term":[{"taxonomy":"product_brand","embeddable":true,"href":"https:\/\/jinhuaceramic.com\/es\/wp-json\/wp\/v2\/product_brand?post=8862"},{"taxonomy":"product_cat","embeddable":true,"href":"https:\/\/jinhuaceramic.com\/es\/wp-json\/wp\/v2\/product_cat?post=8862"},{"taxonomy":"product_tag","embeddable":true,"href":"https:\/\/jinhuaceramic.com\/es\/wp-json\/wp\/v2\/product_tag?post=8862"}],"curies":[{"name":"wp","href":"https:\/\/api.w.org\/{rel}","templated":true}]}}