{"id":8879,"date":"2025-05-05T07:52:37","date_gmt":"2025-05-05T07:52:37","guid":{"rendered":"https:\/\/jinhuaceramic.com\/?post_type=product&#038;p=8879"},"modified":"2025-05-05T07:52:39","modified_gmt":"2025-05-05T07:52:39","slug":"custom-crockery","status":"publish","type":"product","link":"https:\/\/jinhuaceramic.com\/es\/product\/custom-crockery\/","title":{"rendered":"Vajilla Personalizada De Gres Textura Espiral, Vajilla R\u00fastica al por Mayor"},"content":{"rendered":"<div class=\"wp-block-columns is-layout-flex wp-container-core-columns-is-layout-9d6595d7 wp-block-columns-is-layout-flex\">\n<div class=\"wp-block-column is-layout-flow wp-block-column-is-layout-flow\">\n<h3 class=\"wp-block-heading\">Vajilla personalizada Premium Caracter\u00edsticas:<\/h3>\n\n\n\n<ul class=\"wp-block-list\">\n<li><strong>Distinta textura en espiral: <\/strong>Estas vajillas personalizadas presentan motivos conc\u00e9ntricos en espiral no uniformes, en los que los colores irradian desde el centro de forma escalonada hacia los l\u00edmites, lo que confiere un aspecto natural y din\u00e1mico que potencia el arte y la identificabilidad de la vajilla.<\/li>\n\n\n\n<li><strong>Estilo r\u00fastico: <\/strong>El color principal de estas vajillas personalizadas es el beige con bordes blancos y texturas en espiral grises. El color es sencillo pero elegante en general. Con las manchas negras irregulares salpicadas en la superficie, los juegos de vajilla tambi\u00e9n tienen un aspecto m\u00e1s r\u00fastico y artesanal.<\/li>\n\n\n\n<li><strong>Gres Material: <\/strong>Estas vajillas al por mayor est\u00e1n fabricadas con cer\u00e1mica gruesa, que tiene cierta sensaci\u00f3n de dureza y peso. Son suaves al tacto y m\u00e1s duraderas que la cer\u00e1mica ordinaria, por lo que son adecuadas para un uso regular.<\/li>\n\n\n\n<li><strong>Gran viabilidad: <\/strong>Esta vajilla personalizada de 16 piezas incluye 4 ensaladeras, 4 soperas, 4 platos de guarnici\u00f3n y 4 platos principales, que pueden satisfacer las necesidades diarias de una familia de cuatro miembros y son muy pr\u00e1cticos.<\/li>\n<\/ul>\n<\/div>\n\n\n\n<div class=\"wp-block-column is-layout-flow wp-block-column-is-layout-flow\">\n<figure class=\"wp-block-image size-full\"><img fetchpriority=\"high\" decoding=\"async\" width=\"1600\" height=\"1600\" src=\"https:\/\/jinhuaceramic.com\/wp-content\/uploads\/2025\/04\/Rustic-Crockery-Set-With-Spiral-Texture-Stoneware-Tableware-Wholesale-9.webp\" alt=\"ccustom-crockery-set-with-spiral-texture-stoneware-rustic-tableware-wholesale-1\" class=\"wp-image-8887\" srcset=\"https:\/\/jinhuaceramic.com\/wp-content\/uploads\/2025\/04\/Rustic-Crockery-Set-With-Spiral-Texture-Stoneware-Tableware-Wholesale-9.webp 1600w, https:\/\/jinhuaceramic.com\/wp-content\/uploads\/2025\/04\/Rustic-Crockery-Set-With-Spiral-Texture-Stoneware-Tableware-Wholesale-9-300x300.webp 300w, https:\/\/jinhuaceramic.com\/wp-content\/uploads\/2025\/04\/Rustic-Crockery-Set-With-Spiral-Texture-Stoneware-Tableware-Wholesale-9-150x150.webp 150w, https:\/\/jinhuaceramic.com\/wp-content\/uploads\/2025\/04\/Rustic-Crockery-Set-With-Spiral-Texture-Stoneware-Tableware-Wholesale-9-768x768.webp 768w, https:\/\/jinhuaceramic.com\/wp-content\/uploads\/2025\/04\/Rustic-Crockery-Set-With-Spiral-Texture-Stoneware-Tableware-Wholesale-9-12x12.webp 12w, https:\/\/jinhuaceramic.com\/wp-content\/uploads\/2025\/04\/Rustic-Crockery-Set-With-Spiral-Texture-Stoneware-Tableware-Wholesale-9-285x285.webp 285w, https:\/\/jinhuaceramic.com\/wp-content\/uploads\/2025\/04\/Rustic-Crockery-Set-With-Spiral-Texture-Stoneware-Tableware-Wholesale-9-270x270.webp 270w, https:\/\/jinhuaceramic.com\/wp-content\/uploads\/2025\/04\/Rustic-Crockery-Set-With-Spiral-Texture-Stoneware-Tableware-Wholesale-9-540x540.webp 540w, https:\/\/jinhuaceramic.com\/wp-content\/uploads\/2025\/04\/Rustic-Crockery-Set-With-Spiral-Texture-Stoneware-Tableware-Wholesale-9-660x660.webp 660w\" sizes=\"(max-width: 1600px) 100vw, 1600px\" \/><\/figure>\n<\/div>\n<\/div>","protected":false},"excerpt":{"rendered":"<p>Bienvenido a comprar nuestra vajilla al por mayor. Las ventajas de estas vajillas personalizadas residen en su textura \u00fanica en espiral, su aspecto vintage y su contenido de gres, que les confiere textura y solidez, haci\u00e9ndolas tan est\u00e9ticas como pr\u00e1cticas. Pueden aportar una sensaci\u00f3n de tranquilidad y belleza a la mesa y optimizar el placer de comer.<\/p>","protected":false},"featured_media":8886,"comment_status":"closed","ping_status":"closed","template":"","meta":{"_acf_changed":false},"product_brand":[],"product_cat":[83,54],"product_tag":[],"class_list":{"0":"post-8879","1":"product","2":"type-product","3":"status-publish","4":"has-post-thumbnail","6":"product_cat-wholesale-dinnerware-sets","7":"product_cat-tableware-wholesale","9":"first","10":"instock","11":"shipping-taxable","12":"product-type-simple"},"acf":[],"_links":{"self":[{"href":"https:\/\/jinhuaceramic.com\/es\/wp-json\/wp\/v2\/product\/8879","targetHints":{"allow":["GET"]}}],"collection":[{"href":"https:\/\/jinhuaceramic.com\/es\/wp-json\/wp\/v2\/product"}],"about":[{"href":"https:\/\/jinhuaceramic.com\/es\/wp-json\/wp\/v2\/types\/product"}],"replies":[{"embeddable":true,"href":"https:\/\/jinhuaceramic.com\/es\/wp-json\/wp\/v2\/comments?post=8879"}],"version-history":[{"count":0,"href":"https:\/\/jinhuaceramic.com\/es\/wp-json\/wp\/v2\/product\/8879\/revisions"}],"wp:featuredmedia":[{"embeddable":true,"href":"https:\/\/jinhuaceramic.com\/es\/wp-json\/wp\/v2\/media\/8886"}],"wp:attachment":[{"href":"https:\/\/jinhuaceramic.com\/es\/wp-json\/wp\/v2\/media?parent=8879"}],"wp:term":[{"taxonomy":"product_brand","embeddable":true,"href":"https:\/\/jinhuaceramic.com\/es\/wp-json\/wp\/v2\/product_brand?post=8879"},{"taxonomy":"product_cat","embeddable":true,"href":"https:\/\/jinhuaceramic.com\/es\/wp-json\/wp\/v2\/product_cat?post=8879"},{"taxonomy":"product_tag","embeddable":true,"href":"https:\/\/jinhuaceramic.com\/es\/wp-json\/wp\/v2\/product_tag?post=8879"}],"curies":[{"name":"wp","href":"https:\/\/api.w.org\/{rel}","templated":true}]}}