{"id":8892,"date":"2025-05-05T09:34:40","date_gmt":"2025-05-05T09:34:40","guid":{"rendered":"https:\/\/jinhuaceramic.com\/?post_type=product&#038;p=8892"},"modified":"2025-05-05T09:34:42","modified_gmt":"2025-05-05T09:34:42","slug":"custom-plates-and-bowls","status":"publish","type":"product","link":"https:\/\/jinhuaceramic.com\/es\/product\/custom-plates-and-bowls\/","title":{"rendered":"Platos y cuencos personalizados, Vajilla de cer\u00e1mica de lujo al por mayor"},"content":{"rendered":"<div class=\"wp-block-columns is-layout-flex wp-container-core-columns-is-layout-9d6595d7 wp-block-columns-is-layout-flex\">\n<div class=\"wp-block-column is-layout-flow wp-block-column-is-layout-flow\">\n<h3 class=\"wp-block-heading\">Platos y cuencos personalizados Premium Caracter\u00edsticas:<\/h3>\n\n\n\n<ul class=\"wp-block-list\">\n<li><strong>Dise\u00f1o elegante: <\/strong>Estos platos y cuencos personalizados est\u00e1n cubiertos con texturas de gotas de agua radiantes de color marr\u00f3n claro. Los platos irradian desde el centro, pero los cuencos y las tazas irradian hacia arriba desde la parte inferior, un dise\u00f1o similar a un rayo de sol que contrasta con el borde verde. El conjunto rebosa riqueza y armon\u00eda.<\/li>\n\n\n\n<li><strong>Material de alta calidad: <\/strong>La vajilla de cer\u00e1mica de alta calidad al por mayor es duradera, dura, menos propensa al desgaste y muy resistente al calor. Son aptas para microondas, horno, frigor\u00edfico y lavavajillas.<\/li>\n\n\n\n<li><strong>Juego completo: <\/strong>La vajilla de cer\u00e1mica al por mayor incluye platos, cuencos y tazas para satisfacer diversas necesidades culinarias. Los platos, por ejemplo, son perfectos para tomar el plato principal y la guarnici\u00f3n, los cuencos son perfectos para tomar sopa y alimentos b\u00e1sicos, y las tazas son perfectas para tomar bebidas como caf\u00e9, t\u00e9 y mucho m\u00e1s.<\/li>\n\n\n\n<li><strong>El regalo perfecto: <\/strong>Pr\u00e1cticos y bonitos a la vez, los platos y cuencos personalizados son regalos ideales para una boda o la inauguraci\u00f3n de una casa, para transmitir los buenos deseos del donante.<\/li>\n<\/ul>\n<\/div>\n\n\n\n<div class=\"wp-block-column is-layout-flow wp-block-column-is-layout-flow\">\n<figure class=\"wp-block-image size-full\"><img fetchpriority=\"high\" decoding=\"async\" width=\"1600\" height=\"1591\" src=\"https:\/\/jinhuaceramic.com\/wp-content\/uploads\/2025\/05\/Luxury-Tableware-Set-Wholesale-Custom-Ceramic-Dinner-Bowl-And-Plate-3.webp\" alt=\"platos y cuencos personalizados-vajilla de lujo-set-mayorista-1\" class=\"wp-image-8894\" srcset=\"https:\/\/jinhuaceramic.com\/wp-content\/uploads\/2025\/05\/Luxury-Tableware-Set-Wholesale-Custom-Ceramic-Dinner-Bowl-And-Plate-3.webp 1600w, https:\/\/jinhuaceramic.com\/wp-content\/uploads\/2025\/05\/Luxury-Tableware-Set-Wholesale-Custom-Ceramic-Dinner-Bowl-And-Plate-3-300x298.webp 300w, https:\/\/jinhuaceramic.com\/wp-content\/uploads\/2025\/05\/Luxury-Tableware-Set-Wholesale-Custom-Ceramic-Dinner-Bowl-And-Plate-3-150x150.webp 150w, https:\/\/jinhuaceramic.com\/wp-content\/uploads\/2025\/05\/Luxury-Tableware-Set-Wholesale-Custom-Ceramic-Dinner-Bowl-And-Plate-3-768x764.webp 768w, https:\/\/jinhuaceramic.com\/wp-content\/uploads\/2025\/05\/Luxury-Tableware-Set-Wholesale-Custom-Ceramic-Dinner-Bowl-And-Plate-3-12x12.webp 12w, https:\/\/jinhuaceramic.com\/wp-content\/uploads\/2025\/05\/Luxury-Tableware-Set-Wholesale-Custom-Ceramic-Dinner-Bowl-And-Plate-3-285x283.webp 285w, https:\/\/jinhuaceramic.com\/wp-content\/uploads\/2025\/05\/Luxury-Tableware-Set-Wholesale-Custom-Ceramic-Dinner-Bowl-And-Plate-3-660x656.webp 660w\" sizes=\"(max-width: 1600px) 100vw, 1600px\" \/><\/figure>\n<\/div>\n<\/div>","protected":false},"excerpt":{"rendered":"<p>Bienvenido a comprar nuestros platos y cuencos personalizados. La vajilla de cer\u00e1mica al por mayor est\u00e1 bien decorada y es compatible con diferentes modelos de mesas de comedor. El material cer\u00e1mico es resistente y duradero. Los platos, cuencos y tazas son funcionales y sirven para diferentes tipos de comidas. Son adecuados tanto para uso personal como para recibir invitados.<\/p>","protected":false},"featured_media":8897,"comment_status":"closed","ping_status":"closed","template":"","meta":{"_acf_changed":false},"product_brand":[],"product_cat":[83,54],"product_tag":[],"class_list":{"0":"post-8892","1":"product","2":"type-product","3":"status-publish","4":"has-post-thumbnail","6":"product_cat-wholesale-dinnerware-sets","7":"product_cat-tableware-wholesale","9":"first","10":"instock","11":"shipping-taxable","12":"product-type-simple"},"acf":[],"_links":{"self":[{"href":"https:\/\/jinhuaceramic.com\/es\/wp-json\/wp\/v2\/product\/8892","targetHints":{"allow":["GET"]}}],"collection":[{"href":"https:\/\/jinhuaceramic.com\/es\/wp-json\/wp\/v2\/product"}],"about":[{"href":"https:\/\/jinhuaceramic.com\/es\/wp-json\/wp\/v2\/types\/product"}],"replies":[{"embeddable":true,"href":"https:\/\/jinhuaceramic.com\/es\/wp-json\/wp\/v2\/comments?post=8892"}],"version-history":[{"count":0,"href":"https:\/\/jinhuaceramic.com\/es\/wp-json\/wp\/v2\/product\/8892\/revisions"}],"wp:featuredmedia":[{"embeddable":true,"href":"https:\/\/jinhuaceramic.com\/es\/wp-json\/wp\/v2\/media\/8897"}],"wp:attachment":[{"href":"https:\/\/jinhuaceramic.com\/es\/wp-json\/wp\/v2\/media?parent=8892"}],"wp:term":[{"taxonomy":"product_brand","embeddable":true,"href":"https:\/\/jinhuaceramic.com\/es\/wp-json\/wp\/v2\/product_brand?post=8892"},{"taxonomy":"product_cat","embeddable":true,"href":"https:\/\/jinhuaceramic.com\/es\/wp-json\/wp\/v2\/product_cat?post=8892"},{"taxonomy":"product_tag","embeddable":true,"href":"https:\/\/jinhuaceramic.com\/es\/wp-json\/wp\/v2\/product_tag?post=8892"}],"curies":[{"name":"wp","href":"https:\/\/api.w.org\/{rel}","templated":true}]}}