{"id":8901,"date":"2025-05-05T08:54:24","date_gmt":"2025-05-05T08:54:24","guid":{"rendered":"https:\/\/jinhuaceramic.com\/?post_type=product&#038;p=8901"},"modified":"2025-05-05T08:54:25","modified_gmt":"2025-05-05T08:54:25","slug":"customized-dinnerware","status":"publish","type":"product","link":"https:\/\/jinhuaceramic.com\/es\/product\/customized-dinnerware\/","title":{"rendered":"Vajilla Personalizada Para 4, Vajilla Japonesa al por Mayor"},"content":{"rendered":"<div class=\"wp-block-columns is-layout-flex wp-container-core-columns-is-layout-9d6595d7 wp-block-columns-is-layout-flex\">\n<div class=\"wp-block-column is-layout-flow wp-block-column-is-layout-flow\">\n<h3 class=\"wp-block-heading\">Vajilla Personalizada Premium Caracter\u00edsticas:<\/h3>\n\n\n\n<ul class=\"wp-block-list\">\n<li><strong>Estilo japon\u00e9s: <\/strong>Estas vajillas personalizadas son en su mayor\u00eda de color gris claro, con bandas ornamentales a rayas verticales y pies anulares marrones, que desprenden una fuerte atm\u00f3sfera retro japonesa. Pueden a\u00f1adir un toque art\u00edstico a la mesa del comedor y se pueden utilizar con la mayor\u00eda de los estilos de casa, como el moderno y el retro.<\/li>\n\n\n\n<li><strong>Seguridad y salud: <\/strong>Estas vajillas de cer\u00e1mica de primera calidad al por mayor se fabrican con minerales naturales y se cuecen a alta temperatura sin a\u00f1adir productos qu\u00edmicos t\u00f3xicos. Nunca liberan productos qu\u00edmicos t\u00f3xicos durante la cocci\u00f3n, por lo que son seguras y saludables para mantener los alimentos.<\/li>\n\n\n\n<li><strong>Flexibilidad: <\/strong>Estos juegos de vajilla personalizados incluyen cuencos de 6,75 pulgadas, platos de 8,5 pulgadas y platos de 11 pulgadas, que pueden utilizarse para satisfacer las necesidades gastron\u00f3micas diarias, ya sean desayunos, almuerzos o cenas. No s\u00f3lo son adecuados para uso dom\u00e9stico, sino tambi\u00e9n para restaurantes de lujo.<\/li>\n\n\n\n<li><strong>F\u00e1cil de limpiar: <\/strong>Estas piezas de vajilla japonesa de cer\u00e1mica lisa son dif\u00edciles de adherir a las manchas. Son f\u00e1ciles de lavar a mano o en el lavavajillas, lo que puede reducir el esfuerzo y el coste de tiempo de la limpieza posterior a la comida.<\/li>\n<\/ul>\n<\/div>\n\n\n\n<div class=\"wp-block-column is-layout-flow wp-block-column-is-layout-flow\">\n<figure class=\"wp-block-image size-full\"><img fetchpriority=\"high\" decoding=\"async\" width=\"2560\" height=\"2560\" src=\"https:\/\/jinhuaceramic.com\/wp-content\/uploads\/2025\/05\/Japanese-Dinnerware-Set-Custom-Tableware-Dinner-Service-For-4-7.webp\" alt=\"vajilla personalizada para 4 vajilla japonesa al por mayor-1\" class=\"wp-image-8907\" srcset=\"https:\/\/jinhuaceramic.com\/wp-content\/uploads\/2025\/05\/Japanese-Dinnerware-Set-Custom-Tableware-Dinner-Service-For-4-7.webp 2560w, https:\/\/jinhuaceramic.com\/wp-content\/uploads\/2025\/05\/Japanese-Dinnerware-Set-Custom-Tableware-Dinner-Service-For-4-7-300x300.webp 300w, https:\/\/jinhuaceramic.com\/wp-content\/uploads\/2025\/05\/Japanese-Dinnerware-Set-Custom-Tableware-Dinner-Service-For-4-7-150x150.webp 150w, https:\/\/jinhuaceramic.com\/wp-content\/uploads\/2025\/05\/Japanese-Dinnerware-Set-Custom-Tableware-Dinner-Service-For-4-7-768x768.webp 768w, https:\/\/jinhuaceramic.com\/wp-content\/uploads\/2025\/05\/Japanese-Dinnerware-Set-Custom-Tableware-Dinner-Service-For-4-7-12x12.webp 12w, https:\/\/jinhuaceramic.com\/wp-content\/uploads\/2025\/05\/Japanese-Dinnerware-Set-Custom-Tableware-Dinner-Service-For-4-7-285x285.webp 285w, https:\/\/jinhuaceramic.com\/wp-content\/uploads\/2025\/05\/Japanese-Dinnerware-Set-Custom-Tableware-Dinner-Service-For-4-7-1600x1600.webp 1600w, https:\/\/jinhuaceramic.com\/wp-content\/uploads\/2025\/05\/Japanese-Dinnerware-Set-Custom-Tableware-Dinner-Service-For-4-7-270x270.webp 270w, https:\/\/jinhuaceramic.com\/wp-content\/uploads\/2025\/05\/Japanese-Dinnerware-Set-Custom-Tableware-Dinner-Service-For-4-7-540x540.webp 540w, https:\/\/jinhuaceramic.com\/wp-content\/uploads\/2025\/05\/Japanese-Dinnerware-Set-Custom-Tableware-Dinner-Service-For-4-7-660x660.webp 660w\" sizes=\"(max-width: 2560px) 100vw, 2560px\" \/><\/figure>\n<\/div>\n<\/div>","protected":false},"excerpt":{"rendered":"<p>Bienvenido a comprar nuestra vajilla japonesa al por mayor. Estas vajillas personalizadas presentan un estilo de dise\u00f1o japon\u00e9s sencillo y vers\u00e1til. La cer\u00e1mica es segura y saludable, f\u00e1cil de lavar, y la coordinaci\u00f3n entre varias vajillas es conveniente. La vajilla no s\u00f3lo es bonita, sino tambi\u00e9n pr\u00e1ctica, lo que convierte las comidas en una experiencia agradable.<\/p>","protected":false},"featured_media":8904,"comment_status":"closed","ping_status":"closed","template":"","meta":{"_acf_changed":false},"product_brand":[],"product_cat":[83,54],"product_tag":[],"class_list":{"0":"post-8901","1":"product","2":"type-product","3":"status-publish","4":"has-post-thumbnail","6":"product_cat-wholesale-dinnerware-sets","7":"product_cat-tableware-wholesale","9":"first","10":"instock","11":"shipping-taxable","12":"product-type-simple"},"acf":[],"_links":{"self":[{"href":"https:\/\/jinhuaceramic.com\/es\/wp-json\/wp\/v2\/product\/8901","targetHints":{"allow":["GET"]}}],"collection":[{"href":"https:\/\/jinhuaceramic.com\/es\/wp-json\/wp\/v2\/product"}],"about":[{"href":"https:\/\/jinhuaceramic.com\/es\/wp-json\/wp\/v2\/types\/product"}],"replies":[{"embeddable":true,"href":"https:\/\/jinhuaceramic.com\/es\/wp-json\/wp\/v2\/comments?post=8901"}],"version-history":[{"count":0,"href":"https:\/\/jinhuaceramic.com\/es\/wp-json\/wp\/v2\/product\/8901\/revisions"}],"wp:featuredmedia":[{"embeddable":true,"href":"https:\/\/jinhuaceramic.com\/es\/wp-json\/wp\/v2\/media\/8904"}],"wp:attachment":[{"href":"https:\/\/jinhuaceramic.com\/es\/wp-json\/wp\/v2\/media?parent=8901"}],"wp:term":[{"taxonomy":"product_brand","embeddable":true,"href":"https:\/\/jinhuaceramic.com\/es\/wp-json\/wp\/v2\/product_brand?post=8901"},{"taxonomy":"product_cat","embeddable":true,"href":"https:\/\/jinhuaceramic.com\/es\/wp-json\/wp\/v2\/product_cat?post=8901"},{"taxonomy":"product_tag","embeddable":true,"href":"https:\/\/jinhuaceramic.com\/es\/wp-json\/wp\/v2\/product_tag?post=8901"}],"curies":[{"name":"wp","href":"https:\/\/api.w.org\/{rel}","templated":true}]}}