{"id":8912,"date":"2025-05-05T08:23:08","date_gmt":"2025-05-05T08:23:08","guid":{"rendered":"https:\/\/jinhuaceramic.com\/?post_type=product&#038;p=8912"},"modified":"2025-05-05T08:23:10","modified_gmt":"2025-05-05T08:23:10","slug":"chinese-bathroom-accessories","status":"publish","type":"product","link":"https:\/\/jinhuaceramic.com\/es\/product\/chinese-bathroom-accessories\/","title":{"rendered":"Accesorios de Ba\u00f1o Chinos, Set de Ba\u00f1o de Cer\u00e1mica Retro Verde Personalizado para Hotel"},"content":{"rendered":"<div class=\"wp-block-columns is-layout-flex wp-container-core-columns-is-layout-9d6595d7 wp-block-columns-is-layout-flex\">\n<div class=\"wp-block-column is-layout-flow wp-block-column-is-layout-flow\">\n<h3 class=\"wp-block-heading\">Accesorios de ba\u00f1o chinos de primera calidad Caracter\u00edsticas:<\/h3>\n\n\n\n<ul class=\"wp-block-list\">\n<li><strong>Estilo retro: <\/strong>Estos juegos de ba\u00f1o personalizados, con sus tonos verde oscuro, pueden a\u00f1adir una atm\u00f3sfera natural y serena al cuarto de ba\u00f1o. La cl\u00e1sica botella de jab\u00f3n con marco de dise\u00f1o de columna, combinada con una bomba dorada, y el vaso cil\u00edndrico liso y la jabonera de dise\u00f1o especial pueden a\u00f1adir sofisticaci\u00f3n y elegancia al cuarto de ba\u00f1o.<\/li>\n\n\n\n<li><strong>Material de alta calidad: <\/strong>Estos accesorios de ba\u00f1o chinos de alta calidad son resistentes y duraderos, no se desgastan f\u00e1cilmente ni se rompen, y son f\u00e1ciles de limpiar. Es improbable que queden manchas de agua, jab\u00f3n u otro tipo de suciedad. Basta con pasarles un pa\u00f1o h\u00famedo para mantenerlos limpios.<\/li>\n\n\n\n<li><strong>Juego completo: <\/strong>Estos accesorios de ba\u00f1o chinos incluyen un dispensador de jab\u00f3n, dos tazas y una jabonera, que satisfacen diversas necesidades del aseo diario, como distribuir jab\u00f3n l\u00edquido, sostener cepillos de dientes y pasta dent\u00edfrica, enjuagarse la boca y almacenar jab\u00f3n, formando un conjunto completo de art\u00edculos de aseo.<\/li>\n\n\n\n<li><strong>Respetuoso con el medio ambiente: <\/strong>La cer\u00e1mica es un material inorg\u00e1nico no met\u00e1lico que se produce de forma natural y no contiene sustancias qu\u00edmicas t\u00f3xicas. Estos juegos de ba\u00f1o personalizados son reciclables cuando termina su vida \u00fatil, lo que los hace cada vez m\u00e1s ecol\u00f3gicos.<\/li>\n<\/ul>\n<\/div>\n\n\n\n<div class=\"wp-block-column is-layout-flow wp-block-column-is-layout-flow\">\n<figure class=\"wp-block-image size-full\"><img fetchpriority=\"high\" decoding=\"async\" width=\"800\" height=\"800\" src=\"https:\/\/jinhuaceramic.com\/wp-content\/uploads\/2025\/05\/Retro-Green-Bathroom-Set-Ceramic-Hotel-Bath-Accessories-Wholesale.webp\" alt=\"accesorios-ba\u00f1o-chinos-retro-cer\u00e1mica-verde-hotel-ba\u00f1o-personalizado-set-1\" class=\"wp-image-8918\" srcset=\"https:\/\/jinhuaceramic.com\/wp-content\/uploads\/2025\/05\/Retro-Green-Bathroom-Set-Ceramic-Hotel-Bath-Accessories-Wholesale.webp 800w, https:\/\/jinhuaceramic.com\/wp-content\/uploads\/2025\/05\/Retro-Green-Bathroom-Set-Ceramic-Hotel-Bath-Accessories-Wholesale-300x300.webp 300w, https:\/\/jinhuaceramic.com\/wp-content\/uploads\/2025\/05\/Retro-Green-Bathroom-Set-Ceramic-Hotel-Bath-Accessories-Wholesale-150x150.webp 150w, https:\/\/jinhuaceramic.com\/wp-content\/uploads\/2025\/05\/Retro-Green-Bathroom-Set-Ceramic-Hotel-Bath-Accessories-Wholesale-768x768.webp 768w, https:\/\/jinhuaceramic.com\/wp-content\/uploads\/2025\/05\/Retro-Green-Bathroom-Set-Ceramic-Hotel-Bath-Accessories-Wholesale-12x12.webp 12w, https:\/\/jinhuaceramic.com\/wp-content\/uploads\/2025\/05\/Retro-Green-Bathroom-Set-Ceramic-Hotel-Bath-Accessories-Wholesale-285x285.webp 285w, https:\/\/jinhuaceramic.com\/wp-content\/uploads\/2025\/05\/Retro-Green-Bathroom-Set-Ceramic-Hotel-Bath-Accessories-Wholesale-270x270.webp 270w, https:\/\/jinhuaceramic.com\/wp-content\/uploads\/2025\/05\/Retro-Green-Bathroom-Set-Ceramic-Hotel-Bath-Accessories-Wholesale-540x540.webp 540w, https:\/\/jinhuaceramic.com\/wp-content\/uploads\/2025\/05\/Retro-Green-Bathroom-Set-Ceramic-Hotel-Bath-Accessories-Wholesale-660x660.webp 660w\" sizes=\"(max-width: 800px) 100vw, 800px\" \/><\/figure>\n<\/div>\n<\/div>\n\n\n\n<p><\/p>","protected":false},"excerpt":{"rendered":"<p>Bienvenido a comprar nuestros conjuntos de ba\u00f1o personalizados. Estos accesorios de ba\u00f1o chinos de estilo retro y color verde oscuro son exquisitos y vers\u00e1tiles, y pueden realzar el estilo del cuarto de ba\u00f1o. El juego cuenta con accesorios completos para atender todo tipo de necesidades de lavado. El material cer\u00e1mico es duradero, de larga duraci\u00f3n, f\u00e1cil de limpiar, seguro y respetuoso con el medio ambiente, proporcionando a los usuarios una experiencia saludable y c\u00f3moda.<\/p>","protected":false},"featured_media":8913,"comment_status":"closed","ping_status":"closed","template":"","meta":{"_acf_changed":false},"product_brand":[],"product_cat":[51],"product_tag":[74],"class_list":{"0":"post-8912","1":"product","2":"type-product","3":"status-publish","4":"has-post-thumbnail","6":"product_cat-bathroom-accessories-wholesale","7":"product_tag-ceramic-bath-accessories-wholesale","9":"first","10":"instock","11":"shipping-taxable","12":"product-type-simple"},"acf":[],"_links":{"self":[{"href":"https:\/\/jinhuaceramic.com\/es\/wp-json\/wp\/v2\/product\/8912","targetHints":{"allow":["GET"]}}],"collection":[{"href":"https:\/\/jinhuaceramic.com\/es\/wp-json\/wp\/v2\/product"}],"about":[{"href":"https:\/\/jinhuaceramic.com\/es\/wp-json\/wp\/v2\/types\/product"}],"replies":[{"embeddable":true,"href":"https:\/\/jinhuaceramic.com\/es\/wp-json\/wp\/v2\/comments?post=8912"}],"version-history":[{"count":0,"href":"https:\/\/jinhuaceramic.com\/es\/wp-json\/wp\/v2\/product\/8912\/revisions"}],"wp:featuredmedia":[{"embeddable":true,"href":"https:\/\/jinhuaceramic.com\/es\/wp-json\/wp\/v2\/media\/8913"}],"wp:attachment":[{"href":"https:\/\/jinhuaceramic.com\/es\/wp-json\/wp\/v2\/media?parent=8912"}],"wp:term":[{"taxonomy":"product_brand","embeddable":true,"href":"https:\/\/jinhuaceramic.com\/es\/wp-json\/wp\/v2\/product_brand?post=8912"},{"taxonomy":"product_cat","embeddable":true,"href":"https:\/\/jinhuaceramic.com\/es\/wp-json\/wp\/v2\/product_cat?post=8912"},{"taxonomy":"product_tag","embeddable":true,"href":"https:\/\/jinhuaceramic.com\/es\/wp-json\/wp\/v2\/product_tag?post=8912"}],"curies":[{"name":"wp","href":"https:\/\/api.w.org\/{rel}","templated":true}]}}