{"id":8931,"date":"2025-05-10T02:57:28","date_gmt":"2025-05-10T02:57:28","guid":{"rendered":"https:\/\/jinhuaceramic.com\/?post_type=product&#038;p=8931"},"modified":"2025-05-10T02:57:30","modified_gmt":"2025-05-10T02:57:30","slug":"plates-and-bowls-wholesale","status":"publish","type":"product","link":"https:\/\/jinhuaceramic.com\/es\/product\/plates-and-bowls-wholesale\/","title":{"rendered":"Pastoral Platos y Tazones al por mayor, Vajillas al por mayor"},"content":{"rendered":"<div class=\"wp-block-columns is-layout-flex wp-container-core-columns-is-layout-9d6595d7 wp-block-columns-is-layout-flex\">\n<div class=\"wp-block-column is-layout-flow wp-block-column-is-layout-flow\">\n<h3 class=\"wp-block-heading\">Platos y Cuencos Premium al por mayor Caracter\u00edsticas:<\/h3>\n\n\n\n<ul class=\"wp-block-list\">\n<li><strong>Fondo blanco con motivos vegetales:<\/strong> Estos platos y cuencos de cer\u00e1mica al por mayor se basan en un c\u00e1lido blanco roto, complementado con motivos vegetales marrones pintados a mano, que crean un ambiente de comedor natural y c\u00e1lido.<\/li>\n\n\n\n<li><strong>Una variedad de tama\u00f1os para satisfacer las necesidades de los comensales de todos los escenarios:<\/strong> Nuestros juegos de vajilla a granel abarcan una gran variedad de tama\u00f1os de platos y cuencos, adecuados para comidas principales, ensaladas, postres, sopas y otros platos diferentes, con combinaciones flexibles y gran sentido pr\u00e1ctico.<\/li>\n\n\n\n<li><strong>Textura cer\u00e1mica esmerilada, c\u00e1lida y antideslizante: <\/strong>La superficie de estos platos y cuencos de cer\u00e1mica al por mayor tiene un delicado toque esmerilado, que mejora la textura del producto al tiempo que potencia la propiedad antideslizante, y es a la vez bella y segura.<\/li>\n\n\n\n<li><strong>Adecuado para compras al por mayor en m\u00faltiples escenarios: <\/strong>Nuestros juegos de vajilla de cer\u00e1mica a granel admiten servicios de personalizaci\u00f3n OEM\/ODM, adecuados para diversos canales, como la venta al por menor a domicilio, las instalaciones de alojamiento familiar, la adquisici\u00f3n en restaurantes y la personalizaci\u00f3n de regalos.<\/li>\n<\/ul>\n<\/div>\n\n\n\n<div class=\"wp-block-column is-layout-flow wp-block-column-is-layout-flow\">\n<figure class=\"wp-block-image size-full\"><img fetchpriority=\"high\" decoding=\"async\" width=\"800\" height=\"800\" src=\"https:\/\/jinhuaceramic.com\/wp-content\/uploads\/2025\/05\/A-Variety-of-Ceramic-Bowl-and-Plate-Combinations-Custom-Tableware-Set-3.webp\" alt=\"Pastoral Platos y Tazones al por mayor, Vajillas a granel-1\" class=\"wp-image-8933\" srcset=\"https:\/\/jinhuaceramic.com\/wp-content\/uploads\/2025\/05\/A-Variety-of-Ceramic-Bowl-and-Plate-Combinations-Custom-Tableware-Set-3.webp 800w, https:\/\/jinhuaceramic.com\/wp-content\/uploads\/2025\/05\/A-Variety-of-Ceramic-Bowl-and-Plate-Combinations-Custom-Tableware-Set-3-300x300.webp 300w, https:\/\/jinhuaceramic.com\/wp-content\/uploads\/2025\/05\/A-Variety-of-Ceramic-Bowl-and-Plate-Combinations-Custom-Tableware-Set-3-150x150.webp 150w, https:\/\/jinhuaceramic.com\/wp-content\/uploads\/2025\/05\/A-Variety-of-Ceramic-Bowl-and-Plate-Combinations-Custom-Tableware-Set-3-768x768.webp 768w, https:\/\/jinhuaceramic.com\/wp-content\/uploads\/2025\/05\/A-Variety-of-Ceramic-Bowl-and-Plate-Combinations-Custom-Tableware-Set-3-12x12.webp 12w, https:\/\/jinhuaceramic.com\/wp-content\/uploads\/2025\/05\/A-Variety-of-Ceramic-Bowl-and-Plate-Combinations-Custom-Tableware-Set-3-285x285.webp 285w, https:\/\/jinhuaceramic.com\/wp-content\/uploads\/2025\/05\/A-Variety-of-Ceramic-Bowl-and-Plate-Combinations-Custom-Tableware-Set-3-270x270.webp 270w, https:\/\/jinhuaceramic.com\/wp-content\/uploads\/2025\/05\/A-Variety-of-Ceramic-Bowl-and-Plate-Combinations-Custom-Tableware-Set-3-540x540.webp 540w, https:\/\/jinhuaceramic.com\/wp-content\/uploads\/2025\/05\/A-Variety-of-Ceramic-Bowl-and-Plate-Combinations-Custom-Tableware-Set-3-660x660.webp 660w\" sizes=\"(max-width: 800px) 100vw, 800px\" \/><\/figure>\n<\/div>\n<\/div>","protected":false},"excerpt":{"rendered":"<p>Bienvenido a comprar vajillas al por mayor. Nuestro estilo pastoral platos y cuencos de cer\u00e1mica al por mayor cuenta con un fondo blanco y patrones de plantas marrones, con una variedad de tama\u00f1os de platos y cuencos y una delicada textura mate, presentando una est\u00e9tica natural y c\u00e1lida mesa de comedor.<\/p>","protected":false},"featured_media":8932,"comment_status":"closed","ping_status":"closed","template":"","meta":{"_acf_changed":false},"product_brand":[],"product_cat":[83,54],"product_tag":[],"class_list":{"0":"post-8931","1":"product","2":"type-product","3":"status-publish","4":"has-post-thumbnail","6":"product_cat-wholesale-dinnerware-sets","7":"product_cat-tableware-wholesale","9":"first","10":"instock","11":"shipping-taxable","12":"product-type-simple"},"acf":[],"_links":{"self":[{"href":"https:\/\/jinhuaceramic.com\/es\/wp-json\/wp\/v2\/product\/8931","targetHints":{"allow":["GET"]}}],"collection":[{"href":"https:\/\/jinhuaceramic.com\/es\/wp-json\/wp\/v2\/product"}],"about":[{"href":"https:\/\/jinhuaceramic.com\/es\/wp-json\/wp\/v2\/types\/product"}],"replies":[{"embeddable":true,"href":"https:\/\/jinhuaceramic.com\/es\/wp-json\/wp\/v2\/comments?post=8931"}],"version-history":[{"count":0,"href":"https:\/\/jinhuaceramic.com\/es\/wp-json\/wp\/v2\/product\/8931\/revisions"}],"wp:featuredmedia":[{"embeddable":true,"href":"https:\/\/jinhuaceramic.com\/es\/wp-json\/wp\/v2\/media\/8932"}],"wp:attachment":[{"href":"https:\/\/jinhuaceramic.com\/es\/wp-json\/wp\/v2\/media?parent=8931"}],"wp:term":[{"taxonomy":"product_brand","embeddable":true,"href":"https:\/\/jinhuaceramic.com\/es\/wp-json\/wp\/v2\/product_brand?post=8931"},{"taxonomy":"product_cat","embeddable":true,"href":"https:\/\/jinhuaceramic.com\/es\/wp-json\/wp\/v2\/product_cat?post=8931"},{"taxonomy":"product_tag","embeddable":true,"href":"https:\/\/jinhuaceramic.com\/es\/wp-json\/wp\/v2\/product_tag?post=8931"}],"curies":[{"name":"wp","href":"https:\/\/api.w.org\/{rel}","templated":true}]}}