{"id":8950,"date":"2025-05-10T02:45:30","date_gmt":"2025-05-10T02:45:30","guid":{"rendered":"https:\/\/jinhuaceramic.com\/?post_type=product&#038;p=8950"},"modified":"2025-05-10T02:45:31","modified_gmt":"2025-05-10T02:45:31","slug":"modern-bathroom-accessories-wholesale","status":"publish","type":"product","link":"https:\/\/jinhuaceramic.com\/es\/product\/modern-bathroom-accessories-wholesale\/","title":{"rendered":"Accesorios de ba\u00f1o modernos al por mayor con dise\u00f1o de caras"},"content":{"rendered":"<div class=\"wp-block-columns is-layout-flex wp-container-core-columns-is-layout-9d6595d7 wp-block-columns-is-layout-flex\">\n<div class=\"wp-block-column is-layout-flow wp-block-column-is-layout-flow\">\n<h3 class=\"wp-block-heading\">Accesorios de Ba\u00f1o Premium al por mayor Caracter\u00edsticas:<\/h3>\n\n\n\n<ul class=\"wp-block-list\">\n<li><strong>Patr\u00f3n de l\u00edneas faciales personalizado, lleno de sentido art\u00edstico: <\/strong>Nuestros accesorios de ba\u00f1o modernos al por mayor adoptan un dise\u00f1o de l\u00ednea de cara humana de estilo minimalista moderno, rompiendo la forma tradicional de los accesorios de ba\u00f1o, a\u00f1adiendo una atm\u00f3sfera art\u00edstica al espacio del ba\u00f1o.<\/li>\n\n\n\n<li><strong>Material cer\u00e1mico, textura de alta calidad y durabilidad: <\/strong>Nuestros juegos de ba\u00f1o de cer\u00e1mica a granel se cuecen a alta temperatura, el esmalte liso no es f\u00e1cil de manchar, a prueba de humedad y antibacteriano, y tiene tanto practicidad como belleza.<\/li>\n\n\n\n<li><strong>Combinaci\u00f3n de juego completa, pr\u00e1ctica y c\u00f3moda: <\/strong>Nuestros modernos accesorios de ba\u00f1o al por mayor incluyen portacepillos de dientes, vasos para enjuague bucal, dispensadores de jab\u00f3n, jaboneras y otros accesorios para satisfacer las necesidades diarias de aseo y almacenamiento, haciendo que el cuarto de ba\u00f1o est\u00e9 m\u00e1s ordenado y recogido.<\/li>\n\n\n\n<li><strong>Admite la personalizaci\u00f3n masiva, adecuada para m\u00faltiples canales de venta: <\/strong>Personalizamos el dise\u00f1o, el color, el logotipo y el embalaje de juegos de ba\u00f1o de cer\u00e1mica a granel, adecuados para la promoci\u00f3n de marcas, ventas de comercio electr\u00f3nico, proyectos de regalo y venta al por menor fuera de l\u00ednea.<\/li>\n<\/ul>\n<\/div>\n\n\n\n<div class=\"wp-block-column is-layout-flow wp-block-column-is-layout-flow\">\n<figure class=\"wp-block-image size-full\"><img fetchpriority=\"high\" decoding=\"async\" width=\"800\" height=\"800\" src=\"https:\/\/jinhuaceramic.com\/wp-content\/uploads\/2025\/05\/Unique-Bathroom-Set-with-Face-Pattern-Bathroom-Accessories-Supplies-5.webp\" alt=\"Accesorios de Ba\u00f1o Modernos al por Mayor con Cara Patr\u00f3n-1\" class=\"wp-image-8954\" srcset=\"https:\/\/jinhuaceramic.com\/wp-content\/uploads\/2025\/05\/Unique-Bathroom-Set-with-Face-Pattern-Bathroom-Accessories-Supplies-5.webp 800w, https:\/\/jinhuaceramic.com\/wp-content\/uploads\/2025\/05\/Unique-Bathroom-Set-with-Face-Pattern-Bathroom-Accessories-Supplies-5-300x300.webp 300w, https:\/\/jinhuaceramic.com\/wp-content\/uploads\/2025\/05\/Unique-Bathroom-Set-with-Face-Pattern-Bathroom-Accessories-Supplies-5-150x150.webp 150w, https:\/\/jinhuaceramic.com\/wp-content\/uploads\/2025\/05\/Unique-Bathroom-Set-with-Face-Pattern-Bathroom-Accessories-Supplies-5-768x768.webp 768w, https:\/\/jinhuaceramic.com\/wp-content\/uploads\/2025\/05\/Unique-Bathroom-Set-with-Face-Pattern-Bathroom-Accessories-Supplies-5-12x12.webp 12w, https:\/\/jinhuaceramic.com\/wp-content\/uploads\/2025\/05\/Unique-Bathroom-Set-with-Face-Pattern-Bathroom-Accessories-Supplies-5-285x285.webp 285w, https:\/\/jinhuaceramic.com\/wp-content\/uploads\/2025\/05\/Unique-Bathroom-Set-with-Face-Pattern-Bathroom-Accessories-Supplies-5-270x270.webp 270w, https:\/\/jinhuaceramic.com\/wp-content\/uploads\/2025\/05\/Unique-Bathroom-Set-with-Face-Pattern-Bathroom-Accessories-Supplies-5-540x540.webp 540w, https:\/\/jinhuaceramic.com\/wp-content\/uploads\/2025\/05\/Unique-Bathroom-Set-with-Face-Pattern-Bathroom-Accessories-Supplies-5-660x660.webp 660w\" sizes=\"(max-width: 800px) 100vw, 800px\" \/><\/figure>\n<\/div>\n<\/div>","protected":false},"excerpt":{"rendered":"<p>Bienvenido a comprar juegos de ba\u00f1o de cer\u00e1mica al por mayor. Este moderno accesorios de ba\u00f1o al por mayor combina el dise\u00f1o art\u00edstico y funciones pr\u00e1cticas, simple y \u00fanico, adecuado para familias y espacios de gama alta que persiguen la est\u00e9tica de la vida, y es una opci\u00f3n popular para la venta al por menor y al por mayor.<\/p>","protected":false},"featured_media":8955,"comment_status":"closed","ping_status":"closed","template":"","meta":{"_acf_changed":false},"product_brand":[],"product_cat":[51],"product_tag":[74],"class_list":{"0":"post-8950","1":"product","2":"type-product","3":"status-publish","4":"has-post-thumbnail","6":"product_cat-bathroom-accessories-wholesale","7":"product_tag-ceramic-bath-accessories-wholesale","9":"first","10":"instock","11":"shipping-taxable","12":"product-type-simple"},"acf":[],"_links":{"self":[{"href":"https:\/\/jinhuaceramic.com\/es\/wp-json\/wp\/v2\/product\/8950","targetHints":{"allow":["GET"]}}],"collection":[{"href":"https:\/\/jinhuaceramic.com\/es\/wp-json\/wp\/v2\/product"}],"about":[{"href":"https:\/\/jinhuaceramic.com\/es\/wp-json\/wp\/v2\/types\/product"}],"replies":[{"embeddable":true,"href":"https:\/\/jinhuaceramic.com\/es\/wp-json\/wp\/v2\/comments?post=8950"}],"version-history":[{"count":0,"href":"https:\/\/jinhuaceramic.com\/es\/wp-json\/wp\/v2\/product\/8950\/revisions"}],"wp:featuredmedia":[{"embeddable":true,"href":"https:\/\/jinhuaceramic.com\/es\/wp-json\/wp\/v2\/media\/8955"}],"wp:attachment":[{"href":"https:\/\/jinhuaceramic.com\/es\/wp-json\/wp\/v2\/media?parent=8950"}],"wp:term":[{"taxonomy":"product_brand","embeddable":true,"href":"https:\/\/jinhuaceramic.com\/es\/wp-json\/wp\/v2\/product_brand?post=8950"},{"taxonomy":"product_cat","embeddable":true,"href":"https:\/\/jinhuaceramic.com\/es\/wp-json\/wp\/v2\/product_cat?post=8950"},{"taxonomy":"product_tag","embeddable":true,"href":"https:\/\/jinhuaceramic.com\/es\/wp-json\/wp\/v2\/product_tag?post=8950"}],"curies":[{"name":"wp","href":"https:\/\/api.w.org\/{rel}","templated":true}]}}