{"id":8995,"date":"2025-05-10T02:23:45","date_gmt":"2025-05-10T02:23:45","guid":{"rendered":"https:\/\/jinhuaceramic.com\/?post_type=product&#038;p=8995"},"modified":"2025-05-10T02:23:46","modified_gmt":"2025-05-10T02:23:46","slug":"ceramic-candle-vessels-wholesale","status":"publish","type":"product","link":"https:\/\/jinhuaceramic.com\/es\/product\/ceramic-candle-vessels-wholesale\/","title":{"rendered":"Vasos de cer\u00e1mica para velas con textura geom\u00e9trica al por mayor al por mayor"},"content":{"rendered":"<div class=\"wp-block-columns is-layout-flex wp-container-core-columns-is-layout-9d6595d7 wp-block-columns-is-layout-flex\">\n<div class=\"wp-block-column is-layout-flow wp-block-column-is-layout-flow\">\n<h3 class=\"wp-block-heading\">Premium Candle Vessels de cer\u00e1mica al por mayor Caracter\u00edsticas:<\/h3>\n\n\n\n<ul class=\"wp-block-list\">\n<li><strong>Dise\u00f1o geom\u00e9trico en relieve, fuerte belleza tridimensional: <\/strong>La superficie de nuestros recipientes de cer\u00e1mica para velas al por mayor tiene una textura geom\u00e9trica exquisita, un tacto rico y una forma \u00fanica, lo que mejora la estratificaci\u00f3n visual y el grado del producto en general.<\/li>\n\n\n\n<li><strong>Material cer\u00e1mico, aislamiento t\u00e9rmico seguro sin fugas: <\/strong>Nuestros tarros para velas a granel utilizan cer\u00e1mica cocida a alta temperatura, estructura estable, no es f\u00e1cil que penetre la cera, con buena resistencia al calor, adecuados para todo tipo de relleno de velas de aromaterapia.<\/li>\n\n\n\n<li><strong>Multicolor opcional, adecuado para una gran variedad de estilos: <\/strong>Proporcionamos recipientes de cer\u00e1mica para velas al por mayor con una variedad de opciones de color para satisfacer el estilo sencillo, n\u00f3rdico, retro y otros estilos diferentes de hogar o regalo.<\/li>\n\n\n\n<li><strong>Admite la personalizaci\u00f3n a gran escala y la producci\u00f3n OEM: <\/strong>Estos tarros de cer\u00e1mica para velas a granel se pueden personalizar seg\u00fan las necesidades del cliente en cuanto a tama\u00f1o, logotipo, color y embalaje, y son adecuados para marcas, grandes minoristas y proyectos de regalo.<\/li>\n<\/ul>\n<\/div>\n\n\n\n<div class=\"wp-block-column is-layout-flow wp-block-column-is-layout-flow\">\n<figure class=\"wp-block-image size-full\"><img fetchpriority=\"high\" decoding=\"async\" width=\"800\" height=\"800\" src=\"https:\/\/jinhuaceramic.com\/wp-content\/uploads\/2025\/05\/Wholesale-Candle-Jars-With-Geometric-Texture-Candle-Vessels-In-Bulk-4.webp\" alt=\"Textura Geom\u00e9trica Candelabros De Cer\u00e1mica Al Por Mayor A Granel-1\" class=\"wp-image-8998\" srcset=\"https:\/\/jinhuaceramic.com\/wp-content\/uploads\/2025\/05\/Wholesale-Candle-Jars-With-Geometric-Texture-Candle-Vessels-In-Bulk-4.webp 800w, https:\/\/jinhuaceramic.com\/wp-content\/uploads\/2025\/05\/Wholesale-Candle-Jars-With-Geometric-Texture-Candle-Vessels-In-Bulk-4-300x300.webp 300w, https:\/\/jinhuaceramic.com\/wp-content\/uploads\/2025\/05\/Wholesale-Candle-Jars-With-Geometric-Texture-Candle-Vessels-In-Bulk-4-150x150.webp 150w, https:\/\/jinhuaceramic.com\/wp-content\/uploads\/2025\/05\/Wholesale-Candle-Jars-With-Geometric-Texture-Candle-Vessels-In-Bulk-4-768x768.webp 768w, https:\/\/jinhuaceramic.com\/wp-content\/uploads\/2025\/05\/Wholesale-Candle-Jars-With-Geometric-Texture-Candle-Vessels-In-Bulk-4-12x12.webp 12w, https:\/\/jinhuaceramic.com\/wp-content\/uploads\/2025\/05\/Wholesale-Candle-Jars-With-Geometric-Texture-Candle-Vessels-In-Bulk-4-285x285.webp 285w, https:\/\/jinhuaceramic.com\/wp-content\/uploads\/2025\/05\/Wholesale-Candle-Jars-With-Geometric-Texture-Candle-Vessels-In-Bulk-4-270x270.webp 270w, https:\/\/jinhuaceramic.com\/wp-content\/uploads\/2025\/05\/Wholesale-Candle-Jars-With-Geometric-Texture-Candle-Vessels-In-Bulk-4-540x540.webp 540w, https:\/\/jinhuaceramic.com\/wp-content\/uploads\/2025\/05\/Wholesale-Candle-Jars-With-Geometric-Texture-Candle-Vessels-In-Bulk-4-660x660.webp 660w\" sizes=\"(max-width: 800px) 100vw, 800px\" \/><\/figure>\n<\/div>\n<\/div>","protected":false},"excerpt":{"rendered":"<p>Bienvenido a comprar tarros para velas al por mayor. Estos recipientes de cer\u00e1mica de la vela de la textura geom\u00e9trica al por mayor son pr\u00e1cticos y hermosos, y es una opci\u00f3n ideal para las marcas de aromaterapia, regalos para el hogar y proyectos personalizados, apoyando pedidos al por mayor y personalizaci\u00f3n personalizada.<\/p>","protected":false},"featured_media":9000,"comment_status":"closed","ping_status":"closed","template":"","meta":{"_acf_changed":false},"product_brand":[],"product_cat":[52],"product_tag":[66],"class_list":{"0":"post-8995","1":"product","2":"type-product","3":"status-publish","4":"has-post-thumbnail","6":"product_cat-wholesale-candle-containers","7":"product_tag-candle-jars-wholesale","9":"first","10":"instock","11":"shipping-taxable","12":"product-type-simple"},"acf":[],"_links":{"self":[{"href":"https:\/\/jinhuaceramic.com\/es\/wp-json\/wp\/v2\/product\/8995","targetHints":{"allow":["GET"]}}],"collection":[{"href":"https:\/\/jinhuaceramic.com\/es\/wp-json\/wp\/v2\/product"}],"about":[{"href":"https:\/\/jinhuaceramic.com\/es\/wp-json\/wp\/v2\/types\/product"}],"replies":[{"embeddable":true,"href":"https:\/\/jinhuaceramic.com\/es\/wp-json\/wp\/v2\/comments?post=8995"}],"version-history":[{"count":0,"href":"https:\/\/jinhuaceramic.com\/es\/wp-json\/wp\/v2\/product\/8995\/revisions"}],"wp:featuredmedia":[{"embeddable":true,"href":"https:\/\/jinhuaceramic.com\/es\/wp-json\/wp\/v2\/media\/9000"}],"wp:attachment":[{"href":"https:\/\/jinhuaceramic.com\/es\/wp-json\/wp\/v2\/media?parent=8995"}],"wp:term":[{"taxonomy":"product_brand","embeddable":true,"href":"https:\/\/jinhuaceramic.com\/es\/wp-json\/wp\/v2\/product_brand?post=8995"},{"taxonomy":"product_cat","embeddable":true,"href":"https:\/\/jinhuaceramic.com\/es\/wp-json\/wp\/v2\/product_cat?post=8995"},{"taxonomy":"product_tag","embeddable":true,"href":"https:\/\/jinhuaceramic.com\/es\/wp-json\/wp\/v2\/product_tag?post=8995"}],"curies":[{"name":"wp","href":"https:\/\/api.w.org\/{rel}","templated":true}]}}