{"id":9004,"date":"2025-05-10T02:39:59","date_gmt":"2025-05-10T02:39:59","guid":{"rendered":"https:\/\/jinhuaceramic.com\/?post_type=product&#038;p=9004"},"modified":"2025-05-10T02:40:00","modified_gmt":"2025-05-10T02:40:00","slug":"wholesale-bath-accessories-set","status":"publish","type":"product","link":"https:\/\/jinhuaceramic.com\/es\/product\/wholesale-bath-accessories-set\/","title":{"rendered":"Elegante Juego de Accesorios de Ba\u00f1o al por Mayor, Set de Ba\u00f1o de Cer\u00e1mica"},"content":{"rendered":"<div class=\"wp-block-columns is-layout-flex wp-container-core-columns-is-layout-9d6595d7 wp-block-columns-is-layout-flex\">\n<div class=\"wp-block-column is-layout-flow wp-block-column-is-layout-flow\">\n<h3 class=\"wp-block-heading\">Premium Accesorios de ba\u00f1o al por mayor Set Caracter\u00edstica:<\/h3>\n\n\n\n<ul class=\"wp-block-list\">\n<li><strong>Exquisito estampado de flores y p\u00e1jaros, dise\u00f1o decorativo de estilo oriental: <\/strong>Este juego de accesorios de ba\u00f1o al por mayor de base blanca esmaltada tiene exquisitos motivos de flores y p\u00e1jaros, que simbolizan frescura y elegancia, y aportan un toque de estilo general al cuarto de ba\u00f1o, adem\u00e1s de integrar decoraci\u00f3n y funciones.<\/li>\n\n\n\n<li><strong>Material cer\u00e1mico, textura delicada y durabilidad: <\/strong>Nuestros juegos de ba\u00f1o de cer\u00e1mica a granel est\u00e1n hechos de cer\u00e1mica de alta calidad cocida a alta temperatura, con una superficie lisa que es f\u00e1cil de limpiar, resistente a los ara\u00f1azos y a la decoloraci\u00f3n, y tiene una larga vida \u00fatil.<\/li>\n\n\n\n<li><strong>Juego completo de cuatro piezas, lleno de funciones: <\/strong>Este juego de accesorios de ba\u00f1o al por mayor incluye un soporte para cepillo de dientes, un vaso para enjuague bucal, un dispensador de jab\u00f3n tipo pulsador y una jabonera, que satisfacen las necesidades de lavado y almacenamiento diario, y un conjunto de artilugios de ba\u00f1o.<\/li>\n\n\n\n<li><strong>Admite personalizaci\u00f3n, adecuado para regalos y venta al por menor: <\/strong>Proporcionamos juegos de ba\u00f1o de cer\u00e1mica a granel con una variedad de servicios personalizados, como dise\u00f1os, colores y envases, que son adecuados para la personalizaci\u00f3n de marcas, regalos para el hogar, ventas de comercio electr\u00f3nico y otros escenarios.<\/li>\n<\/ul>\n<\/div>\n\n\n\n<div class=\"wp-block-column is-layout-flow wp-block-column-is-layout-flow\">\n<figure class=\"wp-block-image size-full\"><img fetchpriority=\"high\" decoding=\"async\" width=\"1600\" height=\"1600\" src=\"https:\/\/jinhuaceramic.com\/wp-content\/uploads\/2025\/05\/High-End-Bathroom-Accessories-Wholesale-Ceramic-Bathroom-Supplies-Set-3.webp\" alt=\"Elegante Mayorista Set de Accesorios de Ba\u00f1o, Set de Ba\u00f1o de Cer\u00e1mica-1\" class=\"wp-image-9006\" srcset=\"https:\/\/jinhuaceramic.com\/wp-content\/uploads\/2025\/05\/High-End-Bathroom-Accessories-Wholesale-Ceramic-Bathroom-Supplies-Set-3.webp 1600w, https:\/\/jinhuaceramic.com\/wp-content\/uploads\/2025\/05\/High-End-Bathroom-Accessories-Wholesale-Ceramic-Bathroom-Supplies-Set-3-300x300.webp 300w, https:\/\/jinhuaceramic.com\/wp-content\/uploads\/2025\/05\/High-End-Bathroom-Accessories-Wholesale-Ceramic-Bathroom-Supplies-Set-3-150x150.webp 150w, https:\/\/jinhuaceramic.com\/wp-content\/uploads\/2025\/05\/High-End-Bathroom-Accessories-Wholesale-Ceramic-Bathroom-Supplies-Set-3-768x768.webp 768w, https:\/\/jinhuaceramic.com\/wp-content\/uploads\/2025\/05\/High-End-Bathroom-Accessories-Wholesale-Ceramic-Bathroom-Supplies-Set-3-12x12.webp 12w, https:\/\/jinhuaceramic.com\/wp-content\/uploads\/2025\/05\/High-End-Bathroom-Accessories-Wholesale-Ceramic-Bathroom-Supplies-Set-3-285x285.webp 285w, https:\/\/jinhuaceramic.com\/wp-content\/uploads\/2025\/05\/High-End-Bathroom-Accessories-Wholesale-Ceramic-Bathroom-Supplies-Set-3-270x270.webp 270w, https:\/\/jinhuaceramic.com\/wp-content\/uploads\/2025\/05\/High-End-Bathroom-Accessories-Wholesale-Ceramic-Bathroom-Supplies-Set-3-540x540.webp 540w, https:\/\/jinhuaceramic.com\/wp-content\/uploads\/2025\/05\/High-End-Bathroom-Accessories-Wholesale-Ceramic-Bathroom-Supplies-Set-3-660x660.webp 660w\" sizes=\"(max-width: 1600px) 100vw, 1600px\" \/><\/figure>\n<\/div>\n<\/div>","protected":false},"excerpt":{"rendered":"<p>Bienvenido a comprar juegos de ba\u00f1o de cer\u00e1mica al por mayor. Este patr\u00f3n de flores y p\u00e1jaros accesorios de ba\u00f1o al por mayor conjunto se basa en blanco, con ilustraciones de estilo oriental fresco, que combina la practicidad y la belleza, adecuado para la venta al por mayor y la personalizaci\u00f3n.<\/p>","protected":false},"featured_media":9005,"comment_status":"closed","ping_status":"closed","template":"","meta":{"_acf_changed":false},"product_brand":[],"product_cat":[51],"product_tag":[74],"class_list":{"0":"post-9004","1":"product","2":"type-product","3":"status-publish","4":"has-post-thumbnail","6":"product_cat-bathroom-accessories-wholesale","7":"product_tag-ceramic-bath-accessories-wholesale","9":"first","10":"instock","11":"shipping-taxable","12":"product-type-simple"},"acf":[],"_links":{"self":[{"href":"https:\/\/jinhuaceramic.com\/es\/wp-json\/wp\/v2\/product\/9004","targetHints":{"allow":["GET"]}}],"collection":[{"href":"https:\/\/jinhuaceramic.com\/es\/wp-json\/wp\/v2\/product"}],"about":[{"href":"https:\/\/jinhuaceramic.com\/es\/wp-json\/wp\/v2\/types\/product"}],"replies":[{"embeddable":true,"href":"https:\/\/jinhuaceramic.com\/es\/wp-json\/wp\/v2\/comments?post=9004"}],"version-history":[{"count":0,"href":"https:\/\/jinhuaceramic.com\/es\/wp-json\/wp\/v2\/product\/9004\/revisions"}],"wp:featuredmedia":[{"embeddable":true,"href":"https:\/\/jinhuaceramic.com\/es\/wp-json\/wp\/v2\/media\/9005"}],"wp:attachment":[{"href":"https:\/\/jinhuaceramic.com\/es\/wp-json\/wp\/v2\/media?parent=9004"}],"wp:term":[{"taxonomy":"product_brand","embeddable":true,"href":"https:\/\/jinhuaceramic.com\/es\/wp-json\/wp\/v2\/product_brand?post=9004"},{"taxonomy":"product_cat","embeddable":true,"href":"https:\/\/jinhuaceramic.com\/es\/wp-json\/wp\/v2\/product_cat?post=9004"},{"taxonomy":"product_tag","embeddable":true,"href":"https:\/\/jinhuaceramic.com\/es\/wp-json\/wp\/v2\/product_tag?post=9004"}],"curies":[{"name":"wp","href":"https:\/\/api.w.org\/{rel}","templated":true}]}}