{"id":9014,"date":"2025-05-10T02:12:53","date_gmt":"2025-05-10T02:12:53","guid":{"rendered":"https:\/\/jinhuaceramic.com\/?post_type=product&#038;p=9014"},"modified":"2025-05-10T02:12:55","modified_gmt":"2025-05-10T02:12:55","slug":"wholesale-candle-jars-with-lids","status":"publish","type":"product","link":"https:\/\/jinhuaceramic.com\/es\/product\/wholesale-candle-jars-with-lids\/","title":{"rendered":"Mayorista Tarros Para Velas Con Tapa, Tarros Para Velas Verde Degradado"},"content":{"rendered":"<div class=\"wp-block-columns is-layout-flex wp-container-core-columns-is-layout-9d6595d7 wp-block-columns-is-layout-flex\">\n<div class=\"wp-block-column is-layout-flow wp-block-column-is-layout-flow\">\n<h3 class=\"wp-block-heading\">Mayorista Premium Tarros Para Velas Con Tapa Caracter\u00edsticas:<\/h3>\n\n\n\n<ul class=\"wp-block-list\">\n<li><strong>Dise\u00f1o elegante: <\/strong>Estos tarros para velas al por mayor con tapa presentan una relajante combinaci\u00f3n de colores. La tapa es blanca y la base tiene tres tonos de verde, lo que crea un aspecto degradado natural y suave. Pueden utilizarse como decoraci\u00f3n dom\u00e9stica para realzar y crear ambiente en la habitaci\u00f3n.<\/li>\n\n\n\n<li><strong>Material de alta calidad: <\/strong>Estos tarros de cer\u00e1mica para velas a granel est\u00e1n hechos de material cer\u00e1mico de alta calidad con cocci\u00f3n a alta temperatura, y poseen una gran resistencia al calor. Soportan el calor producido por la combusti\u00f3n de las velas y se mantienen encendidos sin deformarse.<\/li>\n\n\n\n<li><strong>Tapa funcional: <\/strong>Estos tarros para velas al por mayor con tapa son capaces de sellar eficazmente el polvo, las impurezas y otras impurezas fuera de los tarros, mantener la limpieza de las velas, y tambi\u00e9n ayudan a preservar su fragancia y prolongar su vida \u00fatil.<\/li>\n\n\n\n<li><strong>Reutilizable: <\/strong>Una vez agotadas las velas, estos tarros de cer\u00e1mica para velas a granel pueden limpiarse y reutilizarse como recipiente para guardar peque\u00f1as cosas, como bastoncillos de algod\u00f3n, clips, etc., o como peque\u00f1o macetero para darle un valor m\u00e1s funcional.<\/li>\n<\/ul>\n<\/div>\n\n\n\n<div class=\"wp-block-column is-layout-flow wp-block-column-is-layout-flow\">\n<figure class=\"wp-block-image size-full\"><img fetchpriority=\"high\" decoding=\"async\" width=\"800\" height=\"800\" src=\"https:\/\/jinhuaceramic.com\/wp-content\/uploads\/2025\/05\/Gradient-Green-Candle-Jar-with-Lid-Ceramic-Candle-Containers-Bulk-3.webp\" alt=\"Mayorista Tarros Para Velas Con Tapa, Tarros Para Velas Verde Gradiente-1\" class=\"wp-image-9016\" srcset=\"https:\/\/jinhuaceramic.com\/wp-content\/uploads\/2025\/05\/Gradient-Green-Candle-Jar-with-Lid-Ceramic-Candle-Containers-Bulk-3.webp 800w, https:\/\/jinhuaceramic.com\/wp-content\/uploads\/2025\/05\/Gradient-Green-Candle-Jar-with-Lid-Ceramic-Candle-Containers-Bulk-3-300x300.webp 300w, https:\/\/jinhuaceramic.com\/wp-content\/uploads\/2025\/05\/Gradient-Green-Candle-Jar-with-Lid-Ceramic-Candle-Containers-Bulk-3-150x150.webp 150w, https:\/\/jinhuaceramic.com\/wp-content\/uploads\/2025\/05\/Gradient-Green-Candle-Jar-with-Lid-Ceramic-Candle-Containers-Bulk-3-768x768.webp 768w, https:\/\/jinhuaceramic.com\/wp-content\/uploads\/2025\/05\/Gradient-Green-Candle-Jar-with-Lid-Ceramic-Candle-Containers-Bulk-3-12x12.webp 12w, https:\/\/jinhuaceramic.com\/wp-content\/uploads\/2025\/05\/Gradient-Green-Candle-Jar-with-Lid-Ceramic-Candle-Containers-Bulk-3-285x285.webp 285w, https:\/\/jinhuaceramic.com\/wp-content\/uploads\/2025\/05\/Gradient-Green-Candle-Jar-with-Lid-Ceramic-Candle-Containers-Bulk-3-270x270.webp 270w, https:\/\/jinhuaceramic.com\/wp-content\/uploads\/2025\/05\/Gradient-Green-Candle-Jar-with-Lid-Ceramic-Candle-Containers-Bulk-3-540x540.webp 540w, https:\/\/jinhuaceramic.com\/wp-content\/uploads\/2025\/05\/Gradient-Green-Candle-Jar-with-Lid-Ceramic-Candle-Containers-Bulk-3-660x660.webp 660w\" sizes=\"(max-width: 800px) 100vw, 800px\" \/><\/figure>\n<\/div>\n<\/div>","protected":false},"excerpt":{"rendered":"<p>Bienvenido a la compra al por mayor de tarros para velas con tapa. Estos tarros de cer\u00e1mica para velas al por mayor presentan un aspecto elegante, material cer\u00e1mico seguro, tapa sellada y el privilegio de la reutilizaci\u00f3n. Est\u00e1n en equilibrio con la utilidad y la belleza, por lo que no s\u00f3lo se utilizan como recipientes para velas, sino tambi\u00e9n como arte para mejorar el ambiente interior.<\/p>","protected":false},"featured_media":9019,"comment_status":"closed","ping_status":"closed","template":"","meta":{"_acf_changed":false},"product_brand":[],"product_cat":[52],"product_tag":[67],"class_list":{"0":"post-9014","1":"product","2":"type-product","3":"status-publish","4":"has-post-thumbnail","6":"product_cat-wholesale-candle-containers","7":"product_tag-bulk-candle-jars-with-lids","9":"first","10":"instock","11":"shipping-taxable","12":"product-type-simple"},"acf":[],"_links":{"self":[{"href":"https:\/\/jinhuaceramic.com\/es\/wp-json\/wp\/v2\/product\/9014","targetHints":{"allow":["GET"]}}],"collection":[{"href":"https:\/\/jinhuaceramic.com\/es\/wp-json\/wp\/v2\/product"}],"about":[{"href":"https:\/\/jinhuaceramic.com\/es\/wp-json\/wp\/v2\/types\/product"}],"replies":[{"embeddable":true,"href":"https:\/\/jinhuaceramic.com\/es\/wp-json\/wp\/v2\/comments?post=9014"}],"version-history":[{"count":0,"href":"https:\/\/jinhuaceramic.com\/es\/wp-json\/wp\/v2\/product\/9014\/revisions"}],"wp:featuredmedia":[{"embeddable":true,"href":"https:\/\/jinhuaceramic.com\/es\/wp-json\/wp\/v2\/media\/9019"}],"wp:attachment":[{"href":"https:\/\/jinhuaceramic.com\/es\/wp-json\/wp\/v2\/media?parent=9014"}],"wp:term":[{"taxonomy":"product_brand","embeddable":true,"href":"https:\/\/jinhuaceramic.com\/es\/wp-json\/wp\/v2\/product_brand?post=9014"},{"taxonomy":"product_cat","embeddable":true,"href":"https:\/\/jinhuaceramic.com\/es\/wp-json\/wp\/v2\/product_cat?post=9014"},{"taxonomy":"product_tag","embeddable":true,"href":"https:\/\/jinhuaceramic.com\/es\/wp-json\/wp\/v2\/product_tag?post=9014"}],"curies":[{"name":"wp","href":"https:\/\/api.w.org\/{rel}","templated":true}]}}