{"id":9039,"date":"2025-05-16T07:55:52","date_gmt":"2025-05-16T07:55:52","guid":{"rendered":"https:\/\/jinhuaceramic.com\/?post_type=product&#038;p=9039"},"modified":"2025-05-16T07:55:53","modified_gmt":"2025-05-16T07:55:53","slug":"wholesale-bath-accessory-set","status":"publish","type":"product","link":"https:\/\/jinhuaceramic.com\/es\/product\/wholesale-bath-accessory-set\/","title":{"rendered":"Juego de accesorios de ba\u00f1o de 6 piezas al por mayor, set de ba\u00f1o de cer\u00e1mica morada"},"content":{"rendered":"<div class=\"wp-block-columns is-layout-flex wp-container-core-columns-is-layout-9d6595d7 wp-block-columns-is-layout-flex\">\n<div class=\"wp-block-column is-layout-flow wp-block-column-is-layout-flow\">\n<h3 class=\"wp-block-heading\">Premium Wholesale Bath Accessory Set\u00a0Features:<\/h3>\n\n\n\n<ul class=\"wp-block-list\">\n<li><strong>Dise\u00f1o elegante: <\/strong>These wholesale bath accessory sets feature a gradient purple color scheme, with natural transitions from light to dark colors from top to bottom, creating a soft and layered visual effect. All the accessories have irregular and subtle spot textures on their surfaces, adding a sense of refinement to the products.<\/li>\n\n\n\n<li><strong>Material duradero: <\/strong>These high-temperature fired ceramic bathroom sets in bulk have high hardness and strength, are not prone to wear and damage, and have a long service life. And the surface of ceramics is smooth, easy to clean and maintain.<\/li>\n\n\n\n<li><strong>Juego completo: <\/strong>Our 6-piece wholesale bath accessory sets include a soap dispenser, soap dish, cotton jar, toothbrush holder, mouthwash cup and toilet brush holder, combining several bathroom functions such as washing, cleaning and storage.<\/li>\n\n\n\n<li><strong>Harmony and Unity: <\/strong>These ceramic bathroom sets in bulk provide consistency in design style and color for each piece so that the bathrooms are not in disarray with combined individual items but rather more in harmony and unity, forming a holistic decoration for the bathroom, which enhances overall beauty.<\/li>\n<\/ul>\n<\/div>\n\n\n\n<div class=\"wp-block-column is-layout-flow wp-block-column-is-layout-flow\">\n<figure class=\"wp-block-image size-full\"><img fetchpriority=\"high\" decoding=\"async\" width=\"1600\" height=\"1600\" src=\"https:\/\/jinhuaceramic.com\/wp-content\/uploads\/2025\/05\/6-Piece-Purple-Ceramic-Bathroom-Set-Wholesale-Custom-Bath-Accessories-2.webp\" alt=\"Juego de accesorios de ba\u00f1o de 6 piezas al por mayor, set de ba\u00f1o de cer\u00e1mica morada-7\" class=\"wp-image-9040\" srcset=\"https:\/\/jinhuaceramic.com\/wp-content\/uploads\/2025\/05\/6-Piece-Purple-Ceramic-Bathroom-Set-Wholesale-Custom-Bath-Accessories-2.webp 1600w, https:\/\/jinhuaceramic.com\/wp-content\/uploads\/2025\/05\/6-Piece-Purple-Ceramic-Bathroom-Set-Wholesale-Custom-Bath-Accessories-2-300x300.webp 300w, https:\/\/jinhuaceramic.com\/wp-content\/uploads\/2025\/05\/6-Piece-Purple-Ceramic-Bathroom-Set-Wholesale-Custom-Bath-Accessories-2-150x150.webp 150w, https:\/\/jinhuaceramic.com\/wp-content\/uploads\/2025\/05\/6-Piece-Purple-Ceramic-Bathroom-Set-Wholesale-Custom-Bath-Accessories-2-768x768.webp 768w, https:\/\/jinhuaceramic.com\/wp-content\/uploads\/2025\/05\/6-Piece-Purple-Ceramic-Bathroom-Set-Wholesale-Custom-Bath-Accessories-2-12x12.webp 12w, https:\/\/jinhuaceramic.com\/wp-content\/uploads\/2025\/05\/6-Piece-Purple-Ceramic-Bathroom-Set-Wholesale-Custom-Bath-Accessories-2-285x285.webp 285w, https:\/\/jinhuaceramic.com\/wp-content\/uploads\/2025\/05\/6-Piece-Purple-Ceramic-Bathroom-Set-Wholesale-Custom-Bath-Accessories-2-270x270.webp 270w, https:\/\/jinhuaceramic.com\/wp-content\/uploads\/2025\/05\/6-Piece-Purple-Ceramic-Bathroom-Set-Wholesale-Custom-Bath-Accessories-2-540x540.webp 540w, https:\/\/jinhuaceramic.com\/wp-content\/uploads\/2025\/05\/6-Piece-Purple-Ceramic-Bathroom-Set-Wholesale-Custom-Bath-Accessories-2-660x660.webp 660w\" sizes=\"(max-width: 1600px) 100vw, 1600px\" \/><\/figure>\n<\/div>\n<\/div>","protected":false},"excerpt":{"rendered":"<p>Bienvenido a comprar conjuntos de accesorios de ba\u00f1o al por mayor. Estos juegos de ba\u00f1o de cer\u00e1mica al por mayor est\u00e1n dise\u00f1ados con estilo y pueden a\u00f1adir un ambiente elegante y c\u00e1lido al cuarto de ba\u00f1o. Adem\u00e1s, el material cer\u00e1mico es duradero y f\u00e1cil de limpiar, por lo que resulta muy pr\u00e1ctico.<\/p>","protected":false},"featured_media":9044,"comment_status":"closed","ping_status":"closed","template":"","meta":{"_acf_changed":false},"product_brand":[],"product_cat":[51],"product_tag":[74],"class_list":{"0":"post-9039","1":"product","2":"type-product","3":"status-publish","4":"has-post-thumbnail","6":"product_cat-bathroom-accessories-wholesale","7":"product_tag-ceramic-bath-accessories-wholesale","9":"first","10":"instock","11":"shipping-taxable","12":"product-type-simple"},"acf":[],"_links":{"self":[{"href":"https:\/\/jinhuaceramic.com\/es\/wp-json\/wp\/v2\/product\/9039","targetHints":{"allow":["GET"]}}],"collection":[{"href":"https:\/\/jinhuaceramic.com\/es\/wp-json\/wp\/v2\/product"}],"about":[{"href":"https:\/\/jinhuaceramic.com\/es\/wp-json\/wp\/v2\/types\/product"}],"replies":[{"embeddable":true,"href":"https:\/\/jinhuaceramic.com\/es\/wp-json\/wp\/v2\/comments?post=9039"}],"version-history":[{"count":0,"href":"https:\/\/jinhuaceramic.com\/es\/wp-json\/wp\/v2\/product\/9039\/revisions"}],"wp:featuredmedia":[{"embeddable":true,"href":"https:\/\/jinhuaceramic.com\/es\/wp-json\/wp\/v2\/media\/9044"}],"wp:attachment":[{"href":"https:\/\/jinhuaceramic.com\/es\/wp-json\/wp\/v2\/media?parent=9039"}],"wp:term":[{"taxonomy":"product_brand","embeddable":true,"href":"https:\/\/jinhuaceramic.com\/es\/wp-json\/wp\/v2\/product_brand?post=9039"},{"taxonomy":"product_cat","embeddable":true,"href":"https:\/\/jinhuaceramic.com\/es\/wp-json\/wp\/v2\/product_cat?post=9039"},{"taxonomy":"product_tag","embeddable":true,"href":"https:\/\/jinhuaceramic.com\/es\/wp-json\/wp\/v2\/product_tag?post=9039"}],"curies":[{"name":"wp","href":"https:\/\/api.w.org\/{rel}","templated":true}]}}