{"id":9054,"date":"2025-05-16T07:49:52","date_gmt":"2025-05-16T07:49:52","guid":{"rendered":"https:\/\/jinhuaceramic.com\/?post_type=product&#038;p=9054"},"modified":"2025-05-16T07:49:54","modified_gmt":"2025-05-16T07:49:54","slug":"wholesale-candle-vessel","status":"publish","type":"product","link":"https:\/\/jinhuaceramic.com\/es\/product\/wholesale-candle-vessel\/","title":{"rendered":"Recipiente Vac\u00edo para Velas al por Mayor, Tarros de Cer\u00e1mica Personalizados para Velas"},"content":{"rendered":"<div class=\"wp-block-columns is-layout-flex wp-container-core-columns-is-layout-9d6595d7 wp-block-columns-is-layout-flex\">\n<div class=\"wp-block-column is-layout-flow wp-block-column-is-layout-flow\">\n<h3 class=\"wp-block-heading\">Recipiente para velas al por mayor de primera calidad Caracter\u00edsticas:<\/h3>\n\n\n\n<ul class=\"wp-block-list\">\n<li><strong>Color degradado: <\/strong>Estos recipientes para velas al por mayor presentan un patr\u00f3n de color degradado, que pasa gradualmente del verde claro hacia la parte superior al verde oscuro hacia la parte inferior. La transici\u00f3n de color es natural y llena de capas, lo que permite a la gente sentirse natural y fresca.<\/li>\n\n\n\n<li><strong>Forma \u00fanica:<\/strong> Estos tarros de cer\u00e1mica personalizados para velas tienen formas sencillas pero innovadoras. Son cil\u00edndricos con una cintura central estrechada y un patr\u00f3n circular de textura que se asemeja a nudos de bamb\u00fa en el exterior, lo que aporta textura adem\u00e1s de fomentar la singularidad.<\/li>\n\n\n\n<li><strong>Durabilidad:<\/strong> Estos recipientes para velas al por mayor tienen una gran estabilidad t\u00e9rmica que permanece inalterada por el calor de las velas y son resistentes al agrietamiento e indeformables para un uso seguro.<\/li>\n\n\n\n<li><strong>Varios colores: <\/strong>Estos tarros de cer\u00e1mica personalizados para velas est\u00e1n disponibles en dos colores, marr\u00f3n y verde. Los clientes pueden elegir seg\u00fan sus requisitos y preferencias de dise\u00f1o de interiores. Tambi\u00e9n podemos modificar otros colores en funci\u00f3n de las demandas de los clientes como fabricantes.<\/li>\n<\/ul>\n<\/div>\n\n\n\n<div class=\"wp-block-column is-layout-flow wp-block-column-is-layout-flow\">\n<figure class=\"wp-block-image size-full\"><img fetchpriority=\"high\" decoding=\"async\" width=\"800\" height=\"800\" src=\"https:\/\/jinhuaceramic.com\/wp-content\/uploads\/2025\/05\/Custom-Empty-Candle-Vessel-Wholesale-Ceramic-Candle-Jar-for-Candle-Making.webp\" alt=\"Vaso Vac\u00edo para Velas al por Mayor, Tarros de Cer\u00e1mica Personalizados para Velas-4\" class=\"wp-image-9058\" srcset=\"https:\/\/jinhuaceramic.com\/wp-content\/uploads\/2025\/05\/Custom-Empty-Candle-Vessel-Wholesale-Ceramic-Candle-Jar-for-Candle-Making.webp 800w, https:\/\/jinhuaceramic.com\/wp-content\/uploads\/2025\/05\/Custom-Empty-Candle-Vessel-Wholesale-Ceramic-Candle-Jar-for-Candle-Making-300x300.webp 300w, https:\/\/jinhuaceramic.com\/wp-content\/uploads\/2025\/05\/Custom-Empty-Candle-Vessel-Wholesale-Ceramic-Candle-Jar-for-Candle-Making-150x150.webp 150w, https:\/\/jinhuaceramic.com\/wp-content\/uploads\/2025\/05\/Custom-Empty-Candle-Vessel-Wholesale-Ceramic-Candle-Jar-for-Candle-Making-768x768.webp 768w, https:\/\/jinhuaceramic.com\/wp-content\/uploads\/2025\/05\/Custom-Empty-Candle-Vessel-Wholesale-Ceramic-Candle-Jar-for-Candle-Making-12x12.webp 12w, https:\/\/jinhuaceramic.com\/wp-content\/uploads\/2025\/05\/Custom-Empty-Candle-Vessel-Wholesale-Ceramic-Candle-Jar-for-Candle-Making-285x285.webp 285w, https:\/\/jinhuaceramic.com\/wp-content\/uploads\/2025\/05\/Custom-Empty-Candle-Vessel-Wholesale-Ceramic-Candle-Jar-for-Candle-Making-270x270.webp 270w, https:\/\/jinhuaceramic.com\/wp-content\/uploads\/2025\/05\/Custom-Empty-Candle-Vessel-Wholesale-Ceramic-Candle-Jar-for-Candle-Making-540x540.webp 540w, https:\/\/jinhuaceramic.com\/wp-content\/uploads\/2025\/05\/Custom-Empty-Candle-Vessel-Wholesale-Ceramic-Candle-Jar-for-Candle-Making-660x660.webp 660w\" sizes=\"(max-width: 800px) 100vw, 800px\" \/><\/figure>\n<\/div>\n<\/div>","protected":false},"excerpt":{"rendered":"<p>Bienvenido a comprar tarros de cer\u00e1mica personalizados para velas. Estos recipientes para velas al por mayor est\u00e1n fabricados con materiales de textura de alta calidad, duraderos y respetuosos con el medio ambiente. Sus l\u00edneas elegantes y su dise\u00f1o minimalista no s\u00f3lo los convierten en tarros de velas funcionales, sino tambi\u00e9n en adornos, que crean una sensaci\u00f3n de sofisticaci\u00f3n y calidez en el ambiente interior.<\/p>","protected":false},"featured_media":9056,"comment_status":"closed","ping_status":"closed","template":"","meta":{"_acf_changed":false},"product_brand":[],"product_cat":[52],"product_tag":[66],"class_list":{"0":"post-9054","1":"product","2":"type-product","3":"status-publish","4":"has-post-thumbnail","6":"product_cat-wholesale-candle-containers","7":"product_tag-candle-jars-wholesale","9":"first","10":"instock","11":"shipping-taxable","12":"product-type-simple"},"acf":[],"_links":{"self":[{"href":"https:\/\/jinhuaceramic.com\/es\/wp-json\/wp\/v2\/product\/9054","targetHints":{"allow":["GET"]}}],"collection":[{"href":"https:\/\/jinhuaceramic.com\/es\/wp-json\/wp\/v2\/product"}],"about":[{"href":"https:\/\/jinhuaceramic.com\/es\/wp-json\/wp\/v2\/types\/product"}],"replies":[{"embeddable":true,"href":"https:\/\/jinhuaceramic.com\/es\/wp-json\/wp\/v2\/comments?post=9054"}],"version-history":[{"count":0,"href":"https:\/\/jinhuaceramic.com\/es\/wp-json\/wp\/v2\/product\/9054\/revisions"}],"wp:featuredmedia":[{"embeddable":true,"href":"https:\/\/jinhuaceramic.com\/es\/wp-json\/wp\/v2\/media\/9056"}],"wp:attachment":[{"href":"https:\/\/jinhuaceramic.com\/es\/wp-json\/wp\/v2\/media?parent=9054"}],"wp:term":[{"taxonomy":"product_brand","embeddable":true,"href":"https:\/\/jinhuaceramic.com\/es\/wp-json\/wp\/v2\/product_brand?post=9054"},{"taxonomy":"product_cat","embeddable":true,"href":"https:\/\/jinhuaceramic.com\/es\/wp-json\/wp\/v2\/product_cat?post=9054"},{"taxonomy":"product_tag","embeddable":true,"href":"https:\/\/jinhuaceramic.com\/es\/wp-json\/wp\/v2\/product_tag?post=9054"}],"curies":[{"name":"wp","href":"https:\/\/api.w.org\/{rel}","templated":true}]}}