{"id":9061,"date":"2025-05-16T07:42:09","date_gmt":"2025-05-16T07:42:09","guid":{"rendered":"https:\/\/jinhuaceramic.com\/?post_type=product&#038;p=9061"},"modified":"2025-09-22T08:25:53","modified_gmt":"2025-09-22T08:25:53","slug":"wholesale-essential-oil-diffusers","status":"publish","type":"product","link":"https:\/\/jinhuaceramic.com\/es\/product\/wholesale-essential-oil-diffusers\/","title":{"rendered":"Mayorista Difusores de Aceites Esenciales, Difusor de Esencias de Cer\u00e1mica a Granel"},"content":{"rendered":"<div class=\"wp-block-columns is-layout-flex wp-container-core-columns-is-layout-9d6595d7 wp-block-columns-is-layout-flex\">\n<div class=\"wp-block-column is-layout-flow wp-block-column-is-layout-flow\">\n<h3 class=\"wp-block-heading\">Premium al por mayor difusores de aceite esencial Caracter\u00edsticas:<\/h3>\n\n\n\n<ul class=\"wp-block-list\">\n<li><strong>Cer\u00e1mica artesanal de calidad:<\/strong> Nuestros difusores de aceites esenciales al por mayor cuentan con cer\u00e1mica de la m\u00e1s alta calidad, que garantiza la longevidad del producto al calor y le da un acabado sedoso, como un espejo, para combinar con cualquier decoraci\u00f3n.Adem\u00e1s, las velas se colocan en la parte inferior del recipiente, asegurando que la llama no quede expuesta, lo que reduce el riesgo de incendio.<\/li>\n\n\n\n<li><strong>F\u00e1cil de usar y limpiar: <\/strong>El peque\u00f1o tama\u00f1o del calentador de cera de cer\u00e1mica al por mayor hace que sea f\u00e1cil colocar cera fundida o una vela en su interior, mientras que el material cer\u00e1mico hace que la limpieza despu\u00e9s de su uso sea sencilla.<\/li>\n\n\n\n<li><strong>Varios colores: <\/strong>Estos difusores de aceites esenciales al por mayor est\u00e1n disponibles en varios colores, como blanco puro, negro puro, lunares verdes y negros, lunares blancos y negros, y lunares de colores y blanco. Tienen un dise\u00f1o moderno y elegante y se pueden utilizar para adaptarse a diversos dise\u00f1os de decoraci\u00f3n del hogar.<\/li>\n\n\n\n<li><strong>Estructura pr\u00e1ctica:<\/strong> Estos difusores de aromas de cer\u00e1mica a granel constan de tres partes. La parte superior es un recipiente en forma de cuenco para fragancias de aceites esenciales, mientras que la inferior presenta una cavidad redonda y una peque\u00f1a bandeja en forma de cuchara con asa para colocar velas candelitas.<\/li>\n\n\n\n<li><strong>Expansi\u00f3n suave de la fragancia:<\/strong> Estos difusores de aceites esenciales al por mayor son muy f\u00e1ciles de usar. Basta con verter el aceite esencial en el recipiente superior y encender la vela candelita situada debajo. El calor de la vela vaporizar\u00e1 el aceite esencial y lo expandir\u00e1, dispersando el aroma lentamente y creando un ambiente relajante.<\/li>\n<\/ul>\n<\/div>\n\n\n\n<div class=\"wp-block-column is-layout-flow wp-block-column-is-layout-flow\">\n<figure class=\"wp-block-image size-full\"><img fetchpriority=\"high\" decoding=\"async\" width=\"800\" height=\"800\" src=\"https:\/\/jinhuaceramic.com\/wp-content\/uploads\/2025\/05\/Ceramic-Essential-Oil-Burner-with-Tealight-Candle-Holder-for-Home-Decor-8.webp\" alt=\"Mayorista Difusores de Aceites Esenciales, Difusor de Cer\u00e1mica Bulk-1\" class=\"wp-image-9068\" srcset=\"https:\/\/jinhuaceramic.com\/wp-content\/uploads\/2025\/05\/Ceramic-Essential-Oil-Burner-with-Tealight-Candle-Holder-for-Home-Decor-8.webp 800w, https:\/\/jinhuaceramic.com\/wp-content\/uploads\/2025\/05\/Ceramic-Essential-Oil-Burner-with-Tealight-Candle-Holder-for-Home-Decor-8-300x300.webp 300w, https:\/\/jinhuaceramic.com\/wp-content\/uploads\/2025\/05\/Ceramic-Essential-Oil-Burner-with-Tealight-Candle-Holder-for-Home-Decor-8-150x150.webp 150w, https:\/\/jinhuaceramic.com\/wp-content\/uploads\/2025\/05\/Ceramic-Essential-Oil-Burner-with-Tealight-Candle-Holder-for-Home-Decor-8-768x768.webp 768w, https:\/\/jinhuaceramic.com\/wp-content\/uploads\/2025\/05\/Ceramic-Essential-Oil-Burner-with-Tealight-Candle-Holder-for-Home-Decor-8-12x12.webp 12w, https:\/\/jinhuaceramic.com\/wp-content\/uploads\/2025\/05\/Ceramic-Essential-Oil-Burner-with-Tealight-Candle-Holder-for-Home-Decor-8-285x285.webp 285w, https:\/\/jinhuaceramic.com\/wp-content\/uploads\/2025\/05\/Ceramic-Essential-Oil-Burner-with-Tealight-Candle-Holder-for-Home-Decor-8-270x270.webp 270w, https:\/\/jinhuaceramic.com\/wp-content\/uploads\/2025\/05\/Ceramic-Essential-Oil-Burner-with-Tealight-Candle-Holder-for-Home-Decor-8-540x540.webp 540w, https:\/\/jinhuaceramic.com\/wp-content\/uploads\/2025\/05\/Ceramic-Essential-Oil-Burner-with-Tealight-Candle-Holder-for-Home-Decor-8-660x660.webp 660w\" sizes=\"(max-width: 800px) 100vw, 800px\" \/><\/figure>\n<\/div>\n<\/div>","protected":false},"excerpt":{"rendered":"<p>Bienvenido a comprar difusores de aromas de cer\u00e1mica al por mayor. Estos difusores de aceite esencial al por mayor tienen dise\u00f1os convenientes, seguros y f\u00e1ciles de usar. Son exquisitos a la vez que pr\u00e1cticos, y pueden ser peque\u00f1as decoraciones caseras para hacer que su habitaci\u00f3n sea c\u00e1lida e \u00edntima para relajarse y liberar el estr\u00e9s.<\/p>","protected":false},"featured_media":9066,"comment_status":"closed","ping_status":"closed","template":"","meta":{"_acf_changed":false},"product_brand":[],"product_cat":[52],"product_tag":[79],"class_list":{"0":"post-9061","1":"product","2":"type-product","3":"status-publish","4":"has-post-thumbnail","6":"product_cat-wholesale-candle-containers","7":"product_tag-tea-light-candle-holders-bulk","9":"first","10":"instock","11":"shipping-taxable","12":"product-type-simple"},"acf":[],"_links":{"self":[{"href":"https:\/\/jinhuaceramic.com\/es\/wp-json\/wp\/v2\/product\/9061","targetHints":{"allow":["GET"]}}],"collection":[{"href":"https:\/\/jinhuaceramic.com\/es\/wp-json\/wp\/v2\/product"}],"about":[{"href":"https:\/\/jinhuaceramic.com\/es\/wp-json\/wp\/v2\/types\/product"}],"replies":[{"embeddable":true,"href":"https:\/\/jinhuaceramic.com\/es\/wp-json\/wp\/v2\/comments?post=9061"}],"version-history":[{"count":0,"href":"https:\/\/jinhuaceramic.com\/es\/wp-json\/wp\/v2\/product\/9061\/revisions"}],"wp:featuredmedia":[{"embeddable":true,"href":"https:\/\/jinhuaceramic.com\/es\/wp-json\/wp\/v2\/media\/9066"}],"wp:attachment":[{"href":"https:\/\/jinhuaceramic.com\/es\/wp-json\/wp\/v2\/media?parent=9061"}],"wp:term":[{"taxonomy":"product_brand","embeddable":true,"href":"https:\/\/jinhuaceramic.com\/es\/wp-json\/wp\/v2\/product_brand?post=9061"},{"taxonomy":"product_cat","embeddable":true,"href":"https:\/\/jinhuaceramic.com\/es\/wp-json\/wp\/v2\/product_cat?post=9061"},{"taxonomy":"product_tag","embeddable":true,"href":"https:\/\/jinhuaceramic.com\/es\/wp-json\/wp\/v2\/product_tag?post=9061"}],"curies":[{"name":"wp","href":"https:\/\/api.w.org\/{rel}","templated":true}]}}