{"id":9073,"date":"2025-05-16T07:20:13","date_gmt":"2025-05-16T07:20:13","guid":{"rendered":"https:\/\/jinhuaceramic.com\/?post_type=product&#038;p=9073"},"modified":"2025-05-16T07:20:15","modified_gmt":"2025-05-16T07:20:15","slug":"bulk-casserole-dishes","status":"publish","type":"product","link":"https:\/\/jinhuaceramic.com\/es\/product\/bulk-casserole-dishes\/","title":{"rendered":"Cazuelas de colores a granel, Cazuelas peque\u00f1as al por mayor"},"content":{"rendered":"<div class=\"wp-block-columns is-layout-flex wp-container-core-columns-is-layout-9d6595d7 wp-block-columns-is-layout-flex\">\n<div class=\"wp-block-column is-layout-flow wp-block-column-is-layout-flow\">\n<h3 class=\"wp-block-heading\">Platos de cacerola a granel de primera calidad Caracter\u00edsticas:<\/h3>\n\n\n\n<ul class=\"wp-block-list\">\n<li><strong>Varios colores:<\/strong> Estas cazuelas a granel se fabrican en varios colores, como azul, blanco, verde, amarillo, rojo, naranja, etc., y pueden adaptarse a diferentes gustos de dise\u00f1o y aportar color y vivacidad a la cocina y la mesa de comedor.<\/li>\n\n\n\n<li><strong>Material de alta calidad:<\/strong> Estas peque\u00f1as cacerolas de cer\u00e1mica al por mayor son de conducci\u00f3n uniforme, y esto va a calentar y hornear los alimentos de manera uniforme sin riesgo de sobrecocci\u00f3n local o la conducci\u00f3n de cocci\u00f3n irregular. El material cer\u00e1mico es no t\u00f3xico y seguro y no reacciona f\u00e1cilmente con los productos qu\u00edmicos de los alimentos y es seguro para el consumo.<\/li>\n\n\n\n<li><strong>Gran sentido pr\u00e1ctico:<\/strong> Estas cazuelas a granel se fabrican con dos asas para garantizar un agarre c\u00f3modo y evitar quemaduras al cogerlas. Estas cazuelas peque\u00f1as est\u00e1n dise\u00f1adas para tener un tama\u00f1o compacto, perfecto para hornear aperitivos individuales, guarniciones o cocinar postres como flanes de huevo y pasteles peque\u00f1os.<\/li>\n\n\n\n<li><strong>Escenarios de aplicaci\u00f3n: <\/strong>Estas cazuelitas de cer\u00e1mica al por mayor son a la vez decorativas y pr\u00e1cticas, y pueden utilizarse para la reposter\u00eda casera diaria y para cocinar peque\u00f1os platos especiales en restaurantes. Tambi\u00e9n pueden utilizarse como vajilla avanzada para servir comida durante banquetes y reuniones.<\/li>\n<\/ul>\n<\/div>\n\n\n\n<div class=\"wp-block-column is-layout-flow wp-block-column-is-layout-flow\">\n<figure class=\"wp-block-image size-full\"><img fetchpriority=\"high\" decoding=\"async\" width=\"1001\" height=\"1001\" src=\"https:\/\/jinhuaceramic.com\/wp-content\/uploads\/2025\/05\/Small-Casserole-Baking-Dish-With-Various-Colors-Wholesale-Bakeware-5.webp\" alt=\"Cacerolas a Granel de Colores, Cacerolas Peque\u00f1as al por Mayor-1\" class=\"wp-image-9077\" srcset=\"https:\/\/jinhuaceramic.com\/wp-content\/uploads\/2025\/05\/Small-Casserole-Baking-Dish-With-Various-Colors-Wholesale-Bakeware-5.webp 1001w, https:\/\/jinhuaceramic.com\/wp-content\/uploads\/2025\/05\/Small-Casserole-Baking-Dish-With-Various-Colors-Wholesale-Bakeware-5-300x300.webp 300w, https:\/\/jinhuaceramic.com\/wp-content\/uploads\/2025\/05\/Small-Casserole-Baking-Dish-With-Various-Colors-Wholesale-Bakeware-5-150x150.webp 150w, https:\/\/jinhuaceramic.com\/wp-content\/uploads\/2025\/05\/Small-Casserole-Baking-Dish-With-Various-Colors-Wholesale-Bakeware-5-768x768.webp 768w, https:\/\/jinhuaceramic.com\/wp-content\/uploads\/2025\/05\/Small-Casserole-Baking-Dish-With-Various-Colors-Wholesale-Bakeware-5-12x12.webp 12w, https:\/\/jinhuaceramic.com\/wp-content\/uploads\/2025\/05\/Small-Casserole-Baking-Dish-With-Various-Colors-Wholesale-Bakeware-5-285x285.webp 285w, https:\/\/jinhuaceramic.com\/wp-content\/uploads\/2025\/05\/Small-Casserole-Baking-Dish-With-Various-Colors-Wholesale-Bakeware-5-270x270.webp 270w, https:\/\/jinhuaceramic.com\/wp-content\/uploads\/2025\/05\/Small-Casserole-Baking-Dish-With-Various-Colors-Wholesale-Bakeware-5-540x540.webp 540w, https:\/\/jinhuaceramic.com\/wp-content\/uploads\/2025\/05\/Small-Casserole-Baking-Dish-With-Various-Colors-Wholesale-Bakeware-5-660x660.webp 660w\" sizes=\"(max-width: 1001px) 100vw, 1001px\" \/><\/figure>\n<\/div>\n<\/div>","protected":false},"excerpt":{"rendered":"<p>Bienvenido a comprar cazuelitas al por mayor. Estas peque\u00f1as cacerolas al por mayor tienen un dise\u00f1o sencillo y elegante, ampliamente variedades de colores que pueden a\u00f1adir algunos colores a la cocina. Adem\u00e1s, material cer\u00e1mico de primera calidad, f\u00e1cil dise\u00f1o de doble o\u00eddo, y el tama\u00f1o moderado los hacen indispensables utensilios de cocina en la cocina.<\/p>","protected":false},"featured_media":9075,"comment_status":"closed","ping_status":"closed","template":"","meta":{"_acf_changed":false},"product_brand":[],"product_cat":[53],"product_tag":[69],"class_list":{"0":"post-9073","1":"product","2":"type-product","3":"status-publish","4":"has-post-thumbnail","6":"product_cat-bakeware-in-bulk","7":"product_tag-bulk-ramekins","9":"first","10":"instock","11":"shipping-taxable","12":"product-type-simple"},"acf":[],"_links":{"self":[{"href":"https:\/\/jinhuaceramic.com\/es\/wp-json\/wp\/v2\/product\/9073","targetHints":{"allow":["GET"]}}],"collection":[{"href":"https:\/\/jinhuaceramic.com\/es\/wp-json\/wp\/v2\/product"}],"about":[{"href":"https:\/\/jinhuaceramic.com\/es\/wp-json\/wp\/v2\/types\/product"}],"replies":[{"embeddable":true,"href":"https:\/\/jinhuaceramic.com\/es\/wp-json\/wp\/v2\/comments?post=9073"}],"version-history":[{"count":0,"href":"https:\/\/jinhuaceramic.com\/es\/wp-json\/wp\/v2\/product\/9073\/revisions"}],"wp:featuredmedia":[{"embeddable":true,"href":"https:\/\/jinhuaceramic.com\/es\/wp-json\/wp\/v2\/media\/9075"}],"wp:attachment":[{"href":"https:\/\/jinhuaceramic.com\/es\/wp-json\/wp\/v2\/media?parent=9073"}],"wp:term":[{"taxonomy":"product_brand","embeddable":true,"href":"https:\/\/jinhuaceramic.com\/es\/wp-json\/wp\/v2\/product_brand?post=9073"},{"taxonomy":"product_cat","embeddable":true,"href":"https:\/\/jinhuaceramic.com\/es\/wp-json\/wp\/v2\/product_cat?post=9073"},{"taxonomy":"product_tag","embeddable":true,"href":"https:\/\/jinhuaceramic.com\/es\/wp-json\/wp\/v2\/product_tag?post=9073"}],"curies":[{"name":"wp","href":"https:\/\/api.w.org\/{rel}","templated":true}]}}