{"id":9098,"date":"2025-05-22T03:32:55","date_gmt":"2025-05-22T03:32:55","guid":{"rendered":"https:\/\/jinhuaceramic.com\/?post_type=product&#038;p=9098"},"modified":"2025-05-22T03:32:57","modified_gmt":"2025-05-22T03:32:57","slug":"white-bathroom-set-wholesale","status":"publish","type":"product","link":"https:\/\/jinhuaceramic.com\/es\/product\/white-bathroom-set-wholesale\/","title":{"rendered":"Juego De Ba\u00f1o Blanco Al Por Mayor, Accesorios De Ba\u00f1o De Cer\u00e1mica"},"content":{"rendered":"<div class=\"wp-block-columns is-layout-flex wp-container-core-columns-is-layout-9d6595d7 wp-block-columns-is-layout-flex\">\n<div class=\"wp-block-column is-layout-flow wp-block-column-is-layout-flow\">\n<h3 class=\"wp-block-heading\">Premium Blanco Set de Ba\u00f1o al por mayor Caracter\u00edsticas:<\/h3>\n\n\n\n<ul class=\"wp-block-list\">\n<li><strong>Dise\u00f1o moderno: <\/strong>Nuestro ba\u00f1o blanco al por mayor tiene una forma cuadrada contempor\u00e1nea con una parte superior ancha y una inferior estrecha. El blanco es puro y adaptable; combina bien con varias ideas de dise\u00f1o de ba\u00f1os, por lo que mejora la belleza general del ba\u00f1o y fomenta un ambiente relajado y agradable.<\/li>\n\n\n\n<li><strong>Material duradero: <\/strong>Estos accesorios de ba\u00f1o de cer\u00e1mica de primera calidad a granel no se corroen f\u00e1cilmente con los productos de aseo del cuarto de ba\u00f1o, tienen una gran dureza, resistencia al desgaste, resistencia a la corrosi\u00f3n y una larga vida \u00fatil.<\/li>\n\n\n\n<li><strong>Juego completo: <\/strong>Este juego de ba\u00f1o blanco al por mayor incluye jaboneras, vasos para enjuague bucal, portacepillos de dientes y dosificadores de jab\u00f3n. Para garantizar la higiene, el portacepillos de dientes dispone de divisiones capaces de alojar varios cepillos de dientes a la vez. El dispensador de jab\u00f3n se presiona f\u00e1cilmente y ofrece un l\u00edquido consistente.<\/li>\n\n\n\n<li><strong>Versatilidad:<\/strong> Estos accesorios de ba\u00f1o de cer\u00e1mica a granel no s\u00f3lo son adecuados para hogares, sino tambi\u00e9n para entornos empresariales como hoteles y apartamentos de todo el mundo. Al mismo tiempo, son regalos ideales para nuevos hogares o bodas.<\/li>\n<\/ul>\n<\/div>\n\n\n\n<div class=\"wp-block-column is-layout-flow wp-block-column-is-layout-flow\">\n<figure class=\"wp-block-image size-full\"><img fetchpriority=\"high\" decoding=\"async\" width=\"1430\" height=\"1334\" src=\"https:\/\/jinhuaceramic.com\/wp-content\/uploads\/2025\/05\/Modern-White-Bathroom-Set-Wholesale-Custom-Bath-Accessories-Supplies-2.webp\" alt=\"Juego De Ba\u00f1o Blanco Moderno Al Por Mayor, Accesorio De Ba\u00f1o De Cer\u00e1mica-6\" class=\"wp-image-9099\" srcset=\"https:\/\/jinhuaceramic.com\/wp-content\/uploads\/2025\/05\/Modern-White-Bathroom-Set-Wholesale-Custom-Bath-Accessories-Supplies-2.webp 1430w, https:\/\/jinhuaceramic.com\/wp-content\/uploads\/2025\/05\/Modern-White-Bathroom-Set-Wholesale-Custom-Bath-Accessories-Supplies-2-300x280.webp 300w, https:\/\/jinhuaceramic.com\/wp-content\/uploads\/2025\/05\/Modern-White-Bathroom-Set-Wholesale-Custom-Bath-Accessories-Supplies-2-768x716.webp 768w, https:\/\/jinhuaceramic.com\/wp-content\/uploads\/2025\/05\/Modern-White-Bathroom-Set-Wholesale-Custom-Bath-Accessories-Supplies-2-13x12.webp 13w, https:\/\/jinhuaceramic.com\/wp-content\/uploads\/2025\/05\/Modern-White-Bathroom-Set-Wholesale-Custom-Bath-Accessories-Supplies-2-285x266.webp 285w, https:\/\/jinhuaceramic.com\/wp-content\/uploads\/2025\/05\/Modern-White-Bathroom-Set-Wholesale-Custom-Bath-Accessories-Supplies-2-660x616.webp 660w, https:\/\/jinhuaceramic.com\/wp-content\/uploads\/2025\/05\/Modern-White-Bathroom-Set-Wholesale-Custom-Bath-Accessories-Supplies-2-150x140.webp 150w\" sizes=\"(max-width: 1430px) 100vw, 1430px\" \/><\/figure>\n<\/div>\n<\/div>","protected":false},"excerpt":{"rendered":"<p>Bienvenido a comprar accesorios de ba\u00f1o de cer\u00e1mica al por mayor. Este conjunto de ba\u00f1o blanco al por mayor es completo con accesorios y totalmente funcional, que puede mantener el cuarto de ba\u00f1o en buen orden. El vers\u00e1til color blanco y el dise\u00f1o moderno hacen que estos conjuntos de ba\u00f1o no s\u00f3lo sean pr\u00e1cticos utensilios de ba\u00f1o, sino tambi\u00e9n decoraciones para el hogar que crean un ambiente limpio y confortable.<\/p>","protected":false},"featured_media":9103,"comment_status":"closed","ping_status":"closed","template":"","meta":{"_acf_changed":false},"product_brand":[],"product_cat":[51],"product_tag":[74],"class_list":{"0":"post-9098","1":"product","2":"type-product","3":"status-publish","4":"has-post-thumbnail","6":"product_cat-bathroom-accessories-wholesale","7":"product_tag-ceramic-bath-accessories-wholesale","9":"first","10":"instock","11":"shipping-taxable","12":"product-type-simple"},"acf":[],"_links":{"self":[{"href":"https:\/\/jinhuaceramic.com\/es\/wp-json\/wp\/v2\/product\/9098","targetHints":{"allow":["GET"]}}],"collection":[{"href":"https:\/\/jinhuaceramic.com\/es\/wp-json\/wp\/v2\/product"}],"about":[{"href":"https:\/\/jinhuaceramic.com\/es\/wp-json\/wp\/v2\/types\/product"}],"replies":[{"embeddable":true,"href":"https:\/\/jinhuaceramic.com\/es\/wp-json\/wp\/v2\/comments?post=9098"}],"version-history":[{"count":0,"href":"https:\/\/jinhuaceramic.com\/es\/wp-json\/wp\/v2\/product\/9098\/revisions"}],"wp:featuredmedia":[{"embeddable":true,"href":"https:\/\/jinhuaceramic.com\/es\/wp-json\/wp\/v2\/media\/9103"}],"wp:attachment":[{"href":"https:\/\/jinhuaceramic.com\/es\/wp-json\/wp\/v2\/media?parent=9098"}],"wp:term":[{"taxonomy":"product_brand","embeddable":true,"href":"https:\/\/jinhuaceramic.com\/es\/wp-json\/wp\/v2\/product_brand?post=9098"},{"taxonomy":"product_cat","embeddable":true,"href":"https:\/\/jinhuaceramic.com\/es\/wp-json\/wp\/v2\/product_cat?post=9098"},{"taxonomy":"product_tag","embeddable":true,"href":"https:\/\/jinhuaceramic.com\/es\/wp-json\/wp\/v2\/product_tag?post=9098"}],"curies":[{"name":"wp","href":"https:\/\/api.w.org\/{rel}","templated":true}]}}